{"id":35936,"date":"2025-02-21T16:24:47","date_gmt":"2025-02-21T16:24:47","guid":{"rendered":"https:\/\/chilimag.hu\/webshop\/?post_type=product&#038;p=35936"},"modified":"2026-02-07T16:57:43","modified_gmt":"2026-02-07T16:57:43","slug":"retek-white-turnip-accord-florian-bg","status":"publish","type":"product","link":"https:\/\/chilimag.hu\/webshop\/termek\/retek-white-turnip-accord-florian-bg\/","title":{"rendered":"Retek White turnip T\u00e9li  Accord Florian Bg"},"content":{"rendered":"","protected":false},"excerpt":{"rendered":"<p><img decoding=\"async\" src=\"https:\/\/c.cdnmp.net\/592978066\/brands\/1000002_logo.png\" alt=\"Florian\" \/><\/p>\n<p>Le\u00edr\u00e1s<\/p>\n<p>A White Winter retek rendk\u00edv\u00fcl korai fajt\u00e1ja, \u00edz\u00e9ben \u00e9s \u00e1llag\u00e1ban nagyon hasonl\u00edt a Daykonhoz, de kerek form\u00e1j\u00fa. Gy\u00f6kere feh\u00e9r, a fels\u0151 r\u00e9szen nagyon kev\u00e9s vil\u00e1gosz\u00f6ld. Friss fogyaszt\u00e1sra, tart\u00f3s\u00edt\u00e1sra \u00e9s fagyaszt\u00e1sra alkalmas.<\/p>\n<p>A magvakat j\u00falius 15-t\u0151l augusztus 15-ig vetik el.<\/p>\n<p>Magok mennyis\u00e9ge tasakonk\u00e9nt: 5 gramm 500-600 mag<\/p>\n<p>M\u0171szaki adatok:<\/p>\n<p>M\u00e9lys\u00e9ge 2-2,5 cm<br \/>\nJ\u00falius 15-t\u0151l augusztus 15-ig vetik<br \/>\nVet\u00e9si ar\u00e1ny 500-800 gramm\/hekt\u00e1r<br \/>\nA vet\u0151magtermeszt\u00e9s fajt\u00e1i<br \/>\n\u00c1ltal\u00e1noss\u00e1gok:<\/p>\n<p>Tartalom 100-120 mag\/gramm<br \/>\nS\u00falya 5 gramm<br \/>\n\u00dcltet\u00e9s j\u00falius-augusztus<br \/>\nSz\u00fcret szeptember-okt\u00f3ber<br \/>\nVeget\u00e1ci\u00f3ja 55-65 nap<\/p>\n<p>&nbsp;<\/p>\n","protected":false},"featured_media":35940,"comment_status":"closed","ping_status":"closed","template":"","meta":[],"product_brand":[],"product_cat":[382],"product_tag":[],"class_list":{"0":"post-35936","1":"product","2":"type-product","3":"status-publish","4":"has-post-thumbnail","6":"product_cat-salata-es-retek-vetomagok","8":"first","9":"instock","10":"taxable","11":"shipping-taxable","12":"purchasable","13":"product-type-simple"},"_links":{"self":[{"href":"https:\/\/chilimag.hu\/webshop\/wp-json\/wp\/v2\/product\/35936","targetHints":{"allow":["GET"]}}],"collection":[{"href":"https:\/\/chilimag.hu\/webshop\/wp-json\/wp\/v2\/product"}],"about":[{"href":"https:\/\/chilimag.hu\/webshop\/wp-json\/wp\/v2\/types\/product"}],"replies":[{"embeddable":true,"href":"https:\/\/chilimag.hu\/webshop\/wp-json\/wp\/v2\/comments?post=35936"}],"wp:featuredmedia":[{"embeddable":true,"href":"https:\/\/chilimag.hu\/webshop\/wp-json\/wp\/v2\/media\/35940"}],"wp:attachment":[{"href":"https:\/\/chilimag.hu\/webshop\/wp-json\/wp\/v2\/media?parent=35936"}],"wp:term":[{"taxonomy":"product_brand","embeddable":true,"href":"https:\/\/chilimag.hu\/webshop\/wp-json\/wp\/v2\/product_brand?post=35936"},{"taxonomy":"product_cat","embeddable":true,"href":"https:\/\/chilimag.hu\/webshop\/wp-json\/wp\/v2\/product_cat?post=35936"},{"taxonomy":"product_tag","embeddable":true,"href":"https:\/\/chilimag.hu\/webshop\/wp-json\/wp\/v2\/product_tag?post=35936"}],"curies":[{"name":"wp","href":"https:\/\/api.w.org\/{rel}","templated":true}]}}