{"id":35935,"date":"2025-02-21T16:22:23","date_gmt":"2025-02-21T16:22:23","guid":{"rendered":"https:\/\/chilimag.hu\/webshop\/?post_type=product&#038;p=35935"},"modified":"2025-12-07T15:39:48","modified_gmt":"2025-12-07T15:39:48","slug":"hegyi-pereszleny-florian-bg","status":"publish","type":"product","link":"https:\/\/chilimag.hu\/webshop\/termek\/hegyi-pereszleny-florian-bg\/","title":{"rendered":"Hegyi pereszl\u00e9ny Florian Bg"},"content":{"rendered":"","protected":false},"excerpt":{"rendered":"<p><img decoding=\"async\" src=\"https:\/\/c.cdnmp.net\/592978066\/brands\/1000002_logo.png\" alt=\"Florian\" \/><\/p>\n<p>Le\u00edr\u00e1s<\/p>\n<p>T\u00e9li kakukkf\u0171 &#8211; Satureja montana-Hegyi pereszl\u00e9ny<br \/>\nHideg- \u00e9s t\u00e9l\u00e1ll\u00f3 fajta, er\u0151s arom\u00e1j\u00fa \u00e9s er\u0151teljes n\u00f6veked\u00e9s\u0171.<br \/>\nEz a fajta a k\u00f6z\u00f6ns\u00e9ges kakukkf\u0171 alternat\u00edv\u00e1ja, \u00e9s sokkal k\u00f6nnyebben gondozhat\u00f3.<br \/>\nEz a szer\u00e9ny n\u00f6v\u00e9ny bolyhos p\u00e1rnak\u00e9nt n\u0151 a kertekben, cserepekben, az erk\u00e9lyen vagy dekorat\u00edv ed\u00e9nyekben.<br \/>\n20-30 cm magas.<br \/>\nHaszn\u00e1lj\u00e1k parkokban, kertekben, sziklakertekben \u00e9s k\u00fasz\u00f3n\u00f6v\u00e9nyekben, meszes, lecsapolt, sz\u00e1raz \u00e9s rossz talajban.<br \/>\nNy\u00e1r elej\u00e9n feh\u00e9r vir\u00e1gaik miatt k\u00fcl\u00f6nleges megjelen\u00e9s\u0171ek.<br \/>\n\u00dcltet\u00e9s: m\u00e1rcius-m\u00e1jus<br \/>\nCs\u00edr\u00e1z\u00e1s: 10-15 nap<br \/>\nCs\u00edr\u00e1z\u00e1si h\u0151m\u00e9rs\u00e9klet: 16-20 C fok<br \/>\nMagvakkal vagy a bokor feloszt\u00e1s\u00e1val szaporodik.<br \/>\nS\u00f6t\u00e9tz\u00f6ld levelei borsos \u00edz\u0171ek, p\u00f6rk\u00f6ltekhez, grillezett vagy s\u00fclt \u00e9telekhez a paprika helyettes\u00edt\u0151jek\u00e9nt haszn\u00e1lhat\u00f3.<br \/>\nF\u0171szerk\u00e9nt vagy te\u00e1khoz haszn\u00e1lj\u00e1k.<br \/>\nSerkenti az \u00e9tv\u00e1gyat, enyh\u00edti a g\u00f6rcs\u00f6ket, f\u00e1jdalom eset\u00e9n megnyugtatja a hasat \u00e9s a gyomrot.<\/p>\n<p>Magok mennyis\u00e9ge tasakonk\u00e9nt: 0,2 gramm<\/p>\n<p>M\u0171szaki adatok:<\/p>\n<p>M\u00e9lys\u00e9ge 1-2 cm<br \/>\nVet\u00e9si mennyis\u00e9g 1 kg\/hekt\u00e1r<br \/>\nA vet\u0151magtermeszt\u00e9s fajt\u00e1i<br \/>\n\u00c1ltal\u00e1noss\u00e1gok:<\/p>\n<p>Tartalom 700-900 mag\/gramm<br \/>\nS\u00falya 0,2 gramm<\/p>\n<p>&nbsp;<\/p>\n","protected":false},"featured_media":36980,"comment_status":"closed","ping_status":"closed","template":"","meta":[],"product_brand":[],"product_cat":[374],"product_tag":[],"class_list":{"0":"post-35935","1":"product","2":"type-product","3":"status-publish","4":"has-post-thumbnail","6":"product_cat-fuszer-es-gyogynoveny-vetomagok-bolgar-florian-vetomagok","8":"first","9":"outofstock","10":"taxable","11":"shipping-taxable","12":"purchasable","13":"product-type-simple"},"_links":{"self":[{"href":"https:\/\/chilimag.hu\/webshop\/wp-json\/wp\/v2\/product\/35935","targetHints":{"allow":["GET"]}}],"collection":[{"href":"https:\/\/chilimag.hu\/webshop\/wp-json\/wp\/v2\/product"}],"about":[{"href":"https:\/\/chilimag.hu\/webshop\/wp-json\/wp\/v2\/types\/product"}],"replies":[{"embeddable":true,"href":"https:\/\/chilimag.hu\/webshop\/wp-json\/wp\/v2\/comments?post=35935"}],"wp:featuredmedia":[{"embeddable":true,"href":"https:\/\/chilimag.hu\/webshop\/wp-json\/wp\/v2\/media\/36980"}],"wp:attachment":[{"href":"https:\/\/chilimag.hu\/webshop\/wp-json\/wp\/v2\/media?parent=35935"}],"wp:term":[{"taxonomy":"product_brand","embeddable":true,"href":"https:\/\/chilimag.hu\/webshop\/wp-json\/wp\/v2\/product_brand?post=35935"},{"taxonomy":"product_cat","embeddable":true,"href":"https:\/\/chilimag.hu\/webshop\/wp-json\/wp\/v2\/product_cat?post=35935"},{"taxonomy":"product_tag","embeddable":true,"href":"https:\/\/chilimag.hu\/webshop\/wp-json\/wp\/v2\/product_tag?post=35935"}],"curies":[{"name":"wp","href":"https:\/\/api.w.org\/{rel}","templated":true}]}}