{"id":35869,"date":"2025-02-18T18:24:02","date_gmt":"2025-02-18T18:24:02","guid":{"rendered":"https:\/\/chilimag.hu\/webshop\/?post_type=product&#038;p=35869"},"modified":"2026-02-28T07:06:46","modified_gmt":"2026-02-28T07:06:46","slug":"kiwano-florian-bg","status":"publish","type":"product","link":"https:\/\/chilimag.hu\/webshop\/termek\/kiwano-florian-bg\/","title":{"rendered":"Kiwano Florian Bg"},"content":{"rendered":"","protected":false},"excerpt":{"rendered":"<p><img decoding=\"async\" class=\"CToWUd a6T\" tabindex=\"0\" src=\"https:\/\/ci3.googleusercontent.com\/mail-sig\/AIorK4xbqKN31PcpOS6zws2AvTS00Y5dErd2meLtKgpLjaHlRghfMMwyCil-hfCvInM83wQVW1XykfM\" width=\"162\" height=\"200\" data-bit=\"iit\" \/><\/p>\n<p>Le\u00edr\u00e1s<\/p>\n<p>Ez az egzotikus gy\u00fcm\u00f6lcs a dinnye \u00e9s uborka faj tagja. Gy\u00fcm\u00f6lcse ov\u00e1lis alak\u00fa, kem\u00e9ny, narancsszer\u0171 h\u00e9j\u00fa, kis szarvakkal, ez\u00e9rt h\u00edvj\u00e1k szarvas dinny\u00e9nek is. Belsej\u00e9ben z\u00f6ld zselatin tal\u00e1lhat\u00f3 n\u00e9h\u00e1ny \u00e9des ehet\u0151 maggal, amelyek \u00edze hasonl\u00f3 a ban\u00e1n, a s\u00e1rgadinnye \u00e9s az uborka kever\u00e9k\u00e9hez. Frissen fogyasztj\u00e1k, elt\u00e1vol\u00edtva az ehetetlen h\u00e9j\u00e1t. Alkalmas sal\u00e1t\u00e1khoz, desszertekhez \u00e9s gy\u00fcm\u00f6lcslevek k\u00e9sz\u00edt\u00e9s\u00e9hez. A gy\u00fcm\u00f6lcs\u00f6k h\u0171v\u00f6s helyen t\u00f6bb h\u00e9tig is el\u00e1llnak, de h\u0171t\u0151szekr\u00e9nyben nem.<\/p>\n<p>&nbsp;<\/p>\n","protected":false},"featured_media":35870,"comment_status":"closed","ping_status":"closed","template":"","meta":[],"product_brand":[],"product_cat":[375],"product_tag":[],"class_list":{"0":"post-35869","1":"product","2":"type-product","3":"status-publish","4":"has-post-thumbnail","6":"product_cat-gyumolcs-vetomagok-bolgar-florian-vetomagok","8":"first","9":"instock","10":"taxable","11":"shipping-taxable","12":"purchasable","13":"product-type-simple"},"_links":{"self":[{"href":"https:\/\/chilimag.hu\/webshop\/wp-json\/wp\/v2\/product\/35869","targetHints":{"allow":["GET"]}}],"collection":[{"href":"https:\/\/chilimag.hu\/webshop\/wp-json\/wp\/v2\/product"}],"about":[{"href":"https:\/\/chilimag.hu\/webshop\/wp-json\/wp\/v2\/types\/product"}],"replies":[{"embeddable":true,"href":"https:\/\/chilimag.hu\/webshop\/wp-json\/wp\/v2\/comments?post=35869"}],"wp:featuredmedia":[{"embeddable":true,"href":"https:\/\/chilimag.hu\/webshop\/wp-json\/wp\/v2\/media\/35870"}],"wp:attachment":[{"href":"https:\/\/chilimag.hu\/webshop\/wp-json\/wp\/v2\/media?parent=35869"}],"wp:term":[{"taxonomy":"product_brand","embeddable":true,"href":"https:\/\/chilimag.hu\/webshop\/wp-json\/wp\/v2\/product_brand?post=35869"},{"taxonomy":"product_cat","embeddable":true,"href":"https:\/\/chilimag.hu\/webshop\/wp-json\/wp\/v2\/product_cat?post=35869"},{"taxonomy":"product_tag","embeddable":true,"href":"https:\/\/chilimag.hu\/webshop\/wp-json\/wp\/v2\/product_tag?post=35869"}],"curies":[{"name":"wp","href":"https:\/\/api.w.org\/{rel}","templated":true}]}}