{"id":35775,"date":"2025-02-14T12:34:15","date_gmt":"2025-02-14T12:34:15","guid":{"rendered":"https:\/\/chilimag.hu\/webshop\/?post_type=product&#038;p=35775"},"modified":"2025-04-02T16:01:25","modified_gmt":"2025-04-02T16:01:25","slug":"noveny-alagut-2-5x0-9m-agr-sl","status":"publish","type":"product","link":"https:\/\/chilimag.hu\/webshop\/termek\/noveny-alagut-2-5x0-9m-agr-sl\/","title":{"rendered":"N\u00f6v\u00e9ny alag\u00fat 2.5X0.9M AGR SL"},"content":{"rendered":"","protected":false},"excerpt":{"rendered":"<p>Le\u00edr\u00e1s<\/p>\n<p>Ez a kerti alag\u00fat 2,5 m\u00e9ter hossz\u00fa \u00e9s 0,9 m\u00e9ter sz\u00e9les. A k\u00e9szlet tartalmaz 5 rugalmas karik\u00e1t csatlakoz\u00f3kkal, rug\u00f3s fed\u0151f\u00f3li\u00e1t, 14 m\u0171anyag p\u00f6ck\u00f6t, 2 f\u00e9m kar\u00f3t \u00e9s egy zsin\u00f3rt.<\/p>\n<p>\u00dagy tervezt\u00e9k, hogy megv\u00e9dje a n\u00f6v\u00e9nyeket az olyan zord id\u0151j\u00e1r\u00e1si viszonyokt\u00f3l, mint az alacsony h\u0151m\u00e9rs\u00e9klet, az er\u0151s sz\u00e9l \u00e9s az intenz\u00edv napf\u00e9ny, ez\u00e9rt a kerti alag\u00fat t\u00f6k\u00e9letes z\u00f6lds\u00e9gek, gy\u00fcm\u00f6lcs\u00f6k \u00e9s f\u0171szern\u00f6v\u00e9nyek termeszt\u00e9s\u00e9re. Rovarok \u00e9s k\u00e1rtev\u0151k ellen is v\u00e9delmet ny\u00fajt. A f\u00e9lk\u00f6r alak\u00fa kialak\u00edt\u00e1s lehet\u0151v\u00e9 teszi a n\u00f6v\u00e9nyek szabad n\u00f6veked\u00e9s\u00e9t, m\u00edg a rugalmas karik\u00e1k lehet\u0151v\u00e9 teszik az alag\u00fat sz\u00e9less\u00e9g\u00e9nek \u00e9s magass\u00e1g\u00e1nak az ig\u00e9nyeinek megfelel\u0151 be\u00e1ll\u00edt\u00e1s\u00e1t.<\/p>\n<p>Kiv\u00e1l\u00f3 min\u0151s\u00e9g\u0171, id\u0151j\u00e1r\u00e1s\u00e1ll\u00f3 \u00e9s UV-v\u00e9dett anyagokb\u00f3l k\u00e9sz\u00fclt, ez az alag\u00fat tart\u00f3s \u00e9s t\u00f6bb \u00e9vszakon kereszt\u00fcl \u00fajrafelhaszn\u00e1lhat\u00f3.<\/p>\n<p>AGRONOM m\u00e1rka<br \/>\nMagass\u00e1g, 80 cm<\/p>\n","protected":false},"featured_media":35776,"comment_status":"closed","ping_status":"closed","template":"","meta":[],"product_brand":[],"product_cat":[336],"product_tag":[],"class_list":{"0":"post-35775","1":"product","2":"type-product","3":"status-publish","4":"has-post-thumbnail","6":"product_cat-vetotalcak-ulteto-cserepek-es-palanta-nevelok","8":"first","9":"instock","10":"taxable","11":"shipping-taxable","12":"purchasable","13":"product-type-simple"},"_links":{"self":[{"href":"https:\/\/chilimag.hu\/webshop\/wp-json\/wp\/v2\/product\/35775","targetHints":{"allow":["GET"]}}],"collection":[{"href":"https:\/\/chilimag.hu\/webshop\/wp-json\/wp\/v2\/product"}],"about":[{"href":"https:\/\/chilimag.hu\/webshop\/wp-json\/wp\/v2\/types\/product"}],"replies":[{"embeddable":true,"href":"https:\/\/chilimag.hu\/webshop\/wp-json\/wp\/v2\/comments?post=35775"}],"wp:featuredmedia":[{"embeddable":true,"href":"https:\/\/chilimag.hu\/webshop\/wp-json\/wp\/v2\/media\/35776"}],"wp:attachment":[{"href":"https:\/\/chilimag.hu\/webshop\/wp-json\/wp\/v2\/media?parent=35775"}],"wp:term":[{"taxonomy":"product_brand","embeddable":true,"href":"https:\/\/chilimag.hu\/webshop\/wp-json\/wp\/v2\/product_brand?post=35775"},{"taxonomy":"product_cat","embeddable":true,"href":"https:\/\/chilimag.hu\/webshop\/wp-json\/wp\/v2\/product_cat?post=35775"},{"taxonomy":"product_tag","embeddable":true,"href":"https:\/\/chilimag.hu\/webshop\/wp-json\/wp\/v2\/product_tag?post=35775"}],"curies":[{"name":"wp","href":"https:\/\/api.w.org\/{rel}","templated":true}]}}