{"id":35773,"date":"2025-02-14T12:29:08","date_gmt":"2025-02-14T12:29:08","guid":{"rendered":"https:\/\/chilimag.hu\/webshop\/?post_type=product&#038;p=35773"},"modified":"2025-02-14T12:29:08","modified_gmt":"2025-02-14T12:29:08","slug":"faszen-10-kg-sl","status":"publish","type":"product","link":"https:\/\/chilimag.hu\/webshop\/termek\/faszen-10-kg-sl\/","title":{"rendered":"Fasz\u00e9n 10 kg SL"},"content":{"rendered":"","protected":false},"excerpt":{"rendered":"<p>Le\u00edr\u00e1s<\/p>\n<p>A kiv\u00e1l\u00f3 min\u0151s\u00e9g\u0171 GET RED fasz\u00e9n ide\u00e1lis minden t\u00edpus\u00fa grillez\u00e9shez \u00e9s ker\u00e1mia &#8222;EGG&#8221; st\u00edlus\u00fa grillez\u00e9shez. Gyorsan gyullad, tiszt\u00e1n \u00e9g, minim\u00e1lis f\u00fcsttel, \u00e9s nem bocs\u00e1t ki kellemetlen szagot. Pr\u00e9mium min\u0151s\u00e9g\u0171 kem\u00e9nyf\u00e1b\u00f3l, p\u00e9ld\u00e1ul b\u00fckkb\u0151l, t\u00f6lgyb\u0151l \u00e9s gyerty\u00e1nb\u00f3l k\u00e9sz\u00fclt. DINPlus \u00e9s REACH tan\u00fas\u00edtv\u00e1nnyal rendelkezik, amely kiv\u00e9teles min\u0151s\u00e9get biztos\u00edt, amely meghaladja az EN1860-2 szabv\u00e1ny k\u00f6vetelm\u00e9nyeit. M\u0171szaki adatok: DINPlus EN1860-2 szabv\u00e1ny: Tiszta sz\u00e9ntartalom: 83% (minimum 75%) Hamutartalom: 2% maximum 2% (maximum 2%) 8%) Sz\u00e1rmaz\u00e1si orsz\u00e1g: Litv\u00e1nia<\/p>\n","protected":false},"featured_media":35774,"comment_status":"closed","ping_status":"closed","template":"","meta":[],"product_brand":[],"product_cat":[342],"product_tag":[],"class_list":{"0":"post-35773","1":"product","2":"type-product","3":"status-publish","4":"has-post-thumbnail","6":"product_cat-egyeb-kerti-termekek","8":"first","9":"instock","10":"taxable","11":"shipping-taxable","12":"purchasable","13":"product-type-simple"},"_links":{"self":[{"href":"https:\/\/chilimag.hu\/webshop\/wp-json\/wp\/v2\/product\/35773","targetHints":{"allow":["GET"]}}],"collection":[{"href":"https:\/\/chilimag.hu\/webshop\/wp-json\/wp\/v2\/product"}],"about":[{"href":"https:\/\/chilimag.hu\/webshop\/wp-json\/wp\/v2\/types\/product"}],"replies":[{"embeddable":true,"href":"https:\/\/chilimag.hu\/webshop\/wp-json\/wp\/v2\/comments?post=35773"}],"wp:featuredmedia":[{"embeddable":true,"href":"https:\/\/chilimag.hu\/webshop\/wp-json\/wp\/v2\/media\/35774"}],"wp:attachment":[{"href":"https:\/\/chilimag.hu\/webshop\/wp-json\/wp\/v2\/media?parent=35773"}],"wp:term":[{"taxonomy":"product_brand","embeddable":true,"href":"https:\/\/chilimag.hu\/webshop\/wp-json\/wp\/v2\/product_brand?post=35773"},{"taxonomy":"product_cat","embeddable":true,"href":"https:\/\/chilimag.hu\/webshop\/wp-json\/wp\/v2\/product_cat?post=35773"},{"taxonomy":"product_tag","embeddable":true,"href":"https:\/\/chilimag.hu\/webshop\/wp-json\/wp\/v2\/product_tag?post=35773"}],"curies":[{"name":"wp","href":"https:\/\/api.w.org\/{rel}","templated":true}]}}