{"id":35763,"date":"2025-02-14T12:05:00","date_gmt":"2025-02-14T12:05:00","guid":{"rendered":"https:\/\/chilimag.hu\/webshop\/?post_type=product&#038;p=35763"},"modified":"2026-02-19T11:25:22","modified_gmt":"2026-02-19T11:25:22","slug":"salata-grand-rapids-magszalagos-eln-sl","status":"publish","type":"product","link":"https:\/\/chilimag.hu\/webshop\/termek\/salata-grand-rapids-magszalagos-eln-sl\/","title":{"rendered":"Sal\u00e1ta GRAND RAPIDS magszalagos ELN SL"},"content":{"rendered":"","protected":false},"excerpt":{"rendered":"<p><img decoding=\"async\" class=\"logo\" src=\"https:\/\/b2b.seklos.lt\/themes\/warehouse\/img\/logo_en.png\" alt=\"Agrofirma S\u0117klos, UAB\" \/><\/p>\n<p>Le\u00edr\u00e1s<\/p>\n<p>A leveles sal\u00e1ta korai fajt\u00e1ja. Tavaszi, ny\u00e1ri \u00e9s \u0151szi betakar\u00edt\u00e1sra termesztik. 35-50 nap alatt n\u0151. A sal\u00e1ta szabadba \u00e9s \u00fcvegh\u00e1zban is vethet\u0151, nem n\u00f6vekszik sok\u00e1ig. Levelei enyh\u00e9n r\u00e1ncosak, legyez\u0151 alak\u00faak, nem csavarj\u00e1k ki a sz\u00e1rat. A cs\u00edr\u00e1z\u00e1s akkor kezd\u0151dik, amikor a talaj felmelegszik 4 \u00b0C-ra. Legjobban humuszos \u00e9s v\u00edz\u00e1tereszt\u0151 talajban fejl\u0151dik. \u00c1rny\u00e9kban rosszul n\u00f6vekszik. A magszalag el\u0151nyei: nagyobb, b\u0151s\u00e9gesebb \u00e9s jobb min\u0151s\u00e9g\u0171 betakar\u00edt\u00e1s. Megfelel\u0151 nedvess\u00e9g eset\u00e9n a magok gyorsabban \u00e9s egyenletesebben cs\u00edr\u00e1znak. Tiszta term\u00e9s, egyenletes sork\u00f6z\u00f6k, \u00edgy egyszer\u0171bb \u00e9s k\u00e9nyelmesebb egy ilyen term\u00e9st kerti f\u00f3li\u00e1val letakarni, gyoml\u00e1lni. A szalag \u00fcltet\u00e9se el\u0151tt a talajt meg kell \u00f6nt\u00f6zni. Fedje le a szalagot f\u00f6lddel, \u00e9s ism\u00e9t \u00f6nt\u00f6zze meg b\u0151s\u00e9gesen.<\/p>\n<p>Vet\u00e9sid\u0151 a talajban VIII-X<br \/>\nT\u00e1vols\u00e1gok, 10&#215;20 cm<br \/>\nSz\u00fcret IV-X<br \/>\nLucia Elite m\u00e1rka<br \/>\n\u00dcltet\u00e9si m\u00e9lys\u00e9g, cm 0,5<\/p>\n","protected":false},"featured_media":35764,"comment_status":"closed","ping_status":"closed","template":"","meta":[],"product_brand":[],"product_cat":[368],"product_tag":[],"class_list":{"0":"post-35763","1":"product","2":"type-product","3":"status-publish","4":"has-post-thumbnail","6":"product_cat-zoldseg-vetomagok","8":"first","9":"instock","10":"taxable","11":"shipping-taxable","12":"purchasable","13":"product-type-simple"},"_links":{"self":[{"href":"https:\/\/chilimag.hu\/webshop\/wp-json\/wp\/v2\/product\/35763","targetHints":{"allow":["GET"]}}],"collection":[{"href":"https:\/\/chilimag.hu\/webshop\/wp-json\/wp\/v2\/product"}],"about":[{"href":"https:\/\/chilimag.hu\/webshop\/wp-json\/wp\/v2\/types\/product"}],"replies":[{"embeddable":true,"href":"https:\/\/chilimag.hu\/webshop\/wp-json\/wp\/v2\/comments?post=35763"}],"wp:featuredmedia":[{"embeddable":true,"href":"https:\/\/chilimag.hu\/webshop\/wp-json\/wp\/v2\/media\/35764"}],"wp:attachment":[{"href":"https:\/\/chilimag.hu\/webshop\/wp-json\/wp\/v2\/media?parent=35763"}],"wp:term":[{"taxonomy":"product_brand","embeddable":true,"href":"https:\/\/chilimag.hu\/webshop\/wp-json\/wp\/v2\/product_brand?post=35763"},{"taxonomy":"product_cat","embeddable":true,"href":"https:\/\/chilimag.hu\/webshop\/wp-json\/wp\/v2\/product_cat?post=35763"},{"taxonomy":"product_tag","embeddable":true,"href":"https:\/\/chilimag.hu\/webshop\/wp-json\/wp\/v2\/product_tag?post=35763"}],"curies":[{"name":"wp","href":"https:\/\/api.w.org\/{rel}","templated":true}]}}