{"id":35759,"date":"2025-02-14T11:57:46","date_gmt":"2025-02-14T11:57:46","guid":{"rendered":"https:\/\/chilimag.hu\/webshop\/?post_type=product&#038;p=35759"},"modified":"2026-02-19T11:23:24","modified_gmt":"2026-02-19T11:23:24","slug":"fodros-lorom-twister-eln-sl","status":"publish","type":"product","link":"https:\/\/chilimag.hu\/webshop\/termek\/fodros-lorom-twister-eln-sl\/","title":{"rendered":"Fodros l\u00f3rom TWISTER ELN SL"},"content":{"rendered":"","protected":false},"excerpt":{"rendered":"<p><img decoding=\"async\" class=\"active-logo\" src=\"https:\/\/b2b.seklos.lt\/themes\/warehouse\/img\/logo_en.png\" alt=\"Agrofirma S\u0117klos, UAB\" width=\"280\" height=\"95\" \/><\/p>\n<p>Le\u00edr\u00e1s<\/p>\n<p>Egy \u00e9vel\u0151 n\u00f6v\u00e9ny, kiv\u00e9teles dekorat\u00edv tulajdons\u00e1gokkal. A s\u00f6t\u00e9t levelek t\u00f6k\u00e9letesek vir\u00e1gkompoz\u00edci\u00f3khoz, f\u0171szeriskol\u00e1kba \u00e9s kertekbe. A n\u00f6v\u00e9ny ehet\u0151, kellemes savanyk\u00e1s \u00edze \u00e9telek f\u0171szerez\u00e9s\u00e9re alkalmas. Ellen\u00e1ll a hidegnek \u00e9s a sz\u00e1razs\u00e1gnak, nincs sz\u00fcks\u00e9g k\u00fcl\u00f6nleges talajviszonyokra. D\u00edszn\u00f6v\u00e9nyk\u00e9nt t\u00f6rt\u00e9n\u0151 termeszt\u00e9skor pal\u00e1ntanevel\u00e9s, majd a termeszt\u00e9s hely\u00e9re t\u00f6rt\u00e9n\u0151 \u00e1t\u00fcltet\u00e9s javasolt. A cs\u00edr\u00e1z\u00e1st\u00f3l az els\u0151 betakar\u00edt\u00e1sig 45-50 nap telik el. \u00c1rny\u00e9kban is n\u0151het. Legjobban +13\u201318 \u00b0C h\u0151m\u00e9rs\u00e9kleten fejl\u0151dik. Egy \u00e9vn\u00e9l tov\u00e1bb n\u0151het ugyanazon a helyen, fedetlen\u00fcl telel. Cserepes termeszt\u00e9s eset\u00e9n a hideg \u00e9vszakban aj\u00e1nlatos a cserepeket h\u0171v\u00f6s helyis\u00e9gbe helyezni. 35 mag elegend\u0151 egy 3-4 m2-es ter\u00fclet vagy 19-25 cser\u00e9p el\u00fcltet\u00e9s\u00e9hez.<\/p>\n<p>Vet\u00e9sid\u0151 a talajban VIII-X<br \/>\nVet\u00e9sid\u0151 \u00fcvegh\u00e1zban III-IV<br \/>\nT\u00e1vols\u00e1gok, 25&#215;25 cm<br \/>\nSz\u00fcret IV-X<br \/>\nLucia Elite m\u00e1rka<br \/>\n\u00dcltet\u00e9si m\u00e9lys\u00e9g, cm 1<\/p>\n","protected":false},"featured_media":35760,"comment_status":"closed","ping_status":"closed","template":"","meta":[],"product_brand":[],"product_cat":[369],"product_tag":[],"class_list":{"0":"post-35759","1":"product","2":"type-product","3":"status-publish","4":"has-post-thumbnail","6":"product_cat-virag-vetomagok-lucia-elite","8":"first","9":"instock","10":"taxable","11":"shipping-taxable","12":"purchasable","13":"product-type-simple"},"_links":{"self":[{"href":"https:\/\/chilimag.hu\/webshop\/wp-json\/wp\/v2\/product\/35759","targetHints":{"allow":["GET"]}}],"collection":[{"href":"https:\/\/chilimag.hu\/webshop\/wp-json\/wp\/v2\/product"}],"about":[{"href":"https:\/\/chilimag.hu\/webshop\/wp-json\/wp\/v2\/types\/product"}],"replies":[{"embeddable":true,"href":"https:\/\/chilimag.hu\/webshop\/wp-json\/wp\/v2\/comments?post=35759"}],"wp:featuredmedia":[{"embeddable":true,"href":"https:\/\/chilimag.hu\/webshop\/wp-json\/wp\/v2\/media\/35760"}],"wp:attachment":[{"href":"https:\/\/chilimag.hu\/webshop\/wp-json\/wp\/v2\/media?parent=35759"}],"wp:term":[{"taxonomy":"product_brand","embeddable":true,"href":"https:\/\/chilimag.hu\/webshop\/wp-json\/wp\/v2\/product_brand?post=35759"},{"taxonomy":"product_cat","embeddable":true,"href":"https:\/\/chilimag.hu\/webshop\/wp-json\/wp\/v2\/product_cat?post=35759"},{"taxonomy":"product_tag","embeddable":true,"href":"https:\/\/chilimag.hu\/webshop\/wp-json\/wp\/v2\/product_tag?post=35759"}],"curies":[{"name":"wp","href":"https:\/\/api.w.org\/{rel}","templated":true}]}}