{"id":35757,"date":"2025-02-14T09:37:47","date_gmt":"2025-02-14T09:37:47","guid":{"rendered":"https:\/\/chilimag.hu\/webshop\/?post_type=product&#038;p=35757"},"modified":"2026-03-13T12:39:52","modified_gmt":"2026-03-13T12:39:52","slug":"pillangovirag-double-dutch-rose-eln-sl","status":"publish","type":"product","link":"https:\/\/chilimag.hu\/webshop\/termek\/pillangovirag-double-dutch-rose-eln-sl\/","title":{"rendered":"Pillang\u00f3vir\u00e1g DOUBLE DUTCH ROSE ELN SL"},"content":{"rendered":"","protected":false},"excerpt":{"rendered":"<p><img decoding=\"async\" class=\"active-logo\" src=\"https:\/\/b2b.seklos.lt\/themes\/warehouse\/img\/logo_en.png\" alt=\"Agrofirma S\u0117klos, UAB\" width=\"280\" height=\"95\" \/><\/p>\n<p>Le\u00edr\u00e1s<\/p>\n<p>Egyny\u00e1ri, 120 cm magas, k\u00f6nnyen termeszthet\u0151 vir\u00e1gok. Ezt a fajt\u00e1t jellegzetes sz\u00edne, telt \u00e9s f\u00e9lig telt d\u00edszes vir\u00e1gz\u00e1sa miatt kedvelik. Vir\u00e1goskertekben \u00e9s z\u00f6ld\u00fcltetv\u00e9nyekben termesztik; szed\u00e9s ut\u00e1n sok\u00e1ig nem hervadnak el. Hosszan \u00e9s d\u00fasan vir\u00e1gzik, k\u00f6nnyen termeszthet\u0151. A Cosmos ig\u00e9nytelen \u00e9s szereti a napos helyeket. Gyeng\u00e9bb talajon jobban fejl\u0151dik, term\u00e9keny talajban b\u0151ven \u00e1gazik, de keveset vir\u00e1gzik. A vir\u00e1gos n\u00f6v\u00e9nyek is \u00e1t\u00fcltethet\u0151k a k\u00edv\u00e1nt helyre; fontos a megfelel\u0151 nedvess\u00e9g biztos\u00edt\u00e1sa. Ezek a vir\u00e1gok \u00f6nmaguk \u2013 a k\u00f6vetkez\u0151 \u00e9vben kelnek ki azon a helyen, ahol kor\u00e1bban n\u0151ttek. 0,3 g \u2013 k\u00f6r\u00fclbel\u00fcl 53 mag. 0,5 g 2,0-3,0 m2-es ter\u00fcletre elegend\u0151.<\/p>\n<p>Vet\u00e9sid\u0151 a talajban V<br \/>\nVet\u00e9sid\u0151 \u00fcvegh\u00e1zban IV-V<br \/>\nT\u00e1vols\u00e1gok, 30&#215;40 cm<br \/>\nSz\u00fcret VI-IX<br \/>\nLucia Elite m\u00e1rka<br \/>\n\u00dcltet\u00e9si m\u00e9lys\u00e9g, cm 1<\/p>\n","protected":false},"featured_media":35758,"comment_status":"closed","ping_status":"closed","template":"","meta":[],"product_brand":[],"product_cat":[369],"product_tag":[],"class_list":{"0":"post-35757","1":"product","2":"type-product","3":"status-publish","4":"has-post-thumbnail","6":"product_cat-virag-vetomagok-lucia-elite","8":"first","9":"instock","10":"taxable","11":"shipping-taxable","12":"purchasable","13":"product-type-simple"},"_links":{"self":[{"href":"https:\/\/chilimag.hu\/webshop\/wp-json\/wp\/v2\/product\/35757","targetHints":{"allow":["GET"]}}],"collection":[{"href":"https:\/\/chilimag.hu\/webshop\/wp-json\/wp\/v2\/product"}],"about":[{"href":"https:\/\/chilimag.hu\/webshop\/wp-json\/wp\/v2\/types\/product"}],"replies":[{"embeddable":true,"href":"https:\/\/chilimag.hu\/webshop\/wp-json\/wp\/v2\/comments?post=35757"}],"wp:featuredmedia":[{"embeddable":true,"href":"https:\/\/chilimag.hu\/webshop\/wp-json\/wp\/v2\/media\/35758"}],"wp:attachment":[{"href":"https:\/\/chilimag.hu\/webshop\/wp-json\/wp\/v2\/media?parent=35757"}],"wp:term":[{"taxonomy":"product_brand","embeddable":true,"href":"https:\/\/chilimag.hu\/webshop\/wp-json\/wp\/v2\/product_brand?post=35757"},{"taxonomy":"product_cat","embeddable":true,"href":"https:\/\/chilimag.hu\/webshop\/wp-json\/wp\/v2\/product_cat?post=35757"},{"taxonomy":"product_tag","embeddable":true,"href":"https:\/\/chilimag.hu\/webshop\/wp-json\/wp\/v2\/product_tag?post=35757"}],"curies":[{"name":"wp","href":"https:\/\/api.w.org\/{rel}","templated":true}]}}