{"id":35753,"date":"2025-02-14T09:15:37","date_gmt":"2025-02-14T09:15:37","guid":{"rendered":"https:\/\/chilimag.hu\/webshop\/?post_type=product&#038;p=35753"},"modified":"2026-01-25T17:13:28","modified_gmt":"2026-01-25T17:13:28","slug":"diszpipacs-falling-in-love-eln-sl","status":"publish","type":"product","link":"https:\/\/chilimag.hu\/webshop\/termek\/diszpipacs-falling-in-love-eln-sl\/","title":{"rendered":"D\u00edszpipacs FALLING IN LOVE ELN SL"},"content":{"rendered":"","protected":false},"excerpt":{"rendered":"<p><img decoding=\"async\" class=\"active-logo\" src=\"https:\/\/b2b.seklos.lt\/themes\/warehouse\/img\/logo_en.png\" alt=\"Agrofirma S\u0117klos, UAB\" width=\"280\" height=\"95\" \/><\/p>\n<p>Le\u00edr\u00e1s<\/p>\n<p>Egyny\u00e1ri, egyedi \u00fajfajta vir\u00e1gok r\u00f3zsasz\u00edn f\u00e9ltelt, k\u00e9tt\u00f3nus\u00fa vir\u00e1gzattal. Kiz\u00e1r\u00f3lag ny\u00e1ri vir\u00e1g\u00e1gy\u00e1sokban fordul el\u0151, 60-90 cm magasra is megn\u0151. K\u00f6nnyen termeszthet\u0151, b\u0151s\u00e9gesen vir\u00e1gzik. Nem ig\u00e9nyel k\u00fcl\u00f6nleges talajviszonyokat; szeg\u00e9nyes talajon, napos \u00e9s f\u00e9l\u00e1rny\u00e9kos helyen j\u00f3l megterem. Nagyon fontos, hogy a magvak kel\u00e9sekor ne legyen nedvess\u00e9ghi\u00e1ny, k\u00fcl\u00f6nben a magok nem kelnek ki. \u00c1gy\u00e1sban, m\u00e1s vir\u00e1gokkal csoportosan termesztve, gyepbe vetve. Ha hagyjuk be\u00e9rni a magokat, t\u00f6k\u00e9letesen \u00f6nmagukat vetik. A s\u0171r\u0171n cs\u00edr\u00e1zott n\u00f6v\u00e9nyeket javasolt ritk\u00edtani. J\u00f3l passzol a b\u00fazavir\u00e1ghoz \u00e9s a sz\u00e1zszorsz\u00e9phez. A vir\u00e1gokat a bimb\u00f3f\u00e1zisban szedj\u00fck; sz\u00e1raz vir\u00e1gk\u00f6t\u00e9szetekhez haszn\u00e1lj\u00e1k. 0,3 g mag elegend\u0151 lesz egy 4 m2-es vir\u00e1g\u00e1gy\u00e1shoz.<\/p>\n<p>Vet\u00e9sid\u0151 a talajban X<br \/>\nVet\u00e9sid\u0151 \u00fcvegh\u00e1zban IV-V<br \/>\nT\u00e1vols\u00e1gok, 20&#215;20 cm<br \/>\nSz\u00fcret VI-VII<br \/>\nLucia Elite m\u00e1rka<\/p>\n","protected":false},"featured_media":35754,"comment_status":"closed","ping_status":"closed","template":"","meta":[],"product_brand":[],"product_cat":[369],"product_tag":[],"class_list":{"0":"post-35753","1":"product","2":"type-product","3":"status-publish","4":"has-post-thumbnail","6":"product_cat-virag-vetomagok-lucia-elite","8":"first","9":"instock","10":"taxable","11":"shipping-taxable","12":"purchasable","13":"product-type-simple"},"_links":{"self":[{"href":"https:\/\/chilimag.hu\/webshop\/wp-json\/wp\/v2\/product\/35753","targetHints":{"allow":["GET"]}}],"collection":[{"href":"https:\/\/chilimag.hu\/webshop\/wp-json\/wp\/v2\/product"}],"about":[{"href":"https:\/\/chilimag.hu\/webshop\/wp-json\/wp\/v2\/types\/product"}],"replies":[{"embeddable":true,"href":"https:\/\/chilimag.hu\/webshop\/wp-json\/wp\/v2\/comments?post=35753"}],"wp:featuredmedia":[{"embeddable":true,"href":"https:\/\/chilimag.hu\/webshop\/wp-json\/wp\/v2\/media\/35754"}],"wp:attachment":[{"href":"https:\/\/chilimag.hu\/webshop\/wp-json\/wp\/v2\/media?parent=35753"}],"wp:term":[{"taxonomy":"product_brand","embeddable":true,"href":"https:\/\/chilimag.hu\/webshop\/wp-json\/wp\/v2\/product_brand?post=35753"},{"taxonomy":"product_cat","embeddable":true,"href":"https:\/\/chilimag.hu\/webshop\/wp-json\/wp\/v2\/product_cat?post=35753"},{"taxonomy":"product_tag","embeddable":true,"href":"https:\/\/chilimag.hu\/webshop\/wp-json\/wp\/v2\/product_tag?post=35753"}],"curies":[{"name":"wp","href":"https:\/\/api.w.org\/{rel}","templated":true}]}}