{"id":35746,"date":"2025-02-14T07:11:19","date_gmt":"2025-02-14T07:11:19","guid":{"rendered":"https:\/\/chilimag.hu\/webshop\/?post_type=product&#038;p=35746"},"modified":"2026-02-19T11:18:49","modified_gmt":"2026-02-19T11:18:49","slug":"paradicsom-roselady-hibrid-eln-sl","status":"publish","type":"product","link":"https:\/\/chilimag.hu\/webshop\/termek\/paradicsom-roselady-hibrid-eln-sl\/","title":{"rendered":"Paradicsom ROSELADY Hibrid ELN SL"},"content":{"rendered":"","protected":false},"excerpt":{"rendered":"<p><img decoding=\"async\" class=\"active-logo\" src=\"https:\/\/b2b.seklos.lt\/themes\/warehouse\/img\/logo_en.png\" alt=\"Agrofirma S\u0117klos, UAB\" width=\"280\" height=\"95\" \/><\/p>\n<p>Le\u00edr\u00e1s<\/p>\n<p>K\u00f6z\u00e9pkorai, f\u00e9lt\u00f6rpe hibrid fajta, mely rendk\u00edv\u00fcl \u00edzletes r\u00f3zsasz\u00edn paradicsomot hoz. Gy\u00fcm\u00f6lcsei r\u00f3zsasz\u00edn\u0171ek, 150-160 g t\u00f6meg\u0171ek, egy f\u00fcrtben 5-6 paradicsom is lehet. A n\u00f6v\u00e9ny 1-1,2 m magasra n\u0151. Ez a fajta paradicsom azoknak fog tetszeni, akik szeretik a finom, \u00e9des \u00edz\u0171, lisztes gy\u00fcm\u00f6lcs\u00f6ket. A paradicsom alkalmas sal\u00e1t\u00e1khoz, \u00e9s konzerv\u00e1lhat\u00f3. A magokat m\u00e1rciusban vetik el. Annak \u00e9rdek\u00e9ben, hogy a magvak gyorsabban \u00e9s egyenletesebben cs\u00edr\u00e1zhassanak, a term\u00e9st \u00fcveggel vagy f\u00f3li\u00e1val kell lefedni. Az aljzat h\u0151m\u00e9rs\u00e9klete, amelybe a magokat veti, nem lehet alacsonyabb +21\u201326 \u00b0C-n\u00e1l, a helyis\u00e9g h\u0151m\u00e9rs\u00e9klete nem lehet +23 \u00b0C-n\u00e1l alacsonyabb. 2-4 val\u00f3di lev\u00e9l felnevel\u00e9se ut\u00e1n a pal\u00e1nt\u00e1kat k\u00fcl\u00f6n \u00fcltetik \u00e1t. A pal\u00e1nt\u00e1kat akkor \u00fcltetik az \u00fcvegh\u00e1zba, amikor m\u00e1r nem \u00e1ll fenn a fagyvesz\u00e9ly. 0,1 g &#8211; k\u00f6r\u00fclbel\u00fcl 30-50 mag. Kedvez\u0151 term\u0151k\u00f6r\u00fclm\u00e9nyek k\u00f6z\u00f6tt 40-50 kg v\u00e1rhat\u00f3 term\u00e9shozam.<\/p>\n<p>Vet\u00e9sid\u0151 \u00fcvegh\u00e1zban III-IV<br \/>\nT\u00e1vols\u00e1gok, 60&#215;40 cm<br \/>\nN\u00f6v\u00e9nymagass\u00e1g F\u00e9lmagas<br \/>\nSz\u00fcret VI-VIII<br \/>\nLucia Elite m\u00e1rka<br \/>\n\u00dcltet\u00e9si m\u00e9lys\u00e9g, cm 1<\/p>\n","protected":false},"featured_media":35747,"comment_status":"closed","ping_status":"closed","template":"","meta":[],"product_brand":[],"product_cat":[368],"product_tag":[],"class_list":{"0":"post-35746","1":"product","2":"type-product","3":"status-publish","4":"has-post-thumbnail","6":"product_cat-zoldseg-vetomagok","8":"first","9":"instock","10":"taxable","11":"shipping-taxable","12":"purchasable","13":"product-type-simple"},"_links":{"self":[{"href":"https:\/\/chilimag.hu\/webshop\/wp-json\/wp\/v2\/product\/35746","targetHints":{"allow":["GET"]}}],"collection":[{"href":"https:\/\/chilimag.hu\/webshop\/wp-json\/wp\/v2\/product"}],"about":[{"href":"https:\/\/chilimag.hu\/webshop\/wp-json\/wp\/v2\/types\/product"}],"replies":[{"embeddable":true,"href":"https:\/\/chilimag.hu\/webshop\/wp-json\/wp\/v2\/comments?post=35746"}],"wp:featuredmedia":[{"embeddable":true,"href":"https:\/\/chilimag.hu\/webshop\/wp-json\/wp\/v2\/media\/35747"}],"wp:attachment":[{"href":"https:\/\/chilimag.hu\/webshop\/wp-json\/wp\/v2\/media?parent=35746"}],"wp:term":[{"taxonomy":"product_brand","embeddable":true,"href":"https:\/\/chilimag.hu\/webshop\/wp-json\/wp\/v2\/product_brand?post=35746"},{"taxonomy":"product_cat","embeddable":true,"href":"https:\/\/chilimag.hu\/webshop\/wp-json\/wp\/v2\/product_cat?post=35746"},{"taxonomy":"product_tag","embeddable":true,"href":"https:\/\/chilimag.hu\/webshop\/wp-json\/wp\/v2\/product_tag?post=35746"}],"curies":[{"name":"wp","href":"https:\/\/api.w.org\/{rel}","templated":true}]}}