{"id":35733,"date":"2025-02-13T19:50:33","date_gmt":"2025-02-13T19:50:33","guid":{"rendered":"https:\/\/chilimag.hu\/webshop\/?post_type=product&#038;p=35733"},"modified":"2026-03-08T18:50:25","modified_gmt":"2026-03-08T18:50:25","slug":"ordogszem-summer-fruits-z-s-sl","status":"publish","type":"product","link":"https:\/\/chilimag.hu\/webshop\/termek\/ordogszem-summer-fruits-z-s-sl\/","title":{"rendered":"\u00d6rd\u00f6gszem SUMMER FRUITS Z.S SL"},"content":{"rendered":"","protected":false},"excerpt":{"rendered":"<p><img decoding=\"async\" class=\"active-logo\" src=\"https:\/\/b2b.seklos.lt\/themes\/warehouse\/img\/logo_en.png\" alt=\"Agrofirma S\u0117klos, UAB\" width=\"280\" height=\"95\" \/><\/p>\n<p>Egyny\u00e1ri, kellemes illat\u00fa vir\u00e1gok. Nagyon dekorat\u00edv, ak\u00e1r 90 cm magasra is megn\u0151. Ennek a fajt\u00e1nak a vir\u00e1ga minden vir\u00e1g\u00e1gy\u00e1snak egyedis\u00e9get k\u00f6lcs\u00f6n\u00f6z, a vir\u00e1gz\u00e1s eg\u00e9szen a fagyokig gy\u00f6ny\u00f6rk\u00f6dtet. Vir\u00e1goskertekben \u00e9s cserepekben termesztik, vir\u00e1gokat csokrok k\u00e9sz\u00edt\u00e9s\u00e9re haszn\u00e1lnak. Legjobban term\u00e9keny, v\u00edz- \u00e9s leveg\u0151\u00e1tereszt\u0151 talajokon fejl\u0151dik. K\u00f6zvetlen\u00fcl a talajba vetik vagy pal\u00e1ntak\u00e9nt \u00fcltetik.<\/p>\n<p>Magok sz\u00e1ma grammonk\u00e9nt 150<br \/>\nVet\u00e9sid\u0151 \u00fcvegh\u00e1zban III-IV<br \/>\nVir\u00e1gz\u00e1si id\u0151szak VI-X<br \/>\nN\u00f6v\u00e9nymagass\u00e1g, 90 cm<br \/>\nTerm\u0151f\u00f6ld<br \/>\nM\u00e1rka \u017dalia stotel\u0117<br \/>\nTranszplant\u00e1ci\u00f3 V-VI<br \/>\nNapos hely Igen<br \/>\nSz\u00edn Vegyes<br \/>\nKiszerel\u00e9s 30 g<\/p>\n","protected":false},"featured_media":35734,"comment_status":"closed","ping_status":"closed","template":"","meta":[],"product_brand":[],"product_cat":[363],"product_tag":[],"class_list":{"0":"post-35733","1":"product","2":"type-product","3":"status-publish","4":"has-post-thumbnail","6":"product_cat-virag-vetomagok-zalia-stotele","8":"first","9":"instock","10":"taxable","11":"shipping-taxable","12":"purchasable","13":"product-type-simple"},"_links":{"self":[{"href":"https:\/\/chilimag.hu\/webshop\/wp-json\/wp\/v2\/product\/35733","targetHints":{"allow":["GET"]}}],"collection":[{"href":"https:\/\/chilimag.hu\/webshop\/wp-json\/wp\/v2\/product"}],"about":[{"href":"https:\/\/chilimag.hu\/webshop\/wp-json\/wp\/v2\/types\/product"}],"replies":[{"embeddable":true,"href":"https:\/\/chilimag.hu\/webshop\/wp-json\/wp\/v2\/comments?post=35733"}],"wp:featuredmedia":[{"embeddable":true,"href":"https:\/\/chilimag.hu\/webshop\/wp-json\/wp\/v2\/media\/35734"}],"wp:attachment":[{"href":"https:\/\/chilimag.hu\/webshop\/wp-json\/wp\/v2\/media?parent=35733"}],"wp:term":[{"taxonomy":"product_brand","embeddable":true,"href":"https:\/\/chilimag.hu\/webshop\/wp-json\/wp\/v2\/product_brand?post=35733"},{"taxonomy":"product_cat","embeddable":true,"href":"https:\/\/chilimag.hu\/webshop\/wp-json\/wp\/v2\/product_cat?post=35733"},{"taxonomy":"product_tag","embeddable":true,"href":"https:\/\/chilimag.hu\/webshop\/wp-json\/wp\/v2\/product_tag?post=35733"}],"curies":[{"name":"wp","href":"https:\/\/api.w.org\/{rel}","templated":true}]}}