{"id":35728,"date":"2025-02-13T19:32:57","date_gmt":"2025-02-13T19:32:57","guid":{"rendered":"https:\/\/chilimag.hu\/webshop\/?post_type=product&#038;p=35728"},"modified":"2026-02-03T22:33:08","modified_gmt":"2026-02-03T22:33:08","slug":"disznapraforgo-big-smile-z-s-sl","status":"publish","type":"product","link":"https:\/\/chilimag.hu\/webshop\/termek\/disznapraforgo-big-smile-z-s-sl\/","title":{"rendered":"D\u00edsznapraforg\u00f3 BIG SMILE Z.S SL"},"content":{"rendered":"","protected":false},"excerpt":{"rendered":"<p><img decoding=\"async\" class=\"active-logo\" src=\"https:\/\/b2b.seklos.lt\/themes\/warehouse\/img\/logo_en.png\" alt=\"Agrofirma S\u0117klos, UAB\" width=\"280\" height=\"95\" \/><\/p>\n<p>Napraforg\u00f3 | Nagy Mosoly<br \/>\nEgyny\u00e1ri 15-50 cm-es vir\u00e1gok. A fajta cser\u00e9pben termeszthet\u0151. A n\u00f6v\u00e9ny nem fejleszt oldal\u00e1gakat. Term\u00e9keny talajban, sz\u00e9lt\u0151l v\u00e9dett helyen n\u0151 a legjobban. Ny\u00edlt ter\u00fcletekre alkalmas, vir\u00e1gokat csokrokba v\u00e1gnak. A napraforg\u00f3 vid\u00e9ki tany\u00e1kon termeszthet\u0151, a ker\u00edt\u00e9sekn\u00e9l megfelel\u0151. Komplex m\u0171tr\u00e1gya javasolt a vir\u00e1gz\u00e1s idej\u00e9n. A n\u00f6v\u00e9nyek fagy\u00e9rz\u00e9kenyek.<\/p>\n<p>Magok sz\u00e1ma grammonk\u00e9nt 20<br \/>\nVet\u00e9sid\u0151 a talajban IV-VI<br \/>\nVet\u00e9sid\u0151 \u00fcvegh\u00e1zban III<br \/>\nVir\u00e1gz\u00e1si id\u0151szak VII-IX<br \/>\nN\u00f6v\u00e9nymagass\u00e1g, 10-50 cm<br \/>\nTerm\u0151f\u00f6ld<br \/>\nM\u00e1rka \u017dalia stotel\u0117<br \/>\nTranszplant\u00e1ci\u00f3 VI<br \/>\nNapos hely Igen<br \/>\nSz\u00edn S\u00e1rga<br \/>\nKiszerel\u00e9s 20 g<\/p>\n","protected":false},"featured_media":35729,"comment_status":"closed","ping_status":"closed","template":"","meta":[],"product_brand":[],"product_cat":[363],"product_tag":[],"class_list":{"0":"post-35728","1":"product","2":"type-product","3":"status-publish","4":"has-post-thumbnail","6":"product_cat-virag-vetomagok-zalia-stotele","8":"first","9":"instock","10":"taxable","11":"shipping-taxable","12":"purchasable","13":"product-type-simple"},"_links":{"self":[{"href":"https:\/\/chilimag.hu\/webshop\/wp-json\/wp\/v2\/product\/35728","targetHints":{"allow":["GET"]}}],"collection":[{"href":"https:\/\/chilimag.hu\/webshop\/wp-json\/wp\/v2\/product"}],"about":[{"href":"https:\/\/chilimag.hu\/webshop\/wp-json\/wp\/v2\/types\/product"}],"replies":[{"embeddable":true,"href":"https:\/\/chilimag.hu\/webshop\/wp-json\/wp\/v2\/comments?post=35728"}],"wp:featuredmedia":[{"embeddable":true,"href":"https:\/\/chilimag.hu\/webshop\/wp-json\/wp\/v2\/media\/35729"}],"wp:attachment":[{"href":"https:\/\/chilimag.hu\/webshop\/wp-json\/wp\/v2\/media?parent=35728"}],"wp:term":[{"taxonomy":"product_brand","embeddable":true,"href":"https:\/\/chilimag.hu\/webshop\/wp-json\/wp\/v2\/product_brand?post=35728"},{"taxonomy":"product_cat","embeddable":true,"href":"https:\/\/chilimag.hu\/webshop\/wp-json\/wp\/v2\/product_cat?post=35728"},{"taxonomy":"product_tag","embeddable":true,"href":"https:\/\/chilimag.hu\/webshop\/wp-json\/wp\/v2\/product_tag?post=35728"}],"curies":[{"name":"wp","href":"https:\/\/api.w.org\/{rel}","templated":true}]}}