{"id":35723,"date":"2025-02-13T18:40:40","date_gmt":"2025-02-13T18:40:40","guid":{"rendered":"https:\/\/chilimag.hu\/webshop\/?post_type=product&#038;p=35723"},"modified":"2026-05-10T20:46:20","modified_gmt":"2026-05-10T20:46:20","slug":"nyari-ciprus-kochia-z-s-sl","status":"publish","type":"product","link":"https:\/\/chilimag.hu\/webshop\/termek\/nyari-ciprus-kochia-z-s-sl\/","title":{"rendered":"Ny\u00e1ri Ciprus KOCHIA Z.S SL"},"content":{"rendered":"","protected":false},"excerpt":{"rendered":"<p><img decoding=\"async\" class=\"\" src=\"https:\/\/b2b.seklos.lt\/img\/m\/75-medium_default.jpg\" alt=\"\" width=\"151\" height=\"151\" \/><\/p>\n<h3>Term\u00e9kle\u00edr\u00e1s<\/h3>\n<p>Botanikai n\u00e9v:Kochia trichophylla Voss<\/p>\n<p>Egyny\u00e1ri, 80 cm magas, nagyon dekorat\u00edv n\u00f6v\u00e9ny, szezonban sz\u00edne megv\u00e1ltozik \u2013 ny\u00e1r elej\u00e9n z\u00f6ld, majd \u0151sszel meggysz\u00edn\u0171v\u00e9 v\u00e1lik. Gyorsan n\u00f6vekszik, v\u00e1ghat\u00f3. T\u00f6k\u00e9letes s\u00f6v\u00e9nyk\u00e9nt, amely elv\u00e1lasztja a vir\u00e1g\u00e1gy\u00e1sok ter\u00fcleteit. Legjobban napos helyeken fejl\u0151dik, laza, k\u00f6nny\u0171 \u00e9s term\u00e9keny talajt ig\u00e9nyel. Ellen\u00e1ll a sz\u00e1razs\u00e1gnak. A kochi\u00e1t k\u00f6zvetlen\u00fcl az \u00e1gy\u00e1sba vagy dobozokba vetik otthon vagy \u00fcvegh\u00e1zban, majd \u00e1t\u00fcltetik.<\/p>\n<p>Magok sz\u00e1ma grammonk\u00e9nt 1100<br \/>\nVet\u00e9sid\u0151 a talajban V<br \/>\nVet\u00e9sid\u0151 \u00fcvegh\u00e1zban IV-V<br \/>\nVir\u00e1gz\u00e1si id\u0151szak VII-X<br \/>\nN\u00f6v\u00e9nymagass\u00e1g, 80 cm<br \/>\nTerm\u0151f\u00f6ld<br \/>\nM\u00e1rka \u017dalia stotel\u0117<br \/>\nTranszplant\u00e1ci\u00f3 V-VI<br \/>\nNapos hely Igen<br \/>\nSz\u00edn Z\u00f6ld<br \/>\nKiszerel\u00e9s 0,3 g<\/p>\n","protected":false},"featured_media":35724,"comment_status":"closed","ping_status":"closed","template":"","meta":[],"product_brand":[],"product_cat":[363],"product_tag":[],"class_list":{"0":"post-35723","1":"product","2":"type-product","3":"status-publish","4":"has-post-thumbnail","6":"product_cat-virag-vetomagok-zalia-stotele","8":"first","9":"instock","10":"taxable","11":"shipping-taxable","12":"purchasable","13":"product-type-simple"},"_links":{"self":[{"href":"https:\/\/chilimag.hu\/webshop\/wp-json\/wp\/v2\/product\/35723","targetHints":{"allow":["GET"]}}],"collection":[{"href":"https:\/\/chilimag.hu\/webshop\/wp-json\/wp\/v2\/product"}],"about":[{"href":"https:\/\/chilimag.hu\/webshop\/wp-json\/wp\/v2\/types\/product"}],"replies":[{"embeddable":true,"href":"https:\/\/chilimag.hu\/webshop\/wp-json\/wp\/v2\/comments?post=35723"}],"wp:featuredmedia":[{"embeddable":true,"href":"https:\/\/chilimag.hu\/webshop\/wp-json\/wp\/v2\/media\/35724"}],"wp:attachment":[{"href":"https:\/\/chilimag.hu\/webshop\/wp-json\/wp\/v2\/media?parent=35723"}],"wp:term":[{"taxonomy":"product_brand","embeddable":true,"href":"https:\/\/chilimag.hu\/webshop\/wp-json\/wp\/v2\/product_brand?post=35723"},{"taxonomy":"product_cat","embeddable":true,"href":"https:\/\/chilimag.hu\/webshop\/wp-json\/wp\/v2\/product_cat?post=35723"},{"taxonomy":"product_tag","embeddable":true,"href":"https:\/\/chilimag.hu\/webshop\/wp-json\/wp\/v2\/product_tag?post=35723"}],"curies":[{"name":"wp","href":"https:\/\/api.w.org\/{rel}","templated":true}]}}