{"id":35721,"date":"2025-02-13T18:27:27","date_gmt":"2025-02-13T18:27:27","guid":{"rendered":"https:\/\/chilimag.hu\/webshop\/?post_type=product&#038;p=35721"},"modified":"2026-02-18T17:24:45","modified_gmt":"2026-02-18T17:24:45","slug":"kasvirag-paradiso-super-duper-z-s-sl","status":"publish","type":"product","link":"https:\/\/chilimag.hu\/webshop\/termek\/kasvirag-paradiso-super-duper-z-s-sl\/","title":{"rendered":"Kasvir\u00e1g PARADISO SUPER-DUPER Z.S SL"},"content":{"rendered":"","protected":false},"excerpt":{"rendered":"<p><img decoding=\"async\" class=\"logo\" src=\"https:\/\/b2b.seklos.lt\/themes\/warehouse\/img\/logo_en.png\" alt=\"Agrofirma S\u0117klos, UAB\" \/><\/p>\n<p>Kasvir\u00e1g I Paradiso Super-Duper<br \/>\n\u00c9vel\u0151, nagyon dekorat\u00edv, f\u00e9lig telt vir\u00e1gz\u00e1s\u00fa, ak\u00e1r 80 cm magasra is megn\u0151. A vet\u00e9s ut\u00e1ni els\u0151 \u00e9vben vir\u00e1gzik. K\u00f6nnyebb talajban, szerves tr\u00e1gy\u00e1val j\u00f3l tr\u00e1gy\u00e1zott talajban, napos helyen vagy f\u00e9l\u00e1rny\u00e9kban is j\u00f3l megterem, nem szereti a vizes talajt. Z\u00f6ldter\u00fcletbe, vir\u00e1g\u00e1gy\u00e1sba \u00fcltetik, csokorba \u00fcltetik, fedetlen\u00fcl telel, \u00e9s t\u00f6bb mint egy \u00e9vig is n\u0151het ugyanazon a helyen.<\/p>\n<p>Magok sz\u00e1ma grammonk\u00e9nt 200-220<br \/>\nVet\u00e9sid\u0151 a talajban V-VII<br \/>\nVir\u00e1gz\u00e1si id\u0151szak VII-VIII<br \/>\nN\u00f6v\u00e9nymagass\u00e1g, 80 cm<br \/>\nTerm\u0151f\u00f6ld<br \/>\nM\u00e1rka \u017dalia stotel\u0117<br \/>\nTranszplant\u00e1ci\u00f3 VIII<br \/>\nNapos hely Igen<br \/>\n\u00c9vel\u0151 Igen<br \/>\nSz\u00edn Pink<br \/>\nKiszerel\u00e9s 15 g<\/p>\n","protected":false},"featured_media":35722,"comment_status":"closed","ping_status":"closed","template":"","meta":[],"product_brand":[],"product_cat":[363],"product_tag":[],"class_list":{"0":"post-35721","1":"product","2":"type-product","3":"status-publish","4":"has-post-thumbnail","6":"product_cat-virag-vetomagok-zalia-stotele","8":"first","9":"instock","10":"taxable","11":"shipping-taxable","12":"purchasable","13":"product-type-simple"},"_links":{"self":[{"href":"https:\/\/chilimag.hu\/webshop\/wp-json\/wp\/v2\/product\/35721","targetHints":{"allow":["GET"]}}],"collection":[{"href":"https:\/\/chilimag.hu\/webshop\/wp-json\/wp\/v2\/product"}],"about":[{"href":"https:\/\/chilimag.hu\/webshop\/wp-json\/wp\/v2\/types\/product"}],"replies":[{"embeddable":true,"href":"https:\/\/chilimag.hu\/webshop\/wp-json\/wp\/v2\/comments?post=35721"}],"wp:featuredmedia":[{"embeddable":true,"href":"https:\/\/chilimag.hu\/webshop\/wp-json\/wp\/v2\/media\/35722"}],"wp:attachment":[{"href":"https:\/\/chilimag.hu\/webshop\/wp-json\/wp\/v2\/media?parent=35721"}],"wp:term":[{"taxonomy":"product_brand","embeddable":true,"href":"https:\/\/chilimag.hu\/webshop\/wp-json\/wp\/v2\/product_brand?post=35721"},{"taxonomy":"product_cat","embeddable":true,"href":"https:\/\/chilimag.hu\/webshop\/wp-json\/wp\/v2\/product_cat?post=35721"},{"taxonomy":"product_tag","embeddable":true,"href":"https:\/\/chilimag.hu\/webshop\/wp-json\/wp\/v2\/product_tag?post=35721"}],"curies":[{"name":"wp","href":"https:\/\/api.w.org\/{rel}","templated":true}]}}