{"id":35719,"date":"2025-02-13T18:21:56","date_gmt":"2025-02-13T18:21:56","guid":{"rendered":"https:\/\/chilimag.hu\/webshop\/?post_type=product&#038;p=35719"},"modified":"2026-03-23T09:33:40","modified_gmt":"2026-03-23T09:33:40","slug":"spenot-winterriesen-agr-sl","status":"publish","type":"product","link":"https:\/\/chilimag.hu\/webshop\/termek\/spenot-winterriesen-agr-sl\/","title":{"rendered":"Spen\u00f3t WINTERRIESEN AGR SL"},"content":{"rendered":"","protected":false},"excerpt":{"rendered":"<p><img decoding=\"async\" class=\"active-logo\" src=\"https:\/\/b2b.seklos.lt\/themes\/warehouse\/img\/logo_en.png\" alt=\"Agrofirma S\u0117klos, UAB\" width=\"280\" height=\"95\" \/><\/p>\n<p>SPEN\u00d3T WINTERRIESEN<br \/>\nK\u00f6z\u00e9pkorai, magas hozam\u00fa fajta. Kora tavasszal vagy \u0151sszel vetik. Hidegebb h\u0151m\u00e9rs\u00e9kleten vir\u00e1gzik. Ny\u00e1ri k\u00e1nikula idej\u00e9n vetve nem b\u0151s\u00e9ges a term\u00e9s. A legalkalmasabb k\u00f6zepesen neh\u00e9z, kell\u0151en term\u00e9keny talajra.<\/p>\n<p>Magok sz\u00e1ma grammonk\u00e9nt ~70-100<br \/>\nVet\u00e9sid\u0151 a talajban VIII-IX<br \/>\nA pal\u00e1nt\u00e1k vet\u00e9si ideje III<br \/>\nT\u00e1vols\u00e1gok, cm 20&#215;10<br \/>\nSz\u00fcret IX<br \/>\nAGRONOM m\u00e1rka<br \/>\nNapos hely Igen<br \/>\nF\u00e9l\u00e1rny\u00e9k Igen<\/p>\n","protected":false},"featured_media":35720,"comment_status":"closed","ping_status":"closed","template":"","meta":[],"product_brand":[],"product_cat":[403],"product_tag":[],"class_list":{"0":"post-35719","1":"product","2":"type-product","3":"status-publish","4":"has-post-thumbnail","6":"product_cat-retek-salata-es-leveles-zoldsegek-vetomagok","8":"first","9":"instock","10":"taxable","11":"shipping-taxable","12":"purchasable","13":"product-type-simple"},"_links":{"self":[{"href":"https:\/\/chilimag.hu\/webshop\/wp-json\/wp\/v2\/product\/35719","targetHints":{"allow":["GET"]}}],"collection":[{"href":"https:\/\/chilimag.hu\/webshop\/wp-json\/wp\/v2\/product"}],"about":[{"href":"https:\/\/chilimag.hu\/webshop\/wp-json\/wp\/v2\/types\/product"}],"replies":[{"embeddable":true,"href":"https:\/\/chilimag.hu\/webshop\/wp-json\/wp\/v2\/comments?post=35719"}],"wp:featuredmedia":[{"embeddable":true,"href":"https:\/\/chilimag.hu\/webshop\/wp-json\/wp\/v2\/media\/35720"}],"wp:attachment":[{"href":"https:\/\/chilimag.hu\/webshop\/wp-json\/wp\/v2\/media?parent=35719"}],"wp:term":[{"taxonomy":"product_brand","embeddable":true,"href":"https:\/\/chilimag.hu\/webshop\/wp-json\/wp\/v2\/product_brand?post=35719"},{"taxonomy":"product_cat","embeddable":true,"href":"https:\/\/chilimag.hu\/webshop\/wp-json\/wp\/v2\/product_cat?post=35719"},{"taxonomy":"product_tag","embeddable":true,"href":"https:\/\/chilimag.hu\/webshop\/wp-json\/wp\/v2\/product_tag?post=35719"}],"curies":[{"name":"wp","href":"https:\/\/api.w.org\/{rel}","templated":true}]}}