{"id":35717,"date":"2025-02-13T18:17:03","date_gmt":"2025-02-13T18:17:03","guid":{"rendered":"https:\/\/chilimag.hu\/webshop\/?post_type=product&#038;p=35717"},"modified":"2026-01-04T19:39:42","modified_gmt":"2026-01-04T19:39:42","slug":"soska-broadleaved-agr-sl","status":"publish","type":"product","link":"https:\/\/chilimag.hu\/webshop\/termek\/soska-broadleaved-agr-sl\/","title":{"rendered":"S\u00f3ska BROADLEAVED AGR SL"},"content":{"rendered":"","protected":false},"excerpt":{"rendered":"<p><img decoding=\"async\" class=\"active-logo\" src=\"https:\/\/b2b.seklos.lt\/themes\/warehouse\/img\/logo_en.png\" alt=\"Agrofirma S\u0117klos, UAB\" width=\"280\" height=\"95\" \/><\/p>\n<p>S\u00f3ska BROADLEAVED \u00c9vel\u0151, az egyik legkor\u00e1bbi level\u0171 z\u00f6lds\u00e9g. A cs\u00edr\u00e1z\u00e1s ut\u00e1n 45-50 napig tart az els\u0151 betakar\u00edt\u00e1sig. B\u00e1rmilyen talajt\u00edpusban n\u0151het. \u00c1rny\u00e9kban n\u0151het. Kora tavasszal vagy a ny\u00e1r m\u00e1sodik fel\u00e9ben vetik.<\/p>\n<p>Magok sz\u00e1ma grammonk\u00e9nt ~1000-1500<br \/>\nVet\u00e9sid\u0151 a talajban VIII<br \/>\nT\u00e1vols\u00e1gok, cm 20&#215;5<br \/>\nSz\u00fcret IV-IX<br \/>\nAGRONOM m\u00e1rka<br \/>\nNapos hely Igen<br \/>\nF\u00e9l\u00e1rny\u00e9k Igen<\/p>\n","protected":false},"featured_media":35718,"comment_status":"closed","ping_status":"closed","template":"","meta":[],"product_brand":[],"product_cat":[403],"product_tag":[],"class_list":{"0":"post-35717","1":"product","2":"type-product","3":"status-publish","4":"has-post-thumbnail","6":"product_cat-retek-salata-es-leveles-zoldsegek-vetomagok","8":"first","9":"instock","10":"taxable","11":"shipping-taxable","12":"purchasable","13":"product-type-simple"},"_links":{"self":[{"href":"https:\/\/chilimag.hu\/webshop\/wp-json\/wp\/v2\/product\/35717","targetHints":{"allow":["GET"]}}],"collection":[{"href":"https:\/\/chilimag.hu\/webshop\/wp-json\/wp\/v2\/product"}],"about":[{"href":"https:\/\/chilimag.hu\/webshop\/wp-json\/wp\/v2\/types\/product"}],"replies":[{"embeddable":true,"href":"https:\/\/chilimag.hu\/webshop\/wp-json\/wp\/v2\/comments?post=35717"}],"wp:featuredmedia":[{"embeddable":true,"href":"https:\/\/chilimag.hu\/webshop\/wp-json\/wp\/v2\/media\/35718"}],"wp:attachment":[{"href":"https:\/\/chilimag.hu\/webshop\/wp-json\/wp\/v2\/media?parent=35717"}],"wp:term":[{"taxonomy":"product_brand","embeddable":true,"href":"https:\/\/chilimag.hu\/webshop\/wp-json\/wp\/v2\/product_brand?post=35717"},{"taxonomy":"product_cat","embeddable":true,"href":"https:\/\/chilimag.hu\/webshop\/wp-json\/wp\/v2\/product_cat?post=35717"},{"taxonomy":"product_tag","embeddable":true,"href":"https:\/\/chilimag.hu\/webshop\/wp-json\/wp\/v2\/product_tag?post=35717"}],"curies":[{"name":"wp","href":"https:\/\/api.w.org\/{rel}","templated":true}]}}