{"id":35715,"date":"2025-02-13T18:11:38","date_gmt":"2025-02-13T18:11:38","guid":{"rendered":"https:\/\/chilimag.hu\/webshop\/?post_type=product&#038;p=35715"},"modified":"2026-02-18T17:22:48","modified_gmt":"2026-02-18T17:22:48","slug":"retek-rover-hibrid-z-s-sl","status":"publish","type":"product","link":"https:\/\/chilimag.hu\/webshop\/termek\/retek-rover-hibrid-z-s-sl\/","title":{"rendered":"Retek ROVER Hibrid Z.S SL"},"content":{"rendered":"","protected":false},"excerpt":{"rendered":"<p><img decoding=\"async\" class=\"active-logo\" src=\"https:\/\/b2b.seklos.lt\/themes\/warehouse\/img\/logo_en.png\" alt=\"Agrofirma S\u0117klos, UAB\" width=\"280\" height=\"95\" \/><\/p>\n<p>Le\u00edr\u00e1s<\/p>\n<p>Nagy term\u0151k\u00e9pess\u00e9g\u0171 univerz\u00e1lis retek hibrid, j\u00f3l t\u0171ri a hossz\u00fa napokat, a meleget \u00e9s a nedvess\u00e9ghi\u00e1nyt, \u00edgy eg\u00e9sz szezonban termeszthet\u0151. A gy\u00f6kerek egys\u00e9gesek, \u00e9l\u00e9nkv\u00f6r\u00f6s sz\u00edn\u0171ek, nagyon nagyra n\u0151nek &#8211; ak\u00e1r 6-7 cm \u00e1tm\u00e9r\u0151j\u0171ek. A tavaszi veget\u00e1ci\u00f3s id\u0151szak 37 nap. Lombozata k\u00f6zepes magass\u00e1g\u00fa, er\u0151teljes. A magvak kezelhet\u0151k. Ha a magvakat kezelik, a kezel\u00e9s neve a csomagol\u00e1s alj\u00e1n tal\u00e1lhat\u00f3.<\/p>\n<p>A magok sz\u00e1ma grammonk\u00e9nt ~70-130<br \/>\nVet\u00e9sid\u0151 a talajban III-V<br \/>\nT\u00e1vols\u00e1gok, cm 15&#215;3<br \/>\nSz\u00fcret IV-VI<br \/>\nTerm\u0151f\u00f6ld<br \/>\nM\u00e1rka \u017dalia stotel\u0117<br \/>\nNapos hely Igen<br \/>\nKiszerel\u00e9s 3 g<\/p>\n","protected":false},"featured_media":35716,"comment_status":"closed","ping_status":"closed","template":"","meta":[],"product_brand":[],"product_cat":[357],"product_tag":[],"class_list":{"0":"post-35715","1":"product","2":"type-product","3":"status-publish","4":"has-post-thumbnail","6":"product_cat-retek-salata-es-levelzoldseg-vetomagok","8":"first","9":"instock","10":"taxable","11":"shipping-taxable","12":"purchasable","13":"product-type-simple"},"_links":{"self":[{"href":"https:\/\/chilimag.hu\/webshop\/wp-json\/wp\/v2\/product\/35715","targetHints":{"allow":["GET"]}}],"collection":[{"href":"https:\/\/chilimag.hu\/webshop\/wp-json\/wp\/v2\/product"}],"about":[{"href":"https:\/\/chilimag.hu\/webshop\/wp-json\/wp\/v2\/types\/product"}],"replies":[{"embeddable":true,"href":"https:\/\/chilimag.hu\/webshop\/wp-json\/wp\/v2\/comments?post=35715"}],"wp:featuredmedia":[{"embeddable":true,"href":"https:\/\/chilimag.hu\/webshop\/wp-json\/wp\/v2\/media\/35716"}],"wp:attachment":[{"href":"https:\/\/chilimag.hu\/webshop\/wp-json\/wp\/v2\/media?parent=35715"}],"wp:term":[{"taxonomy":"product_brand","embeddable":true,"href":"https:\/\/chilimag.hu\/webshop\/wp-json\/wp\/v2\/product_brand?post=35715"},{"taxonomy":"product_cat","embeddable":true,"href":"https:\/\/chilimag.hu\/webshop\/wp-json\/wp\/v2\/product_cat?post=35715"},{"taxonomy":"product_tag","embeddable":true,"href":"https:\/\/chilimag.hu\/webshop\/wp-json\/wp\/v2\/product_tag?post=35715"}],"curies":[{"name":"wp","href":"https:\/\/api.w.org\/{rel}","templated":true}]}}