{"id":35699,"date":"2025-02-13T12:50:59","date_gmt":"2025-02-13T12:50:59","guid":{"rendered":"https:\/\/chilimag.hu\/webshop\/?post_type=product&#038;p=35699"},"modified":"2026-03-02T08:29:44","modified_gmt":"2026-03-02T08:29:44","slug":"salata-red-iceberg-z-s-sl","status":"publish","type":"product","link":"https:\/\/chilimag.hu\/webshop\/termek\/salata-red-iceberg-z-s-sl\/","title":{"rendered":"Sal\u00e1ta RED ICEBERG Z.S SL"},"content":{"rendered":"","protected":false},"excerpt":{"rendered":"<p><img decoding=\"async\" class=\"active-logo\" src=\"https:\/\/b2b.seklos.lt\/themes\/warehouse\/img\/logo_en.png\" alt=\"Agrofirma S\u0117klos, UAB\" width=\"280\" height=\"95\" \/><\/p>\n<p>Le\u00edr\u00e1s<\/p>\n<p>K\u00f6zepesen korai term\u0151k\u00e9pess\u00e9g\u0171 Iceberg t\u00edpus\u00fa sal\u00e1tafajta. A fajta nemcsak kiv\u00e1l\u00f3 \u00edze, hanem jellegzetes v\u00f6r\u00f6ses sz\u00edne miatt is n\u00e9pszer\u0171. A vet\u00e9st\u0151l sz\u00e1m\u00edtott veget\u00e1ci\u00f3s id\u0151szak 70-80 nap. A korai betakar\u00edt\u00e1shoz sal\u00e1ta pal\u00e1nt\u00e1k termeszt\u00e9se aj\u00e1nlott. A szabadban termesztik tavaszi, ny\u00e1ri \u00e9s \u0151szi betakar\u00edt\u00e1sra. A cip\u00f3k nagyok, z\u00e1rtak, merevek, levelei l\u00e9d\u00fasak, ropog\u00f3sak.<\/p>\n<p>A fajta korai \u00e9r\u00e9se M\u00e9rs\u00e9kelten korai<br \/>\nMagok sz\u00e1ma grammonk\u00e9nt ~700-1200<br \/>\nVet\u00e9sid\u0151 a talajban IV-V<br \/>\nA pal\u00e1nt\u00e1k vet\u00e9si ideje III-IV<br \/>\nSz\u00fcret VI-IX<br \/>\nTerm\u0151f\u00f6ld<br \/>\nM\u00e1rka \u017dalia stotel\u0117<br \/>\nTranszplant\u00e1ci\u00f3 IV-VII<br \/>\nNapos hely Igen<br \/>\nKiszerel\u00e9s 1 g<\/p>\n","protected":false},"featured_media":35700,"comment_status":"closed","ping_status":"closed","template":"","meta":[],"product_brand":[],"product_cat":[357],"product_tag":[],"class_list":{"0":"post-35699","1":"product","2":"type-product","3":"status-publish","4":"has-post-thumbnail","6":"product_cat-retek-salata-es-levelzoldseg-vetomagok","8":"first","9":"instock","10":"taxable","11":"shipping-taxable","12":"purchasable","13":"product-type-simple"},"_links":{"self":[{"href":"https:\/\/chilimag.hu\/webshop\/wp-json\/wp\/v2\/product\/35699","targetHints":{"allow":["GET"]}}],"collection":[{"href":"https:\/\/chilimag.hu\/webshop\/wp-json\/wp\/v2\/product"}],"about":[{"href":"https:\/\/chilimag.hu\/webshop\/wp-json\/wp\/v2\/types\/product"}],"replies":[{"embeddable":true,"href":"https:\/\/chilimag.hu\/webshop\/wp-json\/wp\/v2\/comments?post=35699"}],"wp:featuredmedia":[{"embeddable":true,"href":"https:\/\/chilimag.hu\/webshop\/wp-json\/wp\/v2\/media\/35700"}],"wp:attachment":[{"href":"https:\/\/chilimag.hu\/webshop\/wp-json\/wp\/v2\/media?parent=35699"}],"wp:term":[{"taxonomy":"product_brand","embeddable":true,"href":"https:\/\/chilimag.hu\/webshop\/wp-json\/wp\/v2\/product_brand?post=35699"},{"taxonomy":"product_cat","embeddable":true,"href":"https:\/\/chilimag.hu\/webshop\/wp-json\/wp\/v2\/product_cat?post=35699"},{"taxonomy":"product_tag","embeddable":true,"href":"https:\/\/chilimag.hu\/webshop\/wp-json\/wp\/v2\/product_tag?post=35699"}],"curies":[{"name":"wp","href":"https:\/\/api.w.org\/{rel}","templated":true}]}}