{"id":35688,"date":"2025-02-13T07:41:32","date_gmt":"2025-02-13T07:41:32","guid":{"rendered":"https:\/\/chilimag.hu\/webshop\/?post_type=product&#038;p=35688"},"modified":"2026-02-18T16:32:04","modified_gmt":"2026-02-18T16:32:04","slug":"salata-radichetta-z-s-sl","status":"publish","type":"product","link":"https:\/\/chilimag.hu\/webshop\/termek\/salata-radichetta-z-s-sl\/","title":{"rendered":"Sal\u00e1ta RADICHETTA Z.S SL"},"content":{"rendered":"","protected":false},"excerpt":{"rendered":"<p><img decoding=\"async\" class=\"active-logo\" src=\"https:\/\/b2b.seklos.lt\/themes\/warehouse\/img\/logo_en.png\" alt=\"Agrofirma S\u0117klos, UAB\" width=\"280\" height=\"95\" \/><\/p>\n<p>Le\u00edr\u00e1s<\/p>\n<p>Korai leveles sal\u00e1tafajta, t\u00f6lgylevelekre eml\u00e9keztet\u0151 lev\u00e9lform\u00e1val, de keser\u0171s\u00e9g n\u00e9lk\u00fcl. Ennek a sal\u00e1tafajt\u00e1nak a levelei m\u00e9lyen v\u00e1gottak, halv\u00e1nyz\u00f6ldek, zamatosak, kiv\u00e1l\u00f3 \u00edz\u0171ek, v\u00e1g\u00e1s ut\u00e1n \u00fajra n\u0151nek. Cs\u00edr\u00e1zni kezd, amikor a talaj h\u0151m\u00e9rs\u00e9klete +4\u00b0C-ra emelkedik. Nem h\u0151ig\u00e9nyes, de mint a f\u00e9ny. Ny\u00edlt talajon termesztik. Ez a fajta alkalmas kis levelek termeszt\u00e9s\u00e9re.<\/p>\n<p>Magok sz\u00e1ma grammonk\u00e9nt ~700-1200<br \/>\nVet\u00e9sid\u0151 a talajban IV-VII<br \/>\nSz\u00fcret IV-IX<br \/>\nTerm\u0151f\u00f6ld<br \/>\nM\u00e1rka \u017dalia stotel\u0117<br \/>\nTranszplant\u00e1ci\u00f3 IV-VII<br \/>\nNapos hely Igen<br \/>\nKiszerel\u00e9s 2 g<\/p>\n","protected":false},"featured_media":35689,"comment_status":"closed","ping_status":"closed","template":"","meta":[],"product_brand":[],"product_cat":[357],"product_tag":[],"class_list":{"0":"post-35688","1":"product","2":"type-product","3":"status-publish","4":"has-post-thumbnail","6":"product_cat-retek-salata-es-levelzoldseg-vetomagok","8":"first","9":"instock","10":"taxable","11":"shipping-taxable","12":"purchasable","13":"product-type-simple"},"_links":{"self":[{"href":"https:\/\/chilimag.hu\/webshop\/wp-json\/wp\/v2\/product\/35688","targetHints":{"allow":["GET"]}}],"collection":[{"href":"https:\/\/chilimag.hu\/webshop\/wp-json\/wp\/v2\/product"}],"about":[{"href":"https:\/\/chilimag.hu\/webshop\/wp-json\/wp\/v2\/types\/product"}],"replies":[{"embeddable":true,"href":"https:\/\/chilimag.hu\/webshop\/wp-json\/wp\/v2\/comments?post=35688"}],"wp:featuredmedia":[{"embeddable":true,"href":"https:\/\/chilimag.hu\/webshop\/wp-json\/wp\/v2\/media\/35689"}],"wp:attachment":[{"href":"https:\/\/chilimag.hu\/webshop\/wp-json\/wp\/v2\/media?parent=35688"}],"wp:term":[{"taxonomy":"product_brand","embeddable":true,"href":"https:\/\/chilimag.hu\/webshop\/wp-json\/wp\/v2\/product_brand?post=35688"},{"taxonomy":"product_cat","embeddable":true,"href":"https:\/\/chilimag.hu\/webshop\/wp-json\/wp\/v2\/product_cat?post=35688"},{"taxonomy":"product_tag","embeddable":true,"href":"https:\/\/chilimag.hu\/webshop\/wp-json\/wp\/v2\/product_tag?post=35688"}],"curies":[{"name":"wp","href":"https:\/\/api.w.org\/{rel}","templated":true}]}}