{"id":35686,"date":"2025-02-13T07:25:18","date_gmt":"2025-02-13T07:25:18","guid":{"rendered":"https:\/\/chilimag.hu\/webshop\/?post_type=product&#038;p=35686"},"modified":"2026-02-18T16:31:34","modified_gmt":"2026-02-18T16:31:34","slug":"salata-crisp-mint-z-s-sl","status":"publish","type":"product","link":"https:\/\/chilimag.hu\/webshop\/termek\/salata-crisp-mint-z-s-sl\/","title":{"rendered":"Sal\u00e1ta CRISP MINT Z.S SL"},"content":{"rendered":"","protected":false},"excerpt":{"rendered":"<p><img decoding=\"async\" class=\"active-logo\" src=\"https:\/\/b2b.seklos.lt\/themes\/warehouse\/img\/logo_en.png\" alt=\"Agrofirma S\u0117klos, UAB\" width=\"280\" height=\"95\" \/><\/p>\n<p>Le\u00edr\u00e1s<\/p>\n<p>Kis gem-t\u00edpus\u00fa r\u00f3mai sal\u00e1ta fajta. A cs\u00edr\u00e1z\u00e1st\u00f3l sz\u00e1m\u00edtott 60-70 napon bel\u00fcl n\u0151. A fejek megny\u00faltak, k\u00f6r\u00fclbel\u00fcl 15 cm hossz\u00faak, ropog\u00f3s, enyh\u00e9n hull\u00e1mos, k\u00e9kesz\u00f6ld levelekkel. Szed\u00e9s ut\u00e1n maradj j\u00f3l. Tavaszt\u00f3l \u0151szig termesztik. Kezdjen cs\u00edr\u00e1zni, amikor a talaj +4 \u00baC-ra felmelegszik. Legjobban humuszban gazdag, v\u00edz\u00e1tereszt\u0151 talajban fejl\u0151dik. Rosszul n\u0151 az \u00e1rny\u00e9kban.<\/p>\n<p>Magok sz\u00e1ma grammonk\u00e9nt ~700-1200<br \/>\nVet\u00e9sid\u0151 a talajban III-V<br \/>\nVet\u00e9sid\u0151 \u00fcvegh\u00e1zban III-IV<br \/>\nSz\u00fcret IV-VII<br \/>\nTermeszt\u00e9si hely \u00dcvegh\u00e1zban, sz\u00e1nt\u00f3f\u00f6ld\u00f6n<br \/>\nM\u00e1rka \u017dalia stotel\u0117<br \/>\nTranszplant\u00e1ci\u00f3 IV-VI<br \/>\nNapos hely Igen<br \/>\nKiszerel\u00e9s 1 g<\/p>\n","protected":false},"featured_media":35687,"comment_status":"closed","ping_status":"closed","template":"","meta":[],"product_brand":[],"product_cat":[357],"product_tag":[],"class_list":{"0":"post-35686","1":"product","2":"type-product","3":"status-publish","4":"has-post-thumbnail","6":"product_cat-retek-salata-es-levelzoldseg-vetomagok","8":"first","9":"instock","10":"taxable","11":"shipping-taxable","12":"purchasable","13":"product-type-simple"},"_links":{"self":[{"href":"https:\/\/chilimag.hu\/webshop\/wp-json\/wp\/v2\/product\/35686","targetHints":{"allow":["GET"]}}],"collection":[{"href":"https:\/\/chilimag.hu\/webshop\/wp-json\/wp\/v2\/product"}],"about":[{"href":"https:\/\/chilimag.hu\/webshop\/wp-json\/wp\/v2\/types\/product"}],"replies":[{"embeddable":true,"href":"https:\/\/chilimag.hu\/webshop\/wp-json\/wp\/v2\/comments?post=35686"}],"wp:featuredmedia":[{"embeddable":true,"href":"https:\/\/chilimag.hu\/webshop\/wp-json\/wp\/v2\/media\/35687"}],"wp:attachment":[{"href":"https:\/\/chilimag.hu\/webshop\/wp-json\/wp\/v2\/media?parent=35686"}],"wp:term":[{"taxonomy":"product_brand","embeddable":true,"href":"https:\/\/chilimag.hu\/webshop\/wp-json\/wp\/v2\/product_brand?post=35686"},{"taxonomy":"product_cat","embeddable":true,"href":"https:\/\/chilimag.hu\/webshop\/wp-json\/wp\/v2\/product_cat?post=35686"},{"taxonomy":"product_tag","embeddable":true,"href":"https:\/\/chilimag.hu\/webshop\/wp-json\/wp\/v2\/product_tag?post=35686"}],"curies":[{"name":"wp","href":"https:\/\/api.w.org\/{rel}","templated":true}]}}