{"id":35684,"date":"2025-02-13T07:20:35","date_gmt":"2025-02-13T07:20:35","guid":{"rendered":"https:\/\/chilimag.hu\/webshop\/?post_type=product&#038;p=35684"},"modified":"2025-08-31T09:57:17","modified_gmt":"2025-08-31T09:57:17","slug":"salata-blonde-de-paris-z-s-sl","status":"publish","type":"product","link":"https:\/\/chilimag.hu\/webshop\/termek\/salata-blonde-de-paris-z-s-sl\/","title":{"rendered":"Sal\u00e1ta BLONDE DE PARIS Z.S SL"},"content":{"rendered":"","protected":false},"excerpt":{"rendered":"<p><img decoding=\"async\" class=\"active-logo\" src=\"https:\/\/b2b.seklos.lt\/themes\/warehouse\/img\/logo_en.png\" alt=\"Agrofirma S\u0117klos, UAB\" width=\"280\" height=\"95\" \/><\/p>\n<p>Batavia t\u00edpus\u00fa vaj fejes sal\u00e1ta. A fej meglehet\u0151sen nagy, szorosan t\u00f6m\u00f6tt, vil\u00e1gosz\u00f6ld, ropog\u00f3s, zamatos levelekkel. T\u00f6k\u00e9letes \u00edz\u0171, nem hajlamos vir\u00e1gozni, ellen\u00e1ll a hidegnek. Szabadban termesztik. A magokat k\u00f6zvetlen\u00fcl a talajba vetik, vagy pal\u00e1nt\u00e1kat \u00fcltetnek. Legjobban humuszban gazdag, v\u00edz\u00e1tereszt\u0151 talajban fejl\u0151dik. Ez a fajta alkalmas kis levelek termeszt\u00e9s\u00e9re.<\/p>\n<p>Magok sz\u00e1ma grammonk\u00e9nt ~700-1200<br \/>\nVet\u00e9sid\u0151 a talajban IV-VII<br \/>\nA pal\u00e1nt\u00e1k vet\u00e9si ideje III-IV<br \/>\nBetakar\u00edt\u00e1s IV-VIII<br \/>\nTerm\u0151f\u00f6ld<br \/>\nM\u00e1rka \u017dalia stotel\u0117<br \/>\nTranszplant\u00e1ci\u00f3 IV-V<br \/>\nNapos hely Igen<br \/>\nKiszerel\u00e9s 1 g<\/p>\n","protected":false},"featured_media":35685,"comment_status":"closed","ping_status":"closed","template":"","meta":[],"product_brand":[],"product_cat":[357],"product_tag":[],"class_list":{"0":"post-35684","1":"product","2":"type-product","3":"status-publish","4":"has-post-thumbnail","6":"product_cat-retek-salata-es-levelzoldseg-vetomagok","8":"first","9":"instock","10":"taxable","11":"shipping-taxable","12":"purchasable","13":"product-type-simple"},"_links":{"self":[{"href":"https:\/\/chilimag.hu\/webshop\/wp-json\/wp\/v2\/product\/35684","targetHints":{"allow":["GET"]}}],"collection":[{"href":"https:\/\/chilimag.hu\/webshop\/wp-json\/wp\/v2\/product"}],"about":[{"href":"https:\/\/chilimag.hu\/webshop\/wp-json\/wp\/v2\/types\/product"}],"replies":[{"embeddable":true,"href":"https:\/\/chilimag.hu\/webshop\/wp-json\/wp\/v2\/comments?post=35684"}],"wp:featuredmedia":[{"embeddable":true,"href":"https:\/\/chilimag.hu\/webshop\/wp-json\/wp\/v2\/media\/35685"}],"wp:attachment":[{"href":"https:\/\/chilimag.hu\/webshop\/wp-json\/wp\/v2\/media?parent=35684"}],"wp:term":[{"taxonomy":"product_brand","embeddable":true,"href":"https:\/\/chilimag.hu\/webshop\/wp-json\/wp\/v2\/product_brand?post=35684"},{"taxonomy":"product_cat","embeddable":true,"href":"https:\/\/chilimag.hu\/webshop\/wp-json\/wp\/v2\/product_cat?post=35684"},{"taxonomy":"product_tag","embeddable":true,"href":"https:\/\/chilimag.hu\/webshop\/wp-json\/wp\/v2\/product_tag?post=35684"}],"curies":[{"name":"wp","href":"https:\/\/api.w.org\/{rel}","templated":true}]}}