{"id":35682,"date":"2025-02-13T07:14:47","date_gmt":"2025-02-13T07:14:47","guid":{"rendered":"https:\/\/chilimag.hu\/webshop\/?post_type=product&#038;p=35682"},"modified":"2025-08-22T11:15:42","modified_gmt":"2025-08-22T11:15:42","slug":"zellerlevel-zwolse-krul-z-s-sl","status":"publish","type":"product","link":"https:\/\/chilimag.hu\/webshop\/termek\/zellerlevel-zwolse-krul-z-s-sl\/","title":{"rendered":"Zellerlev\u00e9l ZWOLSE KRUL Z.S SL"},"content":{"rendered":"","protected":false},"excerpt":{"rendered":"<p><img decoding=\"async\" class=\"active-logo\" src=\"https:\/\/b2b.seklos.lt\/themes\/warehouse\/img\/logo_en.png\" alt=\"Agrofirma S\u0117klos, UAB\" width=\"280\" height=\"95\" \/><\/p>\n<p>Le\u00edr\u00e1s<\/p>\n<p>Kiv\u00e9teles, korai, dekorat\u00edv level\u0171 zellerfajta, petrezselyemszer\u0171en felp\u00f6nd\u00f6r\u00f6d\u00f6tt levelekkel. Az arom\u00e1s leveleket t\u00e1pl\u00e1l\u00e9kk\u00e9nt haszn\u00e1lj\u00e1k. Frissen fogyasztva, \u00e9telek d\u00edsz\u00edt\u00e9s\u00e9re alkalmas, sz\u00e1r\u00edtva pedig k\u00fcl\u00f6nf\u00e9le \u00e9telek \u00edzes\u00edt\u00e9s\u00e9re haszn\u00e1ljuk. A teljes n\u00f6v\u00e9ny lev\u00e1g\u00e1s\u00e1val t\u00f6bbsz\u00f6r is betakar\u00edthat\u00f3 a term\u00e9s. A n\u00f6v\u00e9nyeket nem szabad t\u00fal alacsonyra v\u00e1gni, mert el\u0151fordulhat, hogy nem n\u0151nek vissza. A n\u00f6v\u00e9ny kompakt, k\u00f6r\u00fclbel\u00fcl 30 cm magasra n\u0151, alkalmas cserepes termeszt\u00e9sre.<\/p>\n<p>A fajta korai ideje Korai<br \/>\nMagok sz\u00e1ma grammonk\u00e9nt ~2000-2600<br \/>\nA pal\u00e1nt\u00e1k vet\u00e9si ideje II-III<br \/>\nSz\u00fcret VII-X<br \/>\nTerm\u0151f\u00f6ld, cser\u00e9pben<br \/>\nM\u00e1rka \u017dalia stotel\u0117<br \/>\nTranszplant\u00e1ci\u00f3 V<br \/>\nNapos hely Igen<br \/>\nKiszerel\u00e9s 0,2 g<\/p>\n","protected":false},"featured_media":35683,"comment_status":"closed","ping_status":"closed","template":"","meta":[],"product_brand":[],"product_cat":[419],"product_tag":[],"class_list":{"0":"post-35682","1":"product","2":"type-product","3":"status-publish","4":"has-post-thumbnail","6":"product_cat-fuszer-es-gyogynovenyek-zalia-stotele","8":"first","9":"instock","10":"taxable","11":"shipping-taxable","12":"purchasable","13":"product-type-simple"},"_links":{"self":[{"href":"https:\/\/chilimag.hu\/webshop\/wp-json\/wp\/v2\/product\/35682","targetHints":{"allow":["GET"]}}],"collection":[{"href":"https:\/\/chilimag.hu\/webshop\/wp-json\/wp\/v2\/product"}],"about":[{"href":"https:\/\/chilimag.hu\/webshop\/wp-json\/wp\/v2\/types\/product"}],"replies":[{"embeddable":true,"href":"https:\/\/chilimag.hu\/webshop\/wp-json\/wp\/v2\/comments?post=35682"}],"wp:featuredmedia":[{"embeddable":true,"href":"https:\/\/chilimag.hu\/webshop\/wp-json\/wp\/v2\/media\/35683"}],"wp:attachment":[{"href":"https:\/\/chilimag.hu\/webshop\/wp-json\/wp\/v2\/media?parent=35682"}],"wp:term":[{"taxonomy":"product_brand","embeddable":true,"href":"https:\/\/chilimag.hu\/webshop\/wp-json\/wp\/v2\/product_brand?post=35682"},{"taxonomy":"product_cat","embeddable":true,"href":"https:\/\/chilimag.hu\/webshop\/wp-json\/wp\/v2\/product_cat?post=35682"},{"taxonomy":"product_tag","embeddable":true,"href":"https:\/\/chilimag.hu\/webshop\/wp-json\/wp\/v2\/product_tag?post=35682"}],"curies":[{"name":"wp","href":"https:\/\/api.w.org\/{rel}","templated":true}]}}