{"id":35680,"date":"2025-02-13T07:02:43","date_gmt":"2025-02-13T07:02:43","guid":{"rendered":"https:\/\/chilimag.hu\/webshop\/?post_type=product&#038;p=35680"},"modified":"2026-01-26T04:50:36","modified_gmt":"2026-01-26T04:50:36","slug":"paprika-reina-hibrid-z-s-sl","status":"publish","type":"product","link":"https:\/\/chilimag.hu\/webshop\/termek\/paprika-reina-hibrid-z-s-sl\/","title":{"rendered":"Paprika REINA Hibrid Z.S SL"},"content":{"rendered":"","protected":false},"excerpt":{"rendered":"<p><img decoding=\"async\" class=\"active-logo\" src=\"https:\/\/b2b.seklos.lt\/themes\/warehouse\/img\/logo_en.png\" alt=\"Agrofirma S\u0117klos, UAB\" width=\"280\" height=\"95\" \/><\/p>\n<p>Le\u00edr\u00e1s<\/p>\n<p>A &#8216;Lamuya&#8217; t\u00edpus\u00fa \u00e9despaprika k\u00f6z\u00e9pkorai, nagy hozam\u00fa hibridje. Gy\u00fcm\u00f6lcsei igen nagyok, 3-4 kamr\u00e1sak, megny\u00faltak, enyh\u00e9n bord\u00e1zottak, 300-400 g t\u00f6meg\u0171ek, 12-14 cm hossz\u00faak, \u00e9rett gy\u00fcm\u00f6lcs\u00f6k gazdagpirosak. Nagyon j\u00f3 \u00edz\u0171ek, \u00e9desek, ropog\u00f3sak \u00e9s arom\u00e1sak. A n\u00f6v\u00e9nyek meglehet\u0151sen magasak. Szabadban \u00e9s \u00fcvegh\u00e1zakban termesztik. Szabadf\u00f6ldi termeszt\u00e9skor napos hely javasolt.<\/p>\n<p>A fajta korai \u00e9r\u00e9se M\u00e9rs\u00e9kelten korai<br \/>\nMagok sz\u00e1ma a csomagban, db. 10<br \/>\nA pal\u00e1nt\u00e1k vet\u00e9si ideje II-III<br \/>\nSz\u00fcret VII\u2013IX<br \/>\nTerm\u0151f\u00f6ld, \u00fcvegh\u00e1zban<br \/>\nM\u00e1rka \u017dalia stotel\u0117<br \/>\nTranszplant\u00e1ci\u00f3 IV-VI<br \/>\nNapos hely Igen<\/p>\n","protected":false},"featured_media":35681,"comment_status":"closed","ping_status":"closed","template":"","meta":[],"product_brand":[],"product_cat":[414],"product_tag":[],"class_list":{"0":"post-35680","1":"product","2":"type-product","3":"status-publish","4":"has-post-thumbnail","6":"product_cat-paprika-vetomagok-zalia-stotele","8":"first","9":"instock","10":"taxable","11":"shipping-taxable","12":"purchasable","13":"product-type-simple"},"_links":{"self":[{"href":"https:\/\/chilimag.hu\/webshop\/wp-json\/wp\/v2\/product\/35680","targetHints":{"allow":["GET"]}}],"collection":[{"href":"https:\/\/chilimag.hu\/webshop\/wp-json\/wp\/v2\/product"}],"about":[{"href":"https:\/\/chilimag.hu\/webshop\/wp-json\/wp\/v2\/types\/product"}],"replies":[{"embeddable":true,"href":"https:\/\/chilimag.hu\/webshop\/wp-json\/wp\/v2\/comments?post=35680"}],"wp:featuredmedia":[{"embeddable":true,"href":"https:\/\/chilimag.hu\/webshop\/wp-json\/wp\/v2\/media\/35681"}],"wp:attachment":[{"href":"https:\/\/chilimag.hu\/webshop\/wp-json\/wp\/v2\/media?parent=35680"}],"wp:term":[{"taxonomy":"product_brand","embeddable":true,"href":"https:\/\/chilimag.hu\/webshop\/wp-json\/wp\/v2\/product_brand?post=35680"},{"taxonomy":"product_cat","embeddable":true,"href":"https:\/\/chilimag.hu\/webshop\/wp-json\/wp\/v2\/product_cat?post=35680"},{"taxonomy":"product_tag","embeddable":true,"href":"https:\/\/chilimag.hu\/webshop\/wp-json\/wp\/v2\/product_tag?post=35680"}],"curies":[{"name":"wp","href":"https:\/\/api.w.org\/{rel}","templated":true}]}}