{"id":35676,"date":"2025-02-13T06:45:33","date_gmt":"2025-02-13T06:45:33","guid":{"rendered":"https:\/\/chilimag.hu\/webshop\/?post_type=product&#038;p=35676"},"modified":"2025-08-22T10:03:16","modified_gmt":"2025-08-22T10:03:16","slug":"sutotok-connecticut-field-ow-sl","status":"publish","type":"product","link":"https:\/\/chilimag.hu\/webshop\/termek\/sutotok-connecticut-field-ow-sl\/","title":{"rendered":"S\u00fct\u0151t\u00f6k CONNECTICUT FIELD OW SL"},"content":{"rendered":"","protected":false},"excerpt":{"rendered":"<p><img decoding=\"async\" class=\"logo\" src=\"https:\/\/b2b.seklos.lt\/themes\/warehouse\/img\/logo_en.png\" alt=\"Agrofirma S\u0117klos, UAB\" \/><\/p>\n<p>Le\u00edr\u00e1s<\/p>\n<p>K\u00f6z\u00e9pkorai, term\u0151 fajta. Gy\u00fcm\u00f6lcse k\u00f6zepes m\u00e9ret\u0171, ov\u00e1lis, 7-10 kg t\u00f6meg\u0171, narancsh\u00e9j\u00fa. H\u00fasa narancss\u00e1rga, \u00e9des. Kor\u00e1bbi betakar\u00edt\u00e1shoz vess\u00fck cs\u00e9sz\u00e9be, \u00e9s \u00fcltess\u00fck \u00e1t a pal\u00e1nt\u00e1kat a sz\u00e1nt\u00f3f\u00f6ldre. Friss fogyaszt\u00e1sra, p\u00e1rol\u00e1sra, forral\u00e1sra, s\u00fct\u00e9sre alkalmas.<\/p>\n<p>Magok sz\u00e1ma grammonk\u00e9nt 5<br \/>\nVet\u00e9sid\u0151 a talajban V-VI<br \/>\nVet\u00e9sid\u0151 \u00fcvegh\u00e1zban IV<br \/>\nT\u00e1vols\u00e1gok, cm 70&#215;60-70<br \/>\nSz\u00fcret VII-VIII<br \/>\nTerm\u0151f\u00f6ld<br \/>\nORGANIC WAY m\u00e1rka<br \/>\nNapos hely Igen<br \/>\nSz\u00edn Narancs<br \/>\nKiszerel\u00e9s 1,5 g<\/p>\n","protected":false},"featured_media":35677,"comment_status":"closed","ping_status":"closed","template":"","meta":[],"product_brand":[],"product_cat":[354],"product_tag":[],"class_list":{"0":"post-35676","1":"product","2":"type-product","3":"status-publish","4":"has-post-thumbnail","6":"product_cat-organic-way","8":"first","9":"instock","10":"taxable","11":"shipping-taxable","12":"purchasable","13":"product-type-simple"},"_links":{"self":[{"href":"https:\/\/chilimag.hu\/webshop\/wp-json\/wp\/v2\/product\/35676","targetHints":{"allow":["GET"]}}],"collection":[{"href":"https:\/\/chilimag.hu\/webshop\/wp-json\/wp\/v2\/product"}],"about":[{"href":"https:\/\/chilimag.hu\/webshop\/wp-json\/wp\/v2\/types\/product"}],"replies":[{"embeddable":true,"href":"https:\/\/chilimag.hu\/webshop\/wp-json\/wp\/v2\/comments?post=35676"}],"wp:featuredmedia":[{"embeddable":true,"href":"https:\/\/chilimag.hu\/webshop\/wp-json\/wp\/v2\/media\/35677"}],"wp:attachment":[{"href":"https:\/\/chilimag.hu\/webshop\/wp-json\/wp\/v2\/media?parent=35676"}],"wp:term":[{"taxonomy":"product_brand","embeddable":true,"href":"https:\/\/chilimag.hu\/webshop\/wp-json\/wp\/v2\/product_brand?post=35676"},{"taxonomy":"product_cat","embeddable":true,"href":"https:\/\/chilimag.hu\/webshop\/wp-json\/wp\/v2\/product_cat?post=35676"},{"taxonomy":"product_tag","embeddable":true,"href":"https:\/\/chilimag.hu\/webshop\/wp-json\/wp\/v2\/product_tag?post=35676"}],"curies":[{"name":"wp","href":"https:\/\/api.w.org\/{rel}","templated":true}]}}