{"id":35672,"date":"2025-02-13T06:29:59","date_gmt":"2025-02-13T06:29:59","guid":{"rendered":"https:\/\/chilimag.hu\/webshop\/?post_type=product&#038;p=35672"},"modified":"2026-01-16T21:30:38","modified_gmt":"2026-01-16T21:30:38","slug":"salata-batavia-bionda-di-parigi-ow-sl","status":"publish","type":"product","link":"https:\/\/chilimag.hu\/webshop\/termek\/salata-batavia-bionda-di-parigi-ow-sl\/","title":{"rendered":"Sal\u00e1ta BATAVIA BIONDA DI PARIGI OW SL"},"content":{"rendered":"","protected":false},"excerpt":{"rendered":"<p><img decoding=\"async\" class=\"active-logo\" src=\"https:\/\/b2b.seklos.lt\/themes\/warehouse\/img\/logo_en.png\" alt=\"Agrofirma S\u0117klos, UAB\" width=\"280\" height=\"95\" \/><\/p>\n<p>Le\u00edr\u00e1s<\/p>\n<p>SAL\u00c1TA BATAVIA BIONDA DI PARIGI<br \/>\nK\u00f6z\u00e9pkorai sal\u00e1tafajta. Nagy \u00e9s neh\u00e9z fejeket hoz l\u00e9tre, amelyek \u00e9lesek \u00e9s vil\u00e1gosz\u00f6ldek. M\u0171anyag \u00fcvegh\u00e1zakban \u00e9s szabadban termesztik. A j\u00f3 min\u0151s\u00e9g\u0171 term\u00e9s \u00e9rdek\u00e9ben aj\u00e1nlott pal\u00e1nt\u00e1kat \u00fcltetni. Laza, term\u00e9keny talajban fejl\u0151dik a legjobban.<\/p>\n<p>Magok sz\u00e1ma grammonk\u00e9nt 800<br \/>\nVet\u00e9sid\u0151 a talajban III-VI<br \/>\nVet\u00e9sid\u0151 \u00fcvegh\u00e1zban III-IV<br \/>\nT\u00e1vols\u00e1gok, cm 20&#215;10<br \/>\nSz\u00fcret IV-IX<br \/>\nTermeszt\u00e9si hely \u00dcvegh\u00e1zban, sz\u00e1nt\u00f3f\u00f6ld\u00f6n<br \/>\nORGANIC WAY m\u00e1rka<br \/>\nNapos hely Igen<br \/>\nSz\u00edn Z\u00f6ld<br \/>\nKiszerel\u00e9s 1 g<\/p>\n","protected":false},"featured_media":35673,"comment_status":"closed","ping_status":"closed","template":"","meta":[],"product_brand":[],"product_cat":[354],"product_tag":[],"class_list":{"0":"post-35672","1":"product","2":"type-product","3":"status-publish","4":"has-post-thumbnail","6":"product_cat-organic-way","8":"first","9":"instock","10":"taxable","11":"shipping-taxable","12":"purchasable","13":"product-type-simple"},"_links":{"self":[{"href":"https:\/\/chilimag.hu\/webshop\/wp-json\/wp\/v2\/product\/35672","targetHints":{"allow":["GET"]}}],"collection":[{"href":"https:\/\/chilimag.hu\/webshop\/wp-json\/wp\/v2\/product"}],"about":[{"href":"https:\/\/chilimag.hu\/webshop\/wp-json\/wp\/v2\/types\/product"}],"replies":[{"embeddable":true,"href":"https:\/\/chilimag.hu\/webshop\/wp-json\/wp\/v2\/comments?post=35672"}],"wp:featuredmedia":[{"embeddable":true,"href":"https:\/\/chilimag.hu\/webshop\/wp-json\/wp\/v2\/media\/35673"}],"wp:attachment":[{"href":"https:\/\/chilimag.hu\/webshop\/wp-json\/wp\/v2\/media?parent=35672"}],"wp:term":[{"taxonomy":"product_brand","embeddable":true,"href":"https:\/\/chilimag.hu\/webshop\/wp-json\/wp\/v2\/product_brand?post=35672"},{"taxonomy":"product_cat","embeddable":true,"href":"https:\/\/chilimag.hu\/webshop\/wp-json\/wp\/v2\/product_cat?post=35672"},{"taxonomy":"product_tag","embeddable":true,"href":"https:\/\/chilimag.hu\/webshop\/wp-json\/wp\/v2\/product_tag?post=35672"}],"curies":[{"name":"wp","href":"https:\/\/api.w.org\/{rel}","templated":true}]}}