{"id":35668,"date":"2025-02-13T06:02:08","date_gmt":"2025-02-13T06:02:08","guid":{"rendered":"https:\/\/chilimag.hu\/webshop\/?post_type=product&#038;p=35668"},"modified":"2025-02-13T06:02:08","modified_gmt":"2025-02-13T06:02:08","slug":"smart-gyepfu-keverek-1-kg-sl","status":"publish","type":"product","link":"https:\/\/chilimag.hu\/webshop\/termek\/smart-gyepfu-keverek-1-kg-sl\/","title":{"rendered":"Smart Gyepf\u0171 kever\u00e9k 1 kg SL"},"content":{"rendered":"","protected":false},"excerpt":{"rendered":"<p>M\u0171tr\u00e1gyamentes p\u00e1zsit. A kever\u00e9k lapillit (latinul: lapillus) tartalmaz &#8211; vulk\u00e1ni eredet\u0171 k\u0151zeteket, amelyek lebomlanak, hogy a talajt a k\u00f6vetkez\u0151 \u00e9vekben a f\u0171 n\u00f6veked\u00e9s\u00e9hez sz\u00fcks\u00e9ges anyagokkal l\u00e1tj\u00e1k el. 1kg\/40m\u00b2<br \/>\n\u00d6sszet\u00e9tel:<\/p>\n<p>30% Lolium perenne, \u00c9vel\u0151 perje<\/p>\n<p>25% Lolium perenne, \u00c9vel\u0151 perje<\/p>\n<p>5% Lolium westervoldicum, Westerwold perje<\/p>\n<p>35% Festuca rubra, v\u00f6r\u00f6s csenkesz<\/p>\n<p>5% Poa pratensis, Sima sz\u00e1r\u00fa r\u00e9ti f\u0171<\/p>\n<p>AGRONOM m\u00e1rka<br \/>\nC\u00e9l Univerz\u00e1lis<br \/>\nKiszerel\u00e9s 1 kg<\/p>\n","protected":false},"featured_media":35669,"comment_status":"closed","ping_status":"closed","template":"","meta":[],"product_brand":[],"product_cat":[471],"product_tag":[],"class_list":{"0":"post-35668","1":"product","2":"type-product","3":"status-publish","4":"has-post-thumbnail","6":"product_cat-fu-es-mezogazdasagi-vetomagok","8":"first","9":"instock","10":"taxable","11":"shipping-taxable","12":"purchasable","13":"product-type-simple"},"_links":{"self":[{"href":"https:\/\/chilimag.hu\/webshop\/wp-json\/wp\/v2\/product\/35668","targetHints":{"allow":["GET"]}}],"collection":[{"href":"https:\/\/chilimag.hu\/webshop\/wp-json\/wp\/v2\/product"}],"about":[{"href":"https:\/\/chilimag.hu\/webshop\/wp-json\/wp\/v2\/types\/product"}],"replies":[{"embeddable":true,"href":"https:\/\/chilimag.hu\/webshop\/wp-json\/wp\/v2\/comments?post=35668"}],"wp:featuredmedia":[{"embeddable":true,"href":"https:\/\/chilimag.hu\/webshop\/wp-json\/wp\/v2\/media\/35669"}],"wp:attachment":[{"href":"https:\/\/chilimag.hu\/webshop\/wp-json\/wp\/v2\/media?parent=35668"}],"wp:term":[{"taxonomy":"product_brand","embeddable":true,"href":"https:\/\/chilimag.hu\/webshop\/wp-json\/wp\/v2\/product_brand?post=35668"},{"taxonomy":"product_cat","embeddable":true,"href":"https:\/\/chilimag.hu\/webshop\/wp-json\/wp\/v2\/product_cat?post=35668"},{"taxonomy":"product_tag","embeddable":true,"href":"https:\/\/chilimag.hu\/webshop\/wp-json\/wp\/v2\/product_tag?post=35668"}],"curies":[{"name":"wp","href":"https:\/\/api.w.org\/{rel}","templated":true}]}}