{"id":35663,"date":"2025-02-13T05:55:27","date_gmt":"2025-02-13T05:55:27","guid":{"rendered":"https:\/\/chilimag.hu\/webshop\/?post_type=product&#038;p=35663"},"modified":"2025-02-13T05:55:27","modified_gmt":"2025-02-13T05:55:27","slug":"nelly-jelly-szilikon-gyerek-locsolo-sl","status":"publish","type":"product","link":"https:\/\/chilimag.hu\/webshop\/termek\/nelly-jelly-szilikon-gyerek-locsolo-sl\/","title":{"rendered":"Nelly Jelly szilikon gyerek locsol\u00f3 SL"},"content":{"rendered":"","protected":false},"excerpt":{"rendered":"<p>A gyerekeknek sz\u00e1nt szilikon \u00f6nt\u00f6z\u0151ed\u00e9ny minden felfedez\u0151 seg\u00edt\u0151je a kertben vagy homokoz\u00f3ban. Puha, biztons\u00e1gos \u00e9s ellen\u00e1ll\u00f3 szilikon anyagb\u00f3l k\u00e9sz\u00fclt. Az \u00f6nt\u00f6z\u0151kanna ergonomikus kialak\u00edt\u00e1sa \u00e9s k\u00e9nyelmes foganty\u00faja megk\u00f6nny\u00edti a gyermekek sz\u00e1m\u00e1ra a k\u00e9zben tart\u00e1s\u00e1t \u00e9s sz\u00e1ll\u00edt\u00e1s\u00e1t.<\/p>\n<p>SODOLENDAS X NELLY JELLY m\u00e1rka<br \/>\nNyelvek a csomagol\u00e1son EN, LT, LV, EE<\/p>\n","protected":false},"featured_media":35664,"comment_status":"closed","ping_status":"closed","template":"","meta":[],"product_brand":[],"product_cat":[421],"product_tag":[],"class_list":{"0":"post-35663","1":"product","2":"type-product","3":"status-publish","4":"has-post-thumbnail","6":"product_cat-gyerek-kerteszet","8":"first","9":"instock","10":"taxable","11":"shipping-taxable","12":"purchasable","13":"product-type-simple"},"_links":{"self":[{"href":"https:\/\/chilimag.hu\/webshop\/wp-json\/wp\/v2\/product\/35663","targetHints":{"allow":["GET"]}}],"collection":[{"href":"https:\/\/chilimag.hu\/webshop\/wp-json\/wp\/v2\/product"}],"about":[{"href":"https:\/\/chilimag.hu\/webshop\/wp-json\/wp\/v2\/types\/product"}],"replies":[{"embeddable":true,"href":"https:\/\/chilimag.hu\/webshop\/wp-json\/wp\/v2\/comments?post=35663"}],"wp:featuredmedia":[{"embeddable":true,"href":"https:\/\/chilimag.hu\/webshop\/wp-json\/wp\/v2\/media\/35664"}],"wp:attachment":[{"href":"https:\/\/chilimag.hu\/webshop\/wp-json\/wp\/v2\/media?parent=35663"}],"wp:term":[{"taxonomy":"product_brand","embeddable":true,"href":"https:\/\/chilimag.hu\/webshop\/wp-json\/wp\/v2\/product_brand?post=35663"},{"taxonomy":"product_cat","embeddable":true,"href":"https:\/\/chilimag.hu\/webshop\/wp-json\/wp\/v2\/product_cat?post=35663"},{"taxonomy":"product_tag","embeddable":true,"href":"https:\/\/chilimag.hu\/webshop\/wp-json\/wp\/v2\/product_tag?post=35663"}],"curies":[{"name":"wp","href":"https:\/\/api.w.org\/{rel}","templated":true}]}}