{"id":35645,"date":"2025-02-12T19:43:28","date_gmt":"2025-02-12T19:43:28","guid":{"rendered":"https:\/\/chilimag.hu\/webshop\/?post_type=product&#038;p=35645"},"modified":"2026-04-02T18:32:33","modified_gmt":"2026-04-02T18:32:33","slug":"feher-mustar-csiraztatasra-100-gr-agr-sl","status":"publish","type":"product","link":"https:\/\/chilimag.hu\/webshop\/termek\/feher-mustar-csiraztatasra-100-gr-agr-sl\/","title":{"rendered":"Feh\u00e9r must\u00e1r cs\u00edr\u00e1ztat\u00e1sra 100 gr AGR SL"},"content":{"rendered":"","protected":false},"excerpt":{"rendered":"<p><img decoding=\"async\" class=\"active-logo\" src=\"https:\/\/b2b.seklos.lt\/themes\/warehouse\/img\/logo_en.png\" alt=\"Agrofirma S\u0117klos, UAB\" width=\"280\" height=\"95\" \/><\/p>\n<p>Magvak fiatal levelek el\u0151\u00e1ll\u00edt\u00e1s\u00e1hoz \u2013 mikroz\u00f6ldek. A mikroz\u00f6ldeket \u00e9telek \u00edzes\u00edt\u00e9s\u00e9re vagy d\u00edsz\u00edt\u00e9s\u00e9re haszn\u00e1lj\u00e1k. A magokat eg\u00e9sz \u00e9vben vetik faiskol\u00e1kban vagy sek\u00e9ly l\u00e1d\u00e1kban \u2013 t\u0151zegtablett\u00e1ban vagy steril roston nevelve, \u00e9s gy\u00f6k\u00e9r n\u00e9lk\u00fcl fogyasztj\u00e1k. A must\u00e1r mikroz\u00f6ldje eg\u00e9szs\u00e9ges \u00e9s \u00edzletes \u00f6sszetev\u0151, amelyet be\u00e9p\u00edthet \u00e9trendj\u00e9be, hogy \u00e9lvezze egyedi \u00edz\u00e9t \u00e9s t\u00e1pl\u00e1lkoz\u00e1si el\u0151nyeit. S\u0151t, gazdag\u00edthatj\u00e1k \u00e9teleit, \u00e9s eszt\u00e9tikai sz\u00e9ps\u00e9get adhatnak nekik.<\/p>\n<p>Mennyis\u00e9g egy csomagban 100 g<br \/>\nMagok sz\u00e1ma grammonk\u00e9nt ~100-130<br \/>\nA pal\u00e1nt\u00e1k vet\u00e9sideje I-XII<br \/>\nT\u00e1vols\u00e1gok, cm 10&#215;3<br \/>\nSz\u00fcret I-XII<br \/>\nAGRONOM m\u00e1rka<br \/>\nNapos hely Igen<br \/>\nNyelvek a csomagol\u00e1son LV, SE, LT, EE, EN<br \/>\nS\u00faly 100 g<\/p>\n","protected":false},"featured_media":35646,"comment_status":"closed","ping_status":"closed","template":"","meta":[],"product_brand":[],"product_cat":[352],"product_tag":[],"class_list":{"0":"post-35645","1":"product","2":"type-product","3":"status-publish","4":"has-post-thumbnail","6":"product_cat-microgreens-vetomagok","8":"first","9":"instock","10":"taxable","11":"shipping-taxable","12":"purchasable","13":"product-type-simple"},"_links":{"self":[{"href":"https:\/\/chilimag.hu\/webshop\/wp-json\/wp\/v2\/product\/35645","targetHints":{"allow":["GET"]}}],"collection":[{"href":"https:\/\/chilimag.hu\/webshop\/wp-json\/wp\/v2\/product"}],"about":[{"href":"https:\/\/chilimag.hu\/webshop\/wp-json\/wp\/v2\/types\/product"}],"replies":[{"embeddable":true,"href":"https:\/\/chilimag.hu\/webshop\/wp-json\/wp\/v2\/comments?post=35645"}],"wp:featuredmedia":[{"embeddable":true,"href":"https:\/\/chilimag.hu\/webshop\/wp-json\/wp\/v2\/media\/35646"}],"wp:attachment":[{"href":"https:\/\/chilimag.hu\/webshop\/wp-json\/wp\/v2\/media?parent=35645"}],"wp:term":[{"taxonomy":"product_brand","embeddable":true,"href":"https:\/\/chilimag.hu\/webshop\/wp-json\/wp\/v2\/product_brand?post=35645"},{"taxonomy":"product_cat","embeddable":true,"href":"https:\/\/chilimag.hu\/webshop\/wp-json\/wp\/v2\/product_cat?post=35645"},{"taxonomy":"product_tag","embeddable":true,"href":"https:\/\/chilimag.hu\/webshop\/wp-json\/wp\/v2\/product_tag?post=35645"}],"curies":[{"name":"wp","href":"https:\/\/api.w.org\/{rel}","templated":true}]}}