{"id":35631,"date":"2025-02-12T18:58:27","date_gmt":"2025-02-12T18:58:27","guid":{"rendered":"https:\/\/chilimag.hu\/webshop\/?post_type=product&#038;p=35631"},"modified":"2026-03-08T18:50:25","modified_gmt":"2026-03-08T18:50:25","slug":"rezvirag-coral-beauty-z-s-sl","status":"publish","type":"product","link":"https:\/\/chilimag.hu\/webshop\/termek\/rezvirag-coral-beauty-z-s-sl\/","title":{"rendered":"R\u00e9zvir\u00e1g Coral Beauty Z.S SL"},"content":{"rendered":"","protected":false},"excerpt":{"rendered":"<p><img decoding=\"async\" class=\"active-logo\" src=\"https:\/\/b2b.seklos.lt\/themes\/warehouse\/img\/logo_en.png\" alt=\"Agrofirma S\u0117klos, UAB\" width=\"280\" height=\"95\" \/><\/p>\n<p>Korall sz\u00e9ps\u00e9g<br \/>\nEgyny\u00e1ri, 75 cm magas, gyorsan n\u00f6vekv\u0151 vir\u00e1gok. \u00dcltet\u0151knek, csokroknak. A vir\u00e1gok nagyok, 8-10 cm \u00e1tm\u00e9r\u0151j\u0171ek, f\u00e9lig dupla. J\u00f3l n\u0151 \u00e9s vir\u00e1gzik napos, meleg helyen, k\u00f6nny\u0171 talajon. A pal\u00e1nt\u00e1kat fagy ut\u00e1n \u00fcltetik az \u00e1gy\u00e1sokba. \u00d6nt\u00f6z\u00e9s nem sz\u00fcks\u00e9ges, de az \u00f6nt\u00f6z\u00f6tt vir\u00e1gok nagyobbra n\u0151nek \u00e9s tov\u00e1bb vir\u00e1goznak. Vir\u00e1gz\u00e1s ut\u00e1n a vir\u00e1gokat lev\u00e1gj\u00e1k, hogy el\u0151seg\u00edts\u00e9k az \u00fajak kialakul\u00e1s\u00e1t.<\/p>\n<p>Magok sz\u00e1ma grammonk\u00e9nt 90-110<br \/>\nVet\u00e9sid\u0151 a talajban V<br \/>\nVet\u00e9sid\u0151 \u00fcvegh\u00e1zban IV<br \/>\nVir\u00e1gz\u00e1s VI-IX<br \/>\nN\u00f6v\u00e9ny magass\u00e1ga, 75 cm<br \/>\nTerm\u0151f\u00f6ld<br \/>\nM\u00e1rka \u017dalia stotel\u0117<br \/>\nTranszplant\u00e1ci\u00f3 V-VI<br \/>\nNapos hely Igen<br \/>\nSz\u00edn Pink<br \/>\nKiszerel\u00e9s 1 g<\/p>\n","protected":false},"featured_media":35632,"comment_status":"closed","ping_status":"closed","template":"","meta":[],"product_brand":[],"product_cat":[363],"product_tag":[],"class_list":{"0":"post-35631","1":"product","2":"type-product","3":"status-publish","4":"has-post-thumbnail","6":"product_cat-virag-vetomagok-zalia-stotele","8":"first","9":"instock","10":"taxable","11":"shipping-taxable","12":"purchasable","13":"product-type-simple"},"_links":{"self":[{"href":"https:\/\/chilimag.hu\/webshop\/wp-json\/wp\/v2\/product\/35631","targetHints":{"allow":["GET"]}}],"collection":[{"href":"https:\/\/chilimag.hu\/webshop\/wp-json\/wp\/v2\/product"}],"about":[{"href":"https:\/\/chilimag.hu\/webshop\/wp-json\/wp\/v2\/types\/product"}],"replies":[{"embeddable":true,"href":"https:\/\/chilimag.hu\/webshop\/wp-json\/wp\/v2\/comments?post=35631"}],"wp:featuredmedia":[{"embeddable":true,"href":"https:\/\/chilimag.hu\/webshop\/wp-json\/wp\/v2\/media\/35632"}],"wp:attachment":[{"href":"https:\/\/chilimag.hu\/webshop\/wp-json\/wp\/v2\/media?parent=35631"}],"wp:term":[{"taxonomy":"product_brand","embeddable":true,"href":"https:\/\/chilimag.hu\/webshop\/wp-json\/wp\/v2\/product_brand?post=35631"},{"taxonomy":"product_cat","embeddable":true,"href":"https:\/\/chilimag.hu\/webshop\/wp-json\/wp\/v2\/product_cat?post=35631"},{"taxonomy":"product_tag","embeddable":true,"href":"https:\/\/chilimag.hu\/webshop\/wp-json\/wp\/v2\/product_tag?post=35631"}],"curies":[{"name":"wp","href":"https:\/\/api.w.org\/{rel}","templated":true}]}}