{"id":35604,"date":"2025-02-12T18:50:25","date_gmt":"2025-02-12T18:50:25","guid":{"rendered":"https:\/\/chilimag.hu\/webshop\/?post_type=product&#038;p=35604"},"modified":"2026-05-10T11:53:22","modified_gmt":"2026-05-10T11:53:22","slug":"holdviola-z-s-sl","status":"publish","type":"product","link":"https:\/\/chilimag.hu\/webshop\/termek\/holdviola-z-s-sl\/","title":{"rendered":"Holdviola Honesty Z.S SL"},"content":{"rendered":"","protected":false},"excerpt":{"rendered":"<p><img decoding=\"async\" class=\"\" src=\"https:\/\/b2b.seklos.lt\/img\/m\/75-medium_default.jpg\" alt=\"\" width=\"151\" height=\"151\" \/><\/p>\n<h3>Term\u00e9kle\u00edr\u00e1s<\/h3>\n<p>K\u00e9t\u00e9ves, k\u00f6nnyen termeszthet\u0151 vir\u00e1gok. Illatos lila, r\u00f3zsasz\u00edn \u00e9s feh\u00e9r vir\u00e1gokat hoz, amelyek \u0151sszel gy\u00f6ngyh\u00e1zmagos dobozokk\u00e1 alakulnak. Csokrokban \u00e9s vir\u00e1gkompoz\u00edci\u00f3kban gy\u00f6ny\u00f6r\u0171en mutat. A vir\u00e1gok vonzz\u00e1k a m\u00e9heket \u00e9s a pillang\u00f3kat a vir\u00e1goskertekbe. Vir\u00e1g\u00e1gy\u00e1sokba \u00e9s vadvir\u00e1gos ter\u00fcletekre \u00fcltethet\u0151. Vid\u00e9ki tany\u00e1kra alkalmas. A vet\u00e9s ut\u00e1ni m\u00e1sodik \u00e9vben vir\u00e1gzik. T\u00e9len nem kell letakarni.<\/p>\n<p>Mennyis\u00e9g egy csomagban 2 g<br \/>\nMagok sz\u00e1ma grammonk\u00e9nt ~20<br \/>\nVet\u00e9sid\u0151 a talajban IV-V<br \/>\nT\u00e1vols\u00e1gok, 25&#215;25 cm<br \/>\nVir\u00e1gz\u00e1si id\u0151szak VI-X<br \/>\nN\u00f6v\u00e9nymagass\u00e1g, 80 cm<br \/>\nTerm\u0151f\u00f6ld<br \/>\nM\u00e1rka \u017dalia stotel\u0117<br \/>\nNapos hely Igen<br \/>\nF\u00e9l\u00e1rny\u00e9k Igen<br \/>\nBienn\u00e1l\u00e9 Igen<br \/>\nVir\u00e1g\u00e1gy\u00e1sok termeszt\u00e9s\u00e9re alkalmas<br \/>\nNyelvek a csomagol\u00e1son LT, EE, DE, LV, EN<br \/>\nS\u00faly 2 g<\/p>\n","protected":false},"featured_media":35629,"comment_status":"closed","ping_status":"closed","template":"","meta":[],"product_brand":[],"product_cat":[363],"product_tag":[],"class_list":{"0":"post-35604","1":"product","2":"type-product","3":"status-publish","4":"has-post-thumbnail","6":"product_cat-virag-vetomagok-zalia-stotele","8":"first","9":"instock","10":"taxable","11":"shipping-taxable","12":"purchasable","13":"product-type-simple"},"_links":{"self":[{"href":"https:\/\/chilimag.hu\/webshop\/wp-json\/wp\/v2\/product\/35604","targetHints":{"allow":["GET"]}}],"collection":[{"href":"https:\/\/chilimag.hu\/webshop\/wp-json\/wp\/v2\/product"}],"about":[{"href":"https:\/\/chilimag.hu\/webshop\/wp-json\/wp\/v2\/types\/product"}],"replies":[{"embeddable":true,"href":"https:\/\/chilimag.hu\/webshop\/wp-json\/wp\/v2\/comments?post=35604"}],"wp:featuredmedia":[{"embeddable":true,"href":"https:\/\/chilimag.hu\/webshop\/wp-json\/wp\/v2\/media\/35629"}],"wp:attachment":[{"href":"https:\/\/chilimag.hu\/webshop\/wp-json\/wp\/v2\/media?parent=35604"}],"wp:term":[{"taxonomy":"product_brand","embeddable":true,"href":"https:\/\/chilimag.hu\/webshop\/wp-json\/wp\/v2\/product_brand?post=35604"},{"taxonomy":"product_cat","embeddable":true,"href":"https:\/\/chilimag.hu\/webshop\/wp-json\/wp\/v2\/product_cat?post=35604"},{"taxonomy":"product_tag","embeddable":true,"href":"https:\/\/chilimag.hu\/webshop\/wp-json\/wp\/v2\/product_tag?post=35604"}],"curies":[{"name":"wp","href":"https:\/\/api.w.org\/{rel}","templated":true}]}}