{"id":35592,"date":"2025-02-11T19:37:37","date_gmt":"2025-02-11T19:37:37","guid":{"rendered":"https:\/\/chilimag.hu\/webshop\/?post_type=product&#038;p=35592"},"modified":"2026-03-17T13:27:36","modified_gmt":"2026-03-17T13:27:36","slug":"egerarpa-z-s-sl","status":"publish","type":"product","link":"https:\/\/chilimag.hu\/webshop\/termek\/egerarpa-z-s-sl\/","title":{"rendered":"Eg\u00e9r\u00e1rpa Z.S SL"},"content":{"rendered":"","protected":false},"excerpt":{"rendered":"<p><img decoding=\"async\" class=\"logo\" src=\"https:\/\/b2b.seklos.lt\/themes\/warehouse\/img\/logo_en.png\" alt=\"Agrofirma S\u0117klos, UAB\" \/><\/p>\n<p>Eg\u00e9r\u00e1rpa<br \/>\nEgyny\u00e1ri, d\u00edszn\u00f6v\u00e9ny, l\u00e1gysz\u00e1r\u00fa 40-60 cm magas. A t\u00fcsk\u00e9k 5-12 cm hossz\u00faak, cs\u00fcng\u0151sek, vil\u00e1gosz\u00f6ldek, hossz\u00fa sz\u00e1rny\u00faak. Csoportosan termesztve \u00e9l\u00e9nk sz\u00edn\u0171 vir\u00e1gokkal, k\u00fcl\u00f6n\u00f6sen alkalmas naturalisztikus vir\u00e1goskertek, vir\u00e1gos r\u00e9tek termeszt\u00e9s\u00e9re. A t\u00fcsk\u00e9ket florisztikai kompoz\u00edci\u00f3khoz haszn\u00e1lj\u00e1k. Term\u00e9keny, sz\u00e1raz talajokon fejl\u0151dik a legjobban. A magokat k\u00f6zvetlen\u00fcl a talajba vetik, \u00e9s cs\u00edr\u00e1z\u00e1s ut\u00e1n ritk\u00edtj\u00e1k. \u00d6nvet\u0151 n\u00f6v\u00e9nyek, ha v\u00e1gatlanul hagyj\u00e1k a vir\u00e1goskertekben.<\/p>\n<p>Magok sz\u00e1ma grammonk\u00e9nt 850<br \/>\nVet\u00e9sid\u0151 a talajban IV-X<br \/>\nVir\u00e1gz\u00e1si id\u0151szak VII-VIII<br \/>\nN\u00f6v\u00e9nymagass\u00e1g, 40-60 cm<br \/>\nTerm\u0151f\u00f6ld<br \/>\nM\u00e1rka \u017dalia stotel\u0117<br \/>\nTranszplant\u00e1ci\u00f3 V-VI<br \/>\nNapos hely Igen<br \/>\nSz\u00edn Z\u00f6ld<br \/>\nKiszerel\u00e9s 0,5 g<br \/>\nVir\u00e1g\u00e1gy\u00e1sok termeszt\u00e9s\u00e9re alkalmas<br \/>\nNyelvek a csomagol\u00e1son DE, LV, EN, LT, EE<\/p>\n","protected":false},"featured_media":35593,"comment_status":"closed","ping_status":"closed","template":"","meta":[],"product_brand":[],"product_cat":[363],"product_tag":[],"class_list":{"0":"post-35592","1":"product","2":"type-product","3":"status-publish","4":"has-post-thumbnail","6":"product_cat-virag-vetomagok-zalia-stotele","8":"first","9":"instock","10":"taxable","11":"shipping-taxable","12":"purchasable","13":"product-type-simple"},"_links":{"self":[{"href":"https:\/\/chilimag.hu\/webshop\/wp-json\/wp\/v2\/product\/35592","targetHints":{"allow":["GET"]}}],"collection":[{"href":"https:\/\/chilimag.hu\/webshop\/wp-json\/wp\/v2\/product"}],"about":[{"href":"https:\/\/chilimag.hu\/webshop\/wp-json\/wp\/v2\/types\/product"}],"replies":[{"embeddable":true,"href":"https:\/\/chilimag.hu\/webshop\/wp-json\/wp\/v2\/comments?post=35592"}],"wp:featuredmedia":[{"embeddable":true,"href":"https:\/\/chilimag.hu\/webshop\/wp-json\/wp\/v2\/media\/35593"}],"wp:attachment":[{"href":"https:\/\/chilimag.hu\/webshop\/wp-json\/wp\/v2\/media?parent=35592"}],"wp:term":[{"taxonomy":"product_brand","embeddable":true,"href":"https:\/\/chilimag.hu\/webshop\/wp-json\/wp\/v2\/product_brand?post=35592"},{"taxonomy":"product_cat","embeddable":true,"href":"https:\/\/chilimag.hu\/webshop\/wp-json\/wp\/v2\/product_cat?post=35592"},{"taxonomy":"product_tag","embeddable":true,"href":"https:\/\/chilimag.hu\/webshop\/wp-json\/wp\/v2\/product_tag?post=35592"}],"curies":[{"name":"wp","href":"https:\/\/api.w.org\/{rel}","templated":true}]}}