{"id":35553,"date":"2025-02-10T18:53:31","date_gmt":"2025-02-10T18:53:31","guid":{"rendered":"https:\/\/chilimag.hu\/webshop\/?post_type=product&#038;p=35553"},"modified":"2026-02-03T11:04:17","modified_gmt":"2026-02-03T11:04:17","slug":"fumag-balin-100-gr-z-s-sl","status":"publish","type":"product","link":"https:\/\/chilimag.hu\/webshop\/termek\/fumag-balin-100-gr-z-s-sl\/","title":{"rendered":"F\u0171mag Balin 100 gr Z.S SL"},"content":{"rendered":"","protected":false},"excerpt":{"rendered":"<p><img decoding=\"async\" class=\"active-logo\" src=\"https:\/\/b2b.seklos.lt\/themes\/warehouse\/img\/logo_en.png\" alt=\"Agrofirma S\u0117klos, UAB\" width=\"280\" height=\"95\" \/><\/p>\n<p>A Kentucky-i k\u00e9k f\u0171 a legdekorat\u00edvabb \u00e9s legdr\u00e1g\u00e1bb n\u00f6v\u00e9ny, amelyet min\u0151s\u00e9gi p\u00e1zsitkever\u00e9kekben haszn\u00e1lnak. Egyed\u00fcl \u00fcltetve rendk\u00edv\u00fcl j\u00f3 megjelen\u00e9s\u0171 \u201esz\u0151nyeget\u201d hoz l\u00e9tre, amely sok nagyon keskeny sz\u00e1rb\u00f3l \u00e1ll. A Kentucky-k\u00e9k f\u0171nek rendk\u00edv\u00fcl m\u00e9lyz\u00f6ld sz\u00edne is van. Ez a f\u0171 alkalmas kis dekorat\u00edv ter\u00fcletek tereprendez\u00e9s\u00e9re vagy kever\u00e9kek jav\u00edt\u00e1s\u00e1ra.<br \/>\nM\u00e1rka: S\u0116KLOS LT<br \/>\nUniverz\u00e1lis p\u00e1zsitokhoz Igen<br \/>\nP\u00e1zsitokhoz, parkgyepekhez Igen<br \/>\nSpeci\u00e1lis c\u00e9l\u00fa gyephez Igen<br \/>\nKiszerel\u00e9s 0,1 kg<br \/>\nNyelvek a csomagol\u00e1son EN, LV, LT, EE<\/p>\n","protected":false},"featured_media":35554,"comment_status":"closed","ping_status":"closed","template":"","meta":[],"product_brand":[],"product_cat":[471,363],"product_tag":[],"class_list":{"0":"post-35553","1":"product","2":"type-product","3":"status-publish","4":"has-post-thumbnail","6":"product_cat-fu-es-mezogazdasagi-vetomagok","7":"product_cat-virag-vetomagok-zalia-stotele","9":"first","10":"instock","11":"taxable","12":"shipping-taxable","13":"purchasable","14":"product-type-simple"},"_links":{"self":[{"href":"https:\/\/chilimag.hu\/webshop\/wp-json\/wp\/v2\/product\/35553","targetHints":{"allow":["GET"]}}],"collection":[{"href":"https:\/\/chilimag.hu\/webshop\/wp-json\/wp\/v2\/product"}],"about":[{"href":"https:\/\/chilimag.hu\/webshop\/wp-json\/wp\/v2\/types\/product"}],"replies":[{"embeddable":true,"href":"https:\/\/chilimag.hu\/webshop\/wp-json\/wp\/v2\/comments?post=35553"}],"wp:featuredmedia":[{"embeddable":true,"href":"https:\/\/chilimag.hu\/webshop\/wp-json\/wp\/v2\/media\/35554"}],"wp:attachment":[{"href":"https:\/\/chilimag.hu\/webshop\/wp-json\/wp\/v2\/media?parent=35553"}],"wp:term":[{"taxonomy":"product_brand","embeddable":true,"href":"https:\/\/chilimag.hu\/webshop\/wp-json\/wp\/v2\/product_brand?post=35553"},{"taxonomy":"product_cat","embeddable":true,"href":"https:\/\/chilimag.hu\/webshop\/wp-json\/wp\/v2\/product_cat?post=35553"},{"taxonomy":"product_tag","embeddable":true,"href":"https:\/\/chilimag.hu\/webshop\/wp-json\/wp\/v2\/product_tag?post=35553"}],"curies":[{"name":"wp","href":"https:\/\/api.w.org\/{rel}","templated":true}]}}