{"id":35550,"date":"2025-02-10T18:38:30","date_gmt":"2025-02-10T18:38:30","guid":{"rendered":"https:\/\/chilimag.hu\/webshop\/?post_type=product&#038;p=35550"},"modified":"2026-02-18T23:43:11","modified_gmt":"2026-02-18T23:43:11","slug":"tatika-appleblossom-z-s-sl","status":"publish","type":"product","link":"https:\/\/chilimag.hu\/webshop\/termek\/tatika-appleblossom-z-s-sl\/","title":{"rendered":"T\u00e1tika Appleblossom Z.S SL"},"content":{"rendered":"","protected":false},"excerpt":{"rendered":"<p><img decoding=\"async\" class=\"active-logo\" src=\"https:\/\/b2b.seklos.lt\/themes\/warehouse\/img\/logo_en.png\" alt=\"Agrofirma S\u0117klos, UAB\" width=\"280\" height=\"95\" \/><\/p>\n<p>Egyny\u00e1ri 80 cm magas vir\u00e1gok eredeti vir\u00e1gz\u00e1ssal. A vir\u00e1gok szab\u00e1lytalan alak\u00faak, sepr\u0171 alak\u00faak. A vir\u00e1gok alulr\u00f3l kezdenek vir\u00e1gozni, mindegyik r\u00f3zsa k\u00f6r\u00fclbel\u00fcl 12 napig vir\u00e1gzik, az eg\u00e9sz n\u00f6v\u00e9ny k\u00f6r\u00fclbel\u00fcl 3-3,5 h\u00f3napig vir\u00e1gzik. N\u00f6vekszik \u00e9s vir\u00e1gzik napon \u00e9s vil\u00e1gos \u00e1rny\u00e9kban, laza talajon egyar\u00e1nt. \u00dcltet\u0151knek, padl\u00f3cserepeknek, vir\u00e1gokat szednek csokorba. Ellen\u00e1ll a r\u00f6vid t\u00e1v\u00fa fagynak.<\/p>\n<p>Hermetikus csomagol\u00e1s Igen<br \/>\nMennyis\u00e9g kiszerel\u00e9sben 0,5g<br \/>\nMagok sz\u00e1ma grammonk\u00e9nt ~7500<br \/>\nVet\u00e9sid\u0151 a talajban V<br \/>\nA pal\u00e1nt\u00e1k vet\u00e9si ideje III-IV<br \/>\nT\u00e1vols\u00e1gok, 15&#215;20 cm<br \/>\nVir\u00e1gz\u00e1si id\u0151szak VII-IX<br \/>\nN\u00f6v\u00e9nymagass\u00e1g, 45 cm<br \/>\nTerm\u0151f\u00f6ld<br \/>\nM\u00e1rka \u017dalia stotel\u0117<br \/>\nNapos hely Igen<br \/>\nSz\u00edn Pink<br \/>\nVeget\u00e1ci\u00f3 egyny\u00e1ri<br \/>\nVir\u00e1g\u00e1gy\u00e1sok termeszt\u00e9s\u00e9re alkalmas<br \/>\nNapos \u00e9ghajlat<br \/>\nNyelvek a csomagol\u00e1son LT, EE, DE, LV, EN<br \/>\nS\u00faly 0,5 g<\/p>\n","protected":false},"featured_media":35551,"comment_status":"closed","ping_status":"closed","template":"","meta":[],"product_brand":[],"product_cat":[363],"product_tag":[],"class_list":{"0":"post-35550","1":"product","2":"type-product","3":"status-publish","4":"has-post-thumbnail","6":"product_cat-virag-vetomagok-zalia-stotele","8":"first","9":"instock","10":"taxable","11":"shipping-taxable","12":"purchasable","13":"product-type-simple"},"_links":{"self":[{"href":"https:\/\/chilimag.hu\/webshop\/wp-json\/wp\/v2\/product\/35550","targetHints":{"allow":["GET"]}}],"collection":[{"href":"https:\/\/chilimag.hu\/webshop\/wp-json\/wp\/v2\/product"}],"about":[{"href":"https:\/\/chilimag.hu\/webshop\/wp-json\/wp\/v2\/types\/product"}],"replies":[{"embeddable":true,"href":"https:\/\/chilimag.hu\/webshop\/wp-json\/wp\/v2\/comments?post=35550"}],"wp:featuredmedia":[{"embeddable":true,"href":"https:\/\/chilimag.hu\/webshop\/wp-json\/wp\/v2\/media\/35551"}],"wp:attachment":[{"href":"https:\/\/chilimag.hu\/webshop\/wp-json\/wp\/v2\/media?parent=35550"}],"wp:term":[{"taxonomy":"product_brand","embeddable":true,"href":"https:\/\/chilimag.hu\/webshop\/wp-json\/wp\/v2\/product_brand?post=35550"},{"taxonomy":"product_cat","embeddable":true,"href":"https:\/\/chilimag.hu\/webshop\/wp-json\/wp\/v2\/product_cat?post=35550"},{"taxonomy":"product_tag","embeddable":true,"href":"https:\/\/chilimag.hu\/webshop\/wp-json\/wp\/v2\/product_tag?post=35550"}],"curies":[{"name":"wp","href":"https:\/\/api.w.org\/{rel}","templated":true}]}}