{"id":35548,"date":"2025-02-10T18:21:21","date_gmt":"2025-02-10T18:21:21","guid":{"rendered":"https:\/\/chilimag.hu\/webshop\/?post_type=product&#038;p=35548"},"modified":"2026-02-17T10:12:16","modified_gmt":"2026-02-17T10:12:16","slug":"golgotavirag-z-s-sl","status":"publish","type":"product","link":"https:\/\/chilimag.hu\/webshop\/termek\/golgotavirag-z-s-sl\/","title":{"rendered":"Golgotavir\u00e1g Z.S SL"},"content":{"rendered":"","protected":false},"excerpt":{"rendered":"<p><img decoding=\"async\" class=\"active-logo\" src=\"https:\/\/b2b.seklos.lt\/themes\/warehouse\/img\/logo_en.png\" alt=\"Agrofirma S\u0117klos, UAB\" width=\"280\" height=\"95\" \/><\/p>\n<p>Golgotavir\u00e1g<br \/>\n\u00c9vel\u0151, ha belt\u00e9ren termesztik, egyny\u00e1ri sz\u0151l\u0151vir\u00e1gok, ha szabadban termesztik. Eredeti, d\u00edszes, nagy, 10 cm-es \u00e1tm\u00e9r\u0151j\u0171 vir\u00e1gz\u00e1sra becs\u00fclik. J\u00f3l terem vil\u00e1gos, j\u00f3l szell\u0151z\u0151 helyis\u00e9gekben, erk\u00e9lyeken, t\u00e9likertekben. Szabadt\u00e9ri termeszt\u00e9skor k\u00f6zvetlen napf\u00e9nyt\u0151l v\u00e9dett helyet kell v\u00e1lasztani. Javasoljuk, hogy a magokat vet\u00e9s el\u0151tt 24 \u00f3r\u00e1n \u00e1t szobah\u0151m\u00e9rs\u00e9klet\u0171 v\u00edzbe \u00e1ztassa, 3-4 h\u00e9ten bel\u00fcl kics\u00edr\u00e1zik.<\/p>\n<p>Mennyis\u00e9g egy csomagban 0,1 g<br \/>\nMagok sz\u00e1ma grammonk\u00e9nt ~100-120<br \/>\nVir\u00e1gz\u00e1si id\u0151szak III-IV<br \/>\nTermeszt\u00e9si hely Erk\u00e9ly<br \/>\nM\u00e1rka \u017dalia stotel\u0117<br \/>\nNapos hely Igen<br \/>\n\u00c9vel\u0151 Igen<br \/>\nBelt\u00e9ri termeszt\u00e9sre alkalmas<br \/>\nS\u00faly 0,1 g<\/p>\n","protected":false},"featured_media":35549,"comment_status":"closed","ping_status":"closed","template":"","meta":[],"product_brand":[],"product_cat":[363],"product_tag":[],"class_list":{"0":"post-35548","1":"product","2":"type-product","3":"status-publish","4":"has-post-thumbnail","6":"product_cat-virag-vetomagok-zalia-stotele","8":"first","9":"instock","10":"taxable","11":"shipping-taxable","12":"purchasable","13":"product-type-simple"},"_links":{"self":[{"href":"https:\/\/chilimag.hu\/webshop\/wp-json\/wp\/v2\/product\/35548","targetHints":{"allow":["GET"]}}],"collection":[{"href":"https:\/\/chilimag.hu\/webshop\/wp-json\/wp\/v2\/product"}],"about":[{"href":"https:\/\/chilimag.hu\/webshop\/wp-json\/wp\/v2\/types\/product"}],"replies":[{"embeddable":true,"href":"https:\/\/chilimag.hu\/webshop\/wp-json\/wp\/v2\/comments?post=35548"}],"wp:featuredmedia":[{"embeddable":true,"href":"https:\/\/chilimag.hu\/webshop\/wp-json\/wp\/v2\/media\/35549"}],"wp:attachment":[{"href":"https:\/\/chilimag.hu\/webshop\/wp-json\/wp\/v2\/media?parent=35548"}],"wp:term":[{"taxonomy":"product_brand","embeddable":true,"href":"https:\/\/chilimag.hu\/webshop\/wp-json\/wp\/v2\/product_brand?post=35548"},{"taxonomy":"product_cat","embeddable":true,"href":"https:\/\/chilimag.hu\/webshop\/wp-json\/wp\/v2\/product_cat?post=35548"},{"taxonomy":"product_tag","embeddable":true,"href":"https:\/\/chilimag.hu\/webshop\/wp-json\/wp\/v2\/product_tag?post=35548"}],"curies":[{"name":"wp","href":"https:\/\/api.w.org\/{rel}","templated":true}]}}