{"id":35545,"date":"2025-02-10T17:46:55","date_gmt":"2025-02-10T17:46:55","guid":{"rendered":"https:\/\/chilimag.hu\/webshop\/?post_type=product&#038;p=35545"},"modified":"2026-02-18T18:05:32","modified_gmt":"2026-02-18T18:05:32","slug":"paradicsom-sacher-hibrid-z-s-sl","status":"publish","type":"product","link":"https:\/\/chilimag.hu\/webshop\/termek\/paradicsom-sacher-hibrid-z-s-sl\/","title":{"rendered":"Paradicsom Sacher Hibrid Z.S SL"},"content":{"rendered":"","protected":false},"excerpt":{"rendered":"<p><img decoding=\"async\" class=\"active-logo\" src=\"https:\/\/b2b.seklos.lt\/themes\/warehouse\/img\/logo_en.png\" alt=\"Agrofirma S\u0117klos, UAB\" width=\"280\" height=\"95\" \/><\/p>\n<p>Korai, hat\u00e1rozatlan, betegs\u00e9geknek ellen\u00e1ll\u00f3 paradicsomhibrid. Egy r\u00e1cson 5-7 kiv\u00e9teles \u00edz\u0171 \u00e9s arom\u00e1j\u00fa gy\u00fcm\u00f6lcs tal\u00e1lhat\u00f3. 130\u2013150 g k\u00f6r\u00fcli, szed\u00e9s ut\u00e1n j\u00f3l meg\u0151rz\u00f6tt gy\u00fcm\u00f6lcs\u00f6k. Nagy mennyis\u00e9gben tartalmaznak karotinoid likopint, az egyik leger\u0151sebb term\u00e9szetes antioxid\u00e1nst. F\u0171t\u00f6tt \u00e9s f\u0171tetlen \u00fcvegh\u00e1zakban egyar\u00e1nt termesztik.<\/p>\n<p>P \u00e1rcsoport<br \/>\nA fajta korai ideje Korai<br \/>\nHermetikus csomagol\u00e1s Igen<br \/>\nMagok sz\u00e1ma a csomagban, db. 5<br \/>\nA pal\u00e1nt\u00e1k vet\u00e9si ideje III<br \/>\nT\u00e1vols\u00e1gok, 90&#215;40 cm<br \/>\nN\u00f6v\u00e9nymagass\u00e1g Magas<br \/>\nSz\u00fcret VII-VIII<br \/>\nTermeszt\u00e9si hely \u00dcvegh\u00e1zban<br \/>\nM\u00e1rka \u017dalia stotel\u0117<br \/>\nNapos hely Igen<br \/>\nSz\u00edn Fekete<br \/>\nGy\u00fcm\u00f6lcsm\u00e9ret \u00c1tlagos m\u00e9ret<\/p>\n","protected":false},"featured_media":35546,"comment_status":"closed","ping_status":"closed","template":"","meta":[],"product_brand":[],"product_cat":[413],"product_tag":[],"class_list":{"0":"post-35545","1":"product","2":"type-product","3":"status-publish","4":"has-post-thumbnail","6":"product_cat-paradicsom-vetomagok-zalia-stotele","8":"first","9":"instock","10":"taxable","11":"shipping-taxable","12":"purchasable","13":"product-type-simple"},"_links":{"self":[{"href":"https:\/\/chilimag.hu\/webshop\/wp-json\/wp\/v2\/product\/35545","targetHints":{"allow":["GET"]}}],"collection":[{"href":"https:\/\/chilimag.hu\/webshop\/wp-json\/wp\/v2\/product"}],"about":[{"href":"https:\/\/chilimag.hu\/webshop\/wp-json\/wp\/v2\/types\/product"}],"replies":[{"embeddable":true,"href":"https:\/\/chilimag.hu\/webshop\/wp-json\/wp\/v2\/comments?post=35545"}],"wp:featuredmedia":[{"embeddable":true,"href":"https:\/\/chilimag.hu\/webshop\/wp-json\/wp\/v2\/media\/35546"}],"wp:attachment":[{"href":"https:\/\/chilimag.hu\/webshop\/wp-json\/wp\/v2\/media?parent=35545"}],"wp:term":[{"taxonomy":"product_brand","embeddable":true,"href":"https:\/\/chilimag.hu\/webshop\/wp-json\/wp\/v2\/product_brand?post=35545"},{"taxonomy":"product_cat","embeddable":true,"href":"https:\/\/chilimag.hu\/webshop\/wp-json\/wp\/v2\/product_cat?post=35545"},{"taxonomy":"product_tag","embeddable":true,"href":"https:\/\/chilimag.hu\/webshop\/wp-json\/wp\/v2\/product_tag?post=35545"}],"curies":[{"name":"wp","href":"https:\/\/api.w.org\/{rel}","templated":true}]}}