{"id":35521,"date":"2025-02-09T18:57:09","date_gmt":"2025-02-09T18:57:09","guid":{"rendered":"https:\/\/chilimag.hu\/webshop\/?post_type=product&#038;p=35521"},"modified":"2026-02-04T13:50:21","modified_gmt":"2026-02-04T13:50:21","slug":"paradicsom-brandywine-yellow-z-s-sl","status":"publish","type":"product","link":"https:\/\/chilimag.hu\/webshop\/termek\/paradicsom-brandywine-yellow-z-s-sl\/","title":{"rendered":"Paradicsom Brandywine Yellow Z.S SL"},"content":{"rendered":"","protected":false},"excerpt":{"rendered":"<p><img decoding=\"async\" class=\"active-logo\" src=\"https:\/\/b2b.seklos.lt\/themes\/warehouse\/img\/logo_en.png\" alt=\"Agrofirma S\u0117klos, UAB\" width=\"280\" height=\"95\" \/><\/p>\n<p>Paradicsom Brandywine S\u00c1RGA<br \/>\nK\u00f6z\u00e9pkorai, hat\u00e1rozatlan fajta. Gy\u00fcm\u00f6lcsei kereken laposak, enyh\u00e9n bord\u00e1zottak. S\u00falyuk el\u00e9rheti a 250-450 g-ot. A gy\u00fcm\u00f6lcs\u00f6k v\u00e9kony h\u00e9j\u00faak, kev\u00e9s magot tartalmaznak, h\u00fasosak, illatosak, finomak. A n\u00f6v\u00e9ny levelei hasonl\u00f3ak a burgonya leveleihez. F\u0171tetlen \u00fcvegh\u00e1zakban termesztik.<\/p>\n<p>A fajta korai \u00e9r\u00e9se M\u00e9rs\u00e9kelten korai<br \/>\nHermetikus csomagol\u00e1s Igen<br \/>\nMennyis\u00e9g egy csomagban 0,1g<br \/>\nA magok sz\u00e1ma grammonk\u00e9nt ~200-300<br \/>\nA pal\u00e1nt\u00e1k vet\u00e9si ideje III-IV<br \/>\nT\u00e1vols\u00e1gok, 90&#215;40 cm<br \/>\nN\u00f6v\u00e9nymagass\u00e1g Magas<br \/>\nSz\u00fcret VII-VIII<br \/>\nTermeszt\u00e9si hely \u00dcvegh\u00e1zban<br \/>\nM\u00e1rka \u017dalia stotel\u0117<br \/>\nNapos hely Igen<br \/>\nSz\u00edn Narancs<br \/>\nGy\u00fcm\u00f6lcs m\u00e9rete Nagy<br \/>\nNyelvek a csomagol\u00e1son DE, LV, EN, LT, EE<br \/>\nS\u00faly 0,1 g<\/p>\n","protected":false},"featured_media":35522,"comment_status":"closed","ping_status":"closed","template":"","meta":[],"product_brand":[],"product_cat":[413],"product_tag":[],"class_list":{"0":"post-35521","1":"product","2":"type-product","3":"status-publish","4":"has-post-thumbnail","6":"product_cat-paradicsom-vetomagok-zalia-stotele","8":"first","9":"instock","10":"taxable","11":"shipping-taxable","12":"purchasable","13":"product-type-simple"},"_links":{"self":[{"href":"https:\/\/chilimag.hu\/webshop\/wp-json\/wp\/v2\/product\/35521","targetHints":{"allow":["GET"]}}],"collection":[{"href":"https:\/\/chilimag.hu\/webshop\/wp-json\/wp\/v2\/product"}],"about":[{"href":"https:\/\/chilimag.hu\/webshop\/wp-json\/wp\/v2\/types\/product"}],"replies":[{"embeddable":true,"href":"https:\/\/chilimag.hu\/webshop\/wp-json\/wp\/v2\/comments?post=35521"}],"wp:featuredmedia":[{"embeddable":true,"href":"https:\/\/chilimag.hu\/webshop\/wp-json\/wp\/v2\/media\/35522"}],"wp:attachment":[{"href":"https:\/\/chilimag.hu\/webshop\/wp-json\/wp\/v2\/media?parent=35521"}],"wp:term":[{"taxonomy":"product_brand","embeddable":true,"href":"https:\/\/chilimag.hu\/webshop\/wp-json\/wp\/v2\/product_brand?post=35521"},{"taxonomy":"product_cat","embeddable":true,"href":"https:\/\/chilimag.hu\/webshop\/wp-json\/wp\/v2\/product_cat?post=35521"},{"taxonomy":"product_tag","embeddable":true,"href":"https:\/\/chilimag.hu\/webshop\/wp-json\/wp\/v2\/product_tag?post=35521"}],"curies":[{"name":"wp","href":"https:\/\/api.w.org\/{rel}","templated":true}]}}