{"id":35519,"date":"2025-02-09T18:28:28","date_gmt":"2025-02-09T18:28:28","guid":{"rendered":"https:\/\/chilimag.hu\/webshop\/?post_type=product&#038;p=35519"},"modified":"2026-03-12T15:32:45","modified_gmt":"2026-03-12T15:32:45","slug":"petrezselyemgyoker-cukrowa-z-s-sl","status":"publish","type":"product","link":"https:\/\/chilimag.hu\/webshop\/termek\/petrezselyemgyoker-cukrowa-z-s-sl\/","title":{"rendered":"Petrezselyemgy\u00f6k\u00e9r Cukrowa Z.S SL"},"content":{"rendered":"","protected":false},"excerpt":{"rendered":"<p><img decoding=\"async\" class=\"active-logo\" src=\"https:\/\/b2b.seklos.lt\/themes\/warehouse\/img\/logo_en.png\" alt=\"Agrofirma S\u0117klos, UAB\" width=\"280\" height=\"95\" \/><\/p>\n<p>PETREZSELYEM CUKROWA<br \/>\nKorai gy\u00f6k\u00e9r petrezselyemfajta ny\u00e1ri \u00e9s \u0151szi betakar\u00edt\u00e1shoz. A veget\u00e1ci\u00f3s id\u0151szak 110-150 nap. A gy\u00f6kerek simaak, legfeljebb 15 cm hossz\u00faak, a h\u00fas kellemes arom\u00e1j\u00fa. Felhaszn\u00e1lhat\u00f3 frissen, feldolgozva. A levelek \u00e9tkez\u00e9sre is haszn\u00e1lhat\u00f3k. A kora tavaszi betakar\u00edt\u00e1shoz \u0151sszel kell vetni. A legjobban fejl\u0151dik k\u00f6nny\u0171 homokos v\u00e1lyog vagy nedves v\u00e1lyog talajban.<\/p>\n<p>B \u00e1rcsoport<br \/>\nA fajta korai ideje Korai<br \/>\nHermetikus csomagol\u00e1s Igen<br \/>\nKiszerel\u00e9s egy csomagban 2 g<br \/>\nMagok sz\u00e1ma grammonk\u00e9nt ~500-1000<br \/>\nVet\u00e9sid\u0151 a talajban III-V<br \/>\nT\u00e1vols\u00e1gok, 28&#215;10 cm<br \/>\nSz\u00fcret VII-IX<br \/>\nTerm\u0151f\u00f6ld<br \/>\nM\u00e1rka \u017dalia stotel\u0117<br \/>\nNapos hely Igen<br \/>\nT\u00edpus Rooted<br \/>\nElk\u00e9sz\u00edt\u00e9si m\u00f3dszerek H\u0171t\u00e9s<br \/>\nNyelvek a csomagol\u00e1son EN, LT, EE, DE, LV<br \/>\nS\u00faly 2 g<\/p>\n","protected":false},"featured_media":35520,"comment_status":"closed","ping_status":"closed","template":"","meta":[],"product_brand":[],"product_cat":[408],"product_tag":[],"class_list":{"0":"post-35519","1":"product","2":"type-product","3":"status-publish","4":"has-post-thumbnail","6":"product_cat-zoldseg-vetomagok-zalia-stotele","8":"first","9":"instock","10":"taxable","11":"shipping-taxable","12":"purchasable","13":"product-type-simple"},"_links":{"self":[{"href":"https:\/\/chilimag.hu\/webshop\/wp-json\/wp\/v2\/product\/35519","targetHints":{"allow":["GET"]}}],"collection":[{"href":"https:\/\/chilimag.hu\/webshop\/wp-json\/wp\/v2\/product"}],"about":[{"href":"https:\/\/chilimag.hu\/webshop\/wp-json\/wp\/v2\/types\/product"}],"replies":[{"embeddable":true,"href":"https:\/\/chilimag.hu\/webshop\/wp-json\/wp\/v2\/comments?post=35519"}],"wp:featuredmedia":[{"embeddable":true,"href":"https:\/\/chilimag.hu\/webshop\/wp-json\/wp\/v2\/media\/35520"}],"wp:attachment":[{"href":"https:\/\/chilimag.hu\/webshop\/wp-json\/wp\/v2\/media?parent=35519"}],"wp:term":[{"taxonomy":"product_brand","embeddable":true,"href":"https:\/\/chilimag.hu\/webshop\/wp-json\/wp\/v2\/product_brand?post=35519"},{"taxonomy":"product_cat","embeddable":true,"href":"https:\/\/chilimag.hu\/webshop\/wp-json\/wp\/v2\/product_cat?post=35519"},{"taxonomy":"product_tag","embeddable":true,"href":"https:\/\/chilimag.hu\/webshop\/wp-json\/wp\/v2\/product_tag?post=35519"}],"curies":[{"name":"wp","href":"https:\/\/api.w.org\/{rel}","templated":true}]}}