{"id":35515,"date":"2025-02-09T18:17:01","date_gmt":"2025-02-09T18:17:01","guid":{"rendered":"https:\/\/chilimag.hu\/webshop\/?post_type=product&#038;p=35515"},"modified":"2026-03-23T14:39:48","modified_gmt":"2026-03-23T14:39:48","slug":"paprika-oda-z-s-sl","status":"publish","type":"product","link":"https:\/\/chilimag.hu\/webshop\/termek\/paprika-oda-z-s-sl\/","title":{"rendered":"Paprika Oda Z.S SL"},"content":{"rendered":"","protected":false},"excerpt":{"rendered":"<p><img decoding=\"async\" class=\"active-logo\" src=\"https:\/\/b2b.seklos.lt\/themes\/warehouse\/img\/logo_en.png\" alt=\"Agrofirma S\u0117klos, UAB\" width=\"280\" height=\"95\" \/><\/p>\n<p>Korai, t\u00f6rpe fajta. A n\u00f6v\u00e9nyek 40 cm magasak. M\u0171anyag \u00fcvegh\u00e1zakban \u00e9s szabadban termesztik. Gy\u00fcm\u00f6lcse k\u00fap alak\u00fa, 100-120 g k\u00f6r\u00fcli, lila sz\u00edn\u0171, l\u00e9d\u00fas. Friss felhaszn\u00e1l\u00e1sra \u00e9s botoz\u00e1sra alkalmas. A paprikamagok cs\u00edr\u00e1z\u00e1s\u00e1hoz a legjobb h\u0151m\u00e9rs\u00e9klet + 22-25\u00b0C. A magok 14-22 napon bel\u00fcl cs\u00edr\u00e1znak. A pal\u00e1nt\u00e1kat fagy ut\u00e1n \u00fcltetik ki a sz\u00e1nt\u00f3f\u00f6ldre. Szabadban, sz\u00e9lt\u0151l v\u00e9dett helyen, napos helyen termesztik, term\u00e9keny talajon.<br \/>\nB \u00e1rcsoport<br \/>\nA fajta korai ideje Korai<br \/>\nHermetikus csomagol\u00e1s Igen<br \/>\nMennyis\u00e9g egy csomagban 0,2g<br \/>\nMagok sz\u00e1ma grammonk\u00e9nt ~120-160<br \/>\nA pal\u00e1nt\u00e1k vet\u00e9si ideje II-III<br \/>\nT\u00e1vols\u00e1gok, 50&#215;50 cm<br \/>\nSz\u00fcret VII-IX<br \/>\nTerm\u0151f\u00f6ld, \u00fcvegh\u00e1zban<br \/>\nM\u00e1rka \u017dalia stotel\u0117<br \/>\nNapos hely Igen<br \/>\nElk\u00e9sz\u00edt\u00e9si m\u00f3dszerek Konzerv\u00e1l\u00e1s<br \/>\nNyelvek a csomagol\u00e1son EE, DE, LV, EN, LT<br \/>\nS\u00faly 0,2 g<\/p>\n","protected":false},"featured_media":35516,"comment_status":"closed","ping_status":"closed","template":"","meta":[],"product_brand":[],"product_cat":[414],"product_tag":[],"class_list":{"0":"post-35515","1":"product","2":"type-product","3":"status-publish","4":"has-post-thumbnail","6":"product_cat-paprika-vetomagok-zalia-stotele","8":"first","9":"instock","10":"taxable","11":"shipping-taxable","12":"purchasable","13":"product-type-simple"},"_links":{"self":[{"href":"https:\/\/chilimag.hu\/webshop\/wp-json\/wp\/v2\/product\/35515","targetHints":{"allow":["GET"]}}],"collection":[{"href":"https:\/\/chilimag.hu\/webshop\/wp-json\/wp\/v2\/product"}],"about":[{"href":"https:\/\/chilimag.hu\/webshop\/wp-json\/wp\/v2\/types\/product"}],"replies":[{"embeddable":true,"href":"https:\/\/chilimag.hu\/webshop\/wp-json\/wp\/v2\/comments?post=35515"}],"wp:featuredmedia":[{"embeddable":true,"href":"https:\/\/chilimag.hu\/webshop\/wp-json\/wp\/v2\/media\/35516"}],"wp:attachment":[{"href":"https:\/\/chilimag.hu\/webshop\/wp-json\/wp\/v2\/media?parent=35515"}],"wp:term":[{"taxonomy":"product_brand","embeddable":true,"href":"https:\/\/chilimag.hu\/webshop\/wp-json\/wp\/v2\/product_brand?post=35515"},{"taxonomy":"product_cat","embeddable":true,"href":"https:\/\/chilimag.hu\/webshop\/wp-json\/wp\/v2\/product_cat?post=35515"},{"taxonomy":"product_tag","embeddable":true,"href":"https:\/\/chilimag.hu\/webshop\/wp-json\/wp\/v2\/product_tag?post=35515"}],"curies":[{"name":"wp","href":"https:\/\/api.w.org\/{rel}","templated":true}]}}