{"id":35489,"date":"2025-02-08T20:43:16","date_gmt":"2025-02-08T20:43:16","guid":{"rendered":"https:\/\/chilimag.hu\/webshop\/?post_type=product&#038;p=35489"},"modified":"2025-02-08T20:43:16","modified_gmt":"2025-02-08T20:43:16","slug":"egerriaszto-2-db-os-sl","status":"publish","type":"product","link":"https:\/\/chilimag.hu\/webshop\/termek\/egerriaszto-2-db-os-sl\/","title":{"rendered":"Eg\u00e9rriaszt\u00f3 2 db-os SL"},"content":{"rendered":"","protected":false},"excerpt":{"rendered":"<p>Le\u00edr\u00e1s<\/p>\n<p>Az egerek a kertben, a gar\u00e1zsban, a pinc\u00e9ben \u00e9s m\u00e9g a h\u00e1zban is s\u00e9t\u00e1lnak. L\u00e1tjuk a nyomaikat \u00e9s halljuk a zajt \u00e9jszaka.<br \/>\nHogyan lehet hat\u00e9konyan megszabadulni t\u0151l\u00fck? Megvan a t\u00f6k\u00e9letes megold\u00e1s &#8211; Kunagone t\u00e1sk\u00e1k.<br \/>\nEg\u00e9rriaszt\u00f3nk hat\u00e9kony \u00e9s term\u00e9szetes m\u00f3dszer a k\u00e1rtev\u0151k irt\u00e1s\u00e1ra.<br \/>\nFontos, hogy ez a term\u00e9k nem biocid term\u00e9k, nem befoly\u00e1solja k\u00e1rosan az emberek \u00e9s \u00e1llatok eg\u00e9szs\u00e9g\u00e9t!<\/p>\n<p>KICSOMAGOL\u00c1S<br \/>\nH\u00fazza le a f\u00f3liatasak fedel\u00e9t.<\/p>\n<p>TELEP\u00cdT\u00c9S<br \/>\nK\u00f6sse be a zacsk\u00f3t b\u00e1rhov\u00e1, ahol az egerek jelenl\u00e9te nem k\u00edv\u00e1natos.<\/p>\n<p>V\u00c1RJON<br \/>\nHagyja, hogy az illat lassan szabaduljon fel a helysz\u00ednen.<\/p>\n<p>MEGFIGYEL\u00c9S<br \/>\nNincs eg\u00e9rnyom? Nagy! Visszaj\u00f6n az eg\u00e9r? N\u00f6velje a pontok sz\u00e1m\u00e1t.<\/p>\n<p>V\u00c9DJE TER\u00dcLET\u00c9T<br \/>\nA ter\u00fclet \u0151rz\u0151je aktiv\u00e1lva lett<\/p>\n<p>Csomag m\u00e9rete: 12 x 12 x 12 cm<\/p>\n<p>&nbsp;<\/p>\n","protected":false},"featured_media":35490,"comment_status":"closed","ping_status":"closed","template":"","meta":[],"product_brand":[],"product_cat":[340],"product_tag":[],"class_list":{"0":"post-35489","1":"product","2":"type-product","3":"status-publish","4":"has-post-thumbnail","6":"product_cat-kartevo-csapdak","8":"first","9":"instock","10":"taxable","11":"shipping-taxable","12":"purchasable","13":"product-type-simple"},"_links":{"self":[{"href":"https:\/\/chilimag.hu\/webshop\/wp-json\/wp\/v2\/product\/35489","targetHints":{"allow":["GET"]}}],"collection":[{"href":"https:\/\/chilimag.hu\/webshop\/wp-json\/wp\/v2\/product"}],"about":[{"href":"https:\/\/chilimag.hu\/webshop\/wp-json\/wp\/v2\/types\/product"}],"replies":[{"embeddable":true,"href":"https:\/\/chilimag.hu\/webshop\/wp-json\/wp\/v2\/comments?post=35489"}],"wp:featuredmedia":[{"embeddable":true,"href":"https:\/\/chilimag.hu\/webshop\/wp-json\/wp\/v2\/media\/35490"}],"wp:attachment":[{"href":"https:\/\/chilimag.hu\/webshop\/wp-json\/wp\/v2\/media?parent=35489"}],"wp:term":[{"taxonomy":"product_brand","embeddable":true,"href":"https:\/\/chilimag.hu\/webshop\/wp-json\/wp\/v2\/product_brand?post=35489"},{"taxonomy":"product_cat","embeddable":true,"href":"https:\/\/chilimag.hu\/webshop\/wp-json\/wp\/v2\/product_cat?post=35489"},{"taxonomy":"product_tag","embeddable":true,"href":"https:\/\/chilimag.hu\/webshop\/wp-json\/wp\/v2\/product_tag?post=35489"}],"curies":[{"name":"wp","href":"https:\/\/api.w.org\/{rel}","templated":true}]}}