{"id":35483,"date":"2025-02-08T20:21:00","date_gmt":"2025-02-08T20:21:00","guid":{"rendered":"https:\/\/chilimag.hu\/webshop\/?post_type=product&#038;p=35483"},"modified":"2025-09-07T17:38:17","modified_gmt":"2025-09-07T17:38:17","slug":"kalium-magnezium-2-kg-agr-sl","status":"publish","type":"product","link":"https:\/\/chilimag.hu\/webshop\/termek\/kalium-magnezium-2-kg-agr-sl\/","title":{"rendered":"K\u00e1lium, Magn\u00e9zium 2 Kg AGR SL"},"content":{"rendered":"","protected":false},"excerpt":{"rendered":"<p>Le\u00edr\u00e1s<\/p>\n<p>K\u00c1LIUM MAGN\u00c9ZIUM<\/p>\n<p>PFC 1(C)(I)(a)(i): EGYENES SZIL\u00c1RD SZERVETLEN MAKROTAPANYAG-TR\u00c1GYA.<\/p>\n<p>Tartalomnyilatkozat K (Mg,S) 30 (+10+44). Haszn\u00e1lati utas\u00edt\u00e1s. A m\u0171tr\u00e1gya a talaj jav\u00edt\u00e1s\u00e1ra \u00e9s a k\u00fcl\u00f6nf\u00e9le n\u00f6v\u00e9nyfajt\u00e1k t\u00e1pl\u00e1l\u00e1s\u00e1ra szolg\u00e1l. Pr\u00f3b\u00e1ljon helyben tr\u00e1gy\u00e1zni. Mindig pr\u00f3b\u00e1lja meg a m\u0171tr\u00e1gy\u00e1t a talajba juttatni. A bokrok \u00e9s f\u00e1k k\u00f6r\u00fcl az \u00e1gkorona sz\u00e9less\u00e9g\u0171 szakaszt tr\u00e1gy\u00e1zzuk meg. Az akt\u00edv n\u00f6veked\u00e9si id\u0151szakban minden n\u00f6v\u00e9nyt tr\u00e1gy\u00e1zzon meg. Tr\u00e1gy\u00e1zzuk 1-3 alkalommal az aj\u00e1nlott mennyis\u00e9gig. A tr\u00e1gy\u00e1z\u00e1si alkalmak sz\u00e1ma a n\u00f6v\u00e9nyek vegetat\u00edv sz\u00fcks\u00e9gleteit\u0151l, a tr\u00e1gy\u00e1z\u00e1si id\u0151t\u0151l \u00e9s a talajban l\u00e9v\u0151 t\u00e1panyag mennyis\u00e9g\u00e9t\u0151l f\u00fcgg. Alkalmaz\u00e1si ar\u00e1ny. F\u00f6ld (talaj) 50-100 g\/m2; z\u00f6lds\u00e9gek \u00e9s burgonya \u2013 50-900 g\/m2; vir\u00e1gok, vir\u00e1gz\u00f3 bokrok &#8211; 50 g\/m2; eper, gy\u00fcm\u00f6lcsbokrok, d\u00edszn\u00f6v\u00e9nyek \u2013 50-80 g\/m2; gy\u00fcm\u00f6lcsf\u00e1k, t\u00e1jn\u00f6v\u00e9nyek \u2013 50-100 g\/m2; p\u00e1zsit &#8211; 30 g\/m2. Csak akkor haszn\u00e1lja, ha felismerte a m\u0171tr\u00e1gya sz\u00fcks\u00e9gess\u00e9g\u00e9t! Ne l\u00e9pje t\u00fal az alkalmaz\u00e1si ar\u00e1nyokat! Egy\u00e9b inform\u00e1ci\u00f3. Alacsony kl\u00f3r. Kiszerel\u00e9s: 2 kg.<\/p>\n<p>M\u0171tr\u00e1gya szezonalit\u00e1s Eg\u00e9sz \u00e9ves m\u0171tr\u00e1gy\u00e1z\u00e1s<br \/>\nKiszerel\u00e9s 2 kg<\/p>\n","protected":false},"featured_media":35484,"comment_status":"closed","ping_status":"closed","template":"","meta":[],"product_brand":[],"product_cat":[388],"product_tag":[],"class_list":{"0":"post-35483","1":"product","2":"type-product","3":"status-publish","4":"has-post-thumbnail","6":"product_cat-agronom-tapoldatok-es-noveny-apolok","8":"first","9":"instock","10":"taxable","11":"shipping-taxable","12":"purchasable","13":"product-type-simple"},"_links":{"self":[{"href":"https:\/\/chilimag.hu\/webshop\/wp-json\/wp\/v2\/product\/35483","targetHints":{"allow":["GET"]}}],"collection":[{"href":"https:\/\/chilimag.hu\/webshop\/wp-json\/wp\/v2\/product"}],"about":[{"href":"https:\/\/chilimag.hu\/webshop\/wp-json\/wp\/v2\/types\/product"}],"replies":[{"embeddable":true,"href":"https:\/\/chilimag.hu\/webshop\/wp-json\/wp\/v2\/comments?post=35483"}],"wp:featuredmedia":[{"embeddable":true,"href":"https:\/\/chilimag.hu\/webshop\/wp-json\/wp\/v2\/media\/35484"}],"wp:attachment":[{"href":"https:\/\/chilimag.hu\/webshop\/wp-json\/wp\/v2\/media?parent=35483"}],"wp:term":[{"taxonomy":"product_brand","embeddable":true,"href":"https:\/\/chilimag.hu\/webshop\/wp-json\/wp\/v2\/product_brand?post=35483"},{"taxonomy":"product_cat","embeddable":true,"href":"https:\/\/chilimag.hu\/webshop\/wp-json\/wp\/v2\/product_cat?post=35483"},{"taxonomy":"product_tag","embeddable":true,"href":"https:\/\/chilimag.hu\/webshop\/wp-json\/wp\/v2\/product_tag?post=35483"}],"curies":[{"name":"wp","href":"https:\/\/api.w.org\/{rel}","templated":true}]}}