{"id":35477,"date":"2025-02-08T18:25:07","date_gmt":"2025-02-08T18:25:07","guid":{"rendered":"https:\/\/chilimag.hu\/webshop\/?post_type=product&#038;p=35477"},"modified":"2025-04-01T13:18:33","modified_gmt":"2025-04-01T13:18:33","slug":"szilikon-gyerek-vodor-nelly-jelly-sl","status":"publish","type":"product","link":"https:\/\/chilimag.hu\/webshop\/termek\/szilikon-gyerek-vodor-nelly-jelly-sl\/","title":{"rendered":"Nelly Jelly Szilikon Gyerek v\u00f6d\u00f6r SL"},"content":{"rendered":"","protected":false},"excerpt":{"rendered":"<p>Le\u00edr\u00e1s<\/p>\n<p>A gyerekeknek sz\u00e1nt szilikon v\u00f6d\u00f6r seg\u00edt\u0151je minden felfedez\u0151nek a kertben vagy a homokoz\u00f3ban. Puha, biztons\u00e1gos \u00e9s ellen\u00e1ll\u00f3 szilikon anyagb\u00f3l k\u00e9sz\u00fclt. A v\u00f6d\u00f6r ergonomikus kialak\u00edt\u00e1sa \u00e9s a k\u00e9nyelmes foganty\u00fa m\u00e9rete megk\u00f6nny\u00edti a gyermekek k\u00e9zben tart\u00e1s\u00e1t \u00e9s hordoz\u00e1s\u00e1t.<\/p>\n<p>SODOLENDAS X NELLY JELLY m\u00e1rka<\/p>\n<p>&nbsp;<\/p>\n","protected":false},"featured_media":35478,"comment_status":"closed","ping_status":"closed","template":"","meta":[],"product_brand":[],"product_cat":[421],"product_tag":[],"class_list":{"0":"post-35477","1":"product","2":"type-product","3":"status-publish","4":"has-post-thumbnail","6":"product_cat-gyerek-kerteszet","8":"first","9":"instock","10":"taxable","11":"shipping-taxable","12":"purchasable","13":"product-type-simple"},"_links":{"self":[{"href":"https:\/\/chilimag.hu\/webshop\/wp-json\/wp\/v2\/product\/35477","targetHints":{"allow":["GET"]}}],"collection":[{"href":"https:\/\/chilimag.hu\/webshop\/wp-json\/wp\/v2\/product"}],"about":[{"href":"https:\/\/chilimag.hu\/webshop\/wp-json\/wp\/v2\/types\/product"}],"replies":[{"embeddable":true,"href":"https:\/\/chilimag.hu\/webshop\/wp-json\/wp\/v2\/comments?post=35477"}],"wp:featuredmedia":[{"embeddable":true,"href":"https:\/\/chilimag.hu\/webshop\/wp-json\/wp\/v2\/media\/35478"}],"wp:attachment":[{"href":"https:\/\/chilimag.hu\/webshop\/wp-json\/wp\/v2\/media?parent=35477"}],"wp:term":[{"taxonomy":"product_brand","embeddable":true,"href":"https:\/\/chilimag.hu\/webshop\/wp-json\/wp\/v2\/product_brand?post=35477"},{"taxonomy":"product_cat","embeddable":true,"href":"https:\/\/chilimag.hu\/webshop\/wp-json\/wp\/v2\/product_cat?post=35477"},{"taxonomy":"product_tag","embeddable":true,"href":"https:\/\/chilimag.hu\/webshop\/wp-json\/wp\/v2\/product_tag?post=35477"}],"curies":[{"name":"wp","href":"https:\/\/api.w.org\/{rel}","templated":true}]}}