{"id":35473,"date":"2025-02-08T18:16:29","date_gmt":"2025-02-08T18:16:29","guid":{"rendered":"https:\/\/chilimag.hu\/webshop\/?post_type=product&#038;p=35473"},"modified":"2025-04-08T21:27:18","modified_gmt":"2025-04-08T21:27:18","slug":"eperparej-nelly-jelly-sl","status":"publish","type":"product","link":"https:\/\/chilimag.hu\/webshop\/termek\/eperparej-nelly-jelly-sl\/","title":{"rendered":"Nelly Jelly Eperpar\u00e9j SL"},"content":{"rendered":"","protected":false},"excerpt":{"rendered":"<p>Le\u00edr\u00e1s<\/p>\n<p>Ig\u00e9nytelen \u00e9s k\u00f6nnyen termeszthet\u0151 spen\u00f3tfajta, amelyet m\u00e9g a kisebb kert\u00e9szek is \u00e9lvezhetnek. A leveleket \u00e9s a piros bogy\u00f3kat t\u00e1pl\u00e1l\u00e9kk\u00e9nt haszn\u00e1lj\u00e1k, \u00e9s tov\u00e1bbi sz\u00e9ps\u00e9get adnak a kertnek, lek\u00f6tik a gyerekek figyelm\u00e9t.<\/p>\n<p>Mennyis\u00e9g kiszerel\u00e9sben 0,5g<br \/>\nMagok sz\u00e1ma grammonk\u00e9nt ~1100-1200<br \/>\nVet\u00e9sid\u0151 a talajban IV-V, X<br \/>\nT\u00e1vols\u00e1gok, 20&#215;20 cm<br \/>\nSz\u00fcret VI-VIII<br \/>\nTermeszt\u00e9si hely Erk\u00e9ly, Sz\u00e1nt\u00f3f\u00f6ld<br \/>\nSODOLENDAS X NELLY JELLY m\u00e1rka<br \/>\nNapos hely Igen<\/p>\n<p>S\u00faly 0,5 g<\/p>\n","protected":false},"featured_media":35474,"comment_status":"closed","ping_status":"closed","template":"","meta":[],"product_brand":[],"product_cat":[421],"product_tag":[],"class_list":{"0":"post-35473","1":"product","2":"type-product","3":"status-publish","4":"has-post-thumbnail","6":"product_cat-gyerek-kerteszet","8":"first","9":"instock","10":"taxable","11":"shipping-taxable","12":"purchasable","13":"product-type-simple"},"_links":{"self":[{"href":"https:\/\/chilimag.hu\/webshop\/wp-json\/wp\/v2\/product\/35473","targetHints":{"allow":["GET"]}}],"collection":[{"href":"https:\/\/chilimag.hu\/webshop\/wp-json\/wp\/v2\/product"}],"about":[{"href":"https:\/\/chilimag.hu\/webshop\/wp-json\/wp\/v2\/types\/product"}],"replies":[{"embeddable":true,"href":"https:\/\/chilimag.hu\/webshop\/wp-json\/wp\/v2\/comments?post=35473"}],"wp:featuredmedia":[{"embeddable":true,"href":"https:\/\/chilimag.hu\/webshop\/wp-json\/wp\/v2\/media\/35474"}],"wp:attachment":[{"href":"https:\/\/chilimag.hu\/webshop\/wp-json\/wp\/v2\/media?parent=35473"}],"wp:term":[{"taxonomy":"product_brand","embeddable":true,"href":"https:\/\/chilimag.hu\/webshop\/wp-json\/wp\/v2\/product_brand?post=35473"},{"taxonomy":"product_cat","embeddable":true,"href":"https:\/\/chilimag.hu\/webshop\/wp-json\/wp\/v2\/product_cat?post=35473"},{"taxonomy":"product_tag","embeddable":true,"href":"https:\/\/chilimag.hu\/webshop\/wp-json\/wp\/v2\/product_tag?post=35473"}],"curies":[{"name":"wp","href":"https:\/\/api.w.org\/{rel}","templated":true}]}}