{"id":3545,"date":"2017-01-11T11:32:42","date_gmt":"2017-01-11T11:32:42","guid":{"rendered":"https:\/\/chilimag.hu\/webshop\/?post_type=product&#038;p=3545"},"modified":"2026-01-23T18:10:30","modified_gmt":"2026-01-23T18:10:30","slug":"cote-d-zebra","status":"publish","type":"product","link":"https:\/\/chilimag.hu\/webshop\/termek\/cote-d-zebra\/","title":{"rendered":"Cote D&#8217; Zebra B Paradicsom"},"content":{"rendered":"","protected":false},"excerpt":{"rendered":"<div><img decoding=\"async\" src=\"https:\/\/chilimag.hu\/webshop\/wp-content\/uploads\/2014\/11\/chilimag-logo-2-150x150.jpg\" \/><\/div>\n<div><\/div>\n<div><\/div>\n<div>\n<p>Le\u00edr\u00e1s<\/p>\n<p>Tom Wagner (USA) leg\u00fajabb alkot\u00e1sa. A (&#8222;Sundrop&#8221; x &#8222;T\u00f6r\u00f6k turb\u00e1n) x &#8222;Z\u00f6ld Z\u00e9bra&#8221; keresztez\u0151d\u00e9s\u00e9b\u0151l.<\/p>\n<p>Gy\u00fcm\u00f6lcse z\u00f6ld zebr\u00e1ra eml\u00e9keztet, de teljesen \u00e9retten borosty\u00e1n sz\u00edn\u0171, narancss\u00e1rga h\u00fasa gy\u00fcm\u00f6lcs\u00f6sebb \u00edz\u0171.<\/p>\n<p>\u00cdze, sokak sz\u00e1m\u00e1ra jobb, mint a Green Zebra.<\/p>\n<p>K\u00f6zepes fejletts\u00e9g\u0171, z\u00f6m\u00f6k, nagyon vastag sz\u00e1r\u00fa n\u00f6v\u00e9ny, nagyon r\u00f6vid csom\u00f3k k\u00f6z\u00f6tt, b\u0151s\u00e9ges szab\u00e1lyos lombozat\u00fa, hat\u00e1rozatlan n\u00f6veked\u00e9s\u0171.<\/p>\n<p>J\u00f3 term\u00e9s, jobb a szezon m\u00e1sodik fel\u00e9ben.<\/p>\n<p>Gondoz\u00e1sa:A\u00a0paradicsomot, \u00fcvegh\u00e1zban vagy a szabadban termesztheti. Az optim\u00e1lis cs\u00edr\u00e1z\u00e1si h\u0151m\u00e9rs\u00e9klet 20 \u00e9s 25\u00b0C k\u00f6z\u00f6tt van, a cs\u00edr\u00e1z\u00e1s 8-14 nap ut\u00e1n k\u00f6vetkezik be. Felgyors\u00edthatja a cs\u00edr\u00e1z\u00e1si folyamatot, ha a magokat egy \u00e9jszak\u00e1n \u00e1t nedves ruh\u00e1ban hagyja \u00e1zni. V\u00e1rjon az utols\u00f3 fagy ut\u00e1n a kiv\u00e1lasztott n\u00f6v\u00e9nyek \u00fcltet\u00e9s\u00e9vel.<\/p>\n<p>A paradicsomnak friss, j\u00f3l tr\u00e1gy\u00e1zott, v\u00edz\u00e1tereszt\u0151 talajra van sz\u00fcks\u00e9ge, amelyet nedvesen (de nem nedvesen!) kell tartani. Napos, v\u00e9dett helyre \u00fcltess\u00fck, ahol legal\u00e1bb 6 \u00f3ra \u2013 lehet\u0151leg t\u00f6bb \u2013 napf\u00e9ny \u00e9ri.<\/p>\n<\/div>\n<div>A csomag 10 szem magot tartalmaz<\/div>\n","protected":false},"featured_media":3529,"comment_status":"closed","ping_status":"closed","template":"","meta":[],"product_brand":[],"product_cat":[10],"product_tag":[],"class_list":{"0":"post-3545","1":"product","2":"type-product","3":"status-publish","4":"has-post-thumbnail","6":"product_cat-paradicsom","8":"first","9":"instock","10":"taxable","11":"shipping-taxable","12":"purchasable","13":"product-type-simple"},"_links":{"self":[{"href":"https:\/\/chilimag.hu\/webshop\/wp-json\/wp\/v2\/product\/3545","targetHints":{"allow":["GET"]}}],"collection":[{"href":"https:\/\/chilimag.hu\/webshop\/wp-json\/wp\/v2\/product"}],"about":[{"href":"https:\/\/chilimag.hu\/webshop\/wp-json\/wp\/v2\/types\/product"}],"replies":[{"embeddable":true,"href":"https:\/\/chilimag.hu\/webshop\/wp-json\/wp\/v2\/comments?post=3545"}],"wp:featuredmedia":[{"embeddable":true,"href":"https:\/\/chilimag.hu\/webshop\/wp-json\/wp\/v2\/media\/3529"}],"wp:attachment":[{"href":"https:\/\/chilimag.hu\/webshop\/wp-json\/wp\/v2\/media?parent=3545"}],"wp:term":[{"taxonomy":"product_brand","embeddable":true,"href":"https:\/\/chilimag.hu\/webshop\/wp-json\/wp\/v2\/product_brand?post=3545"},{"taxonomy":"product_cat","embeddable":true,"href":"https:\/\/chilimag.hu\/webshop\/wp-json\/wp\/v2\/product_cat?post=3545"},{"taxonomy":"product_tag","embeddable":true,"href":"https:\/\/chilimag.hu\/webshop\/wp-json\/wp\/v2\/product_tag?post=3545"}],"curies":[{"name":"wp","href":"https:\/\/api.w.org\/{rel}","templated":true}]}}