{"id":35432,"date":"2025-02-08T07:12:29","date_gmt":"2025-02-08T07:12:29","guid":{"rendered":"https:\/\/chilimag.hu\/webshop\/?post_type=product&#038;p=35432"},"modified":"2025-02-14T17:13:19","modified_gmt":"2025-02-14T17:13:19","slug":"35432","status":"publish","type":"product","link":"https:\/\/chilimag.hu\/webshop\/termek\/35432\/","title":{"rendered":"Nelly Jelly Mini termeszt\u00e9si k\u00e9szlet GARDENLAND SL"},"content":{"rendered":"","protected":false},"excerpt":{"rendered":"<p>Le\u00edr\u00e1s<\/p>\n<p>Szeretne igazi kert\u00e9sz lenni, \u00e9s saj\u00e1t Sodolenda-ban (Gardenland) alkotni? Csatlakozz var\u00e1zslatos n\u00f6v\u00e9nyvil\u00e1gunkhoz, \u00e9s l\u00e9gy igazi kert\u00e9sz! Fedezze fel a kert\u00e9szked\u00e9s \u00f6r\u00f6m\u00e9t egy j\u00e1t\u00e9kos \u00e9s lebilincsel\u0151 folyamaton kereszt\u00fcl, amely kreativit\u00e1sra, felel\u0151ss\u00e9gv\u00e1llal\u00e1sra \u00e9s n\u00f6v\u00e9nyismeretre nevel. Csomagolja ki a Sodolendas \u00e9lm\u00e9nyt, \u00e9s tal\u00e1lja meg a var\u00e1zslatos magvakat gy\u00f6ny\u00f6r\u0171en form\u00e1zott cs\u00edkokban! \u00dcltesse el ezeket a var\u00e1zslatos magvakat a talajba, \u00e9s legyen szemtan\u00faja a mag\u00e1val ragad\u00f3 pillanatnak, amint lelkesen behatolnak a talajba, \u00e9s el\u00e9rik a t\u00e1pl\u00e1l\u00f3 napf\u00e9nyt. Val\u00f3ban var\u00e1zslatos! \u00c9s amikor elkezdenek z\u00f6ld\u00fclni \u00e9s vir\u00e1gozni, rajzold le \u00e9s sz\u00ednezd ki \u0151ket elragad\u00f3 kifest\u0151k\u00f6nyv\u00fcnkbe. V\u00e1gj bele ebbe az izgalmas kert\u00e9szeti kalandba!<br \/>\nA k\u00e9szlet tartalma: Magok k\u00fcl\u00f6nb\u00f6z\u0151 form\u00e1j\u00fa sz\u0151nyegeken 5 db (s\u00e1rgar\u00e9pa, sal\u00e1ta, k\u00f6r\u00f6mvir\u00e1g, b\u00fazavir\u00e1g, kerti kozmosz), pap\u00edrc\u00edmk\u00e9k 5 db, sz\u00ednes ceruz\u00e1k, kifest\u0151k\u00f6nyv.<\/p>\n<p>SODOLENDAS X NELLY JELLY m\u00e1rka<\/p>\n<p>&nbsp;<\/p>\n","protected":false},"featured_media":35433,"comment_status":"closed","ping_status":"closed","template":"","meta":[],"product_brand":[],"product_cat":[421],"product_tag":[],"class_list":{"0":"post-35432","1":"product","2":"type-product","3":"status-publish","4":"has-post-thumbnail","6":"product_cat-gyerek-kerteszet","8":"first","9":"instock","10":"taxable","11":"shipping-taxable","12":"purchasable","13":"product-type-simple"},"_links":{"self":[{"href":"https:\/\/chilimag.hu\/webshop\/wp-json\/wp\/v2\/product\/35432","targetHints":{"allow":["GET"]}}],"collection":[{"href":"https:\/\/chilimag.hu\/webshop\/wp-json\/wp\/v2\/product"}],"about":[{"href":"https:\/\/chilimag.hu\/webshop\/wp-json\/wp\/v2\/types\/product"}],"replies":[{"embeddable":true,"href":"https:\/\/chilimag.hu\/webshop\/wp-json\/wp\/v2\/comments?post=35432"}],"wp:featuredmedia":[{"embeddable":true,"href":"https:\/\/chilimag.hu\/webshop\/wp-json\/wp\/v2\/media\/35433"}],"wp:attachment":[{"href":"https:\/\/chilimag.hu\/webshop\/wp-json\/wp\/v2\/media?parent=35432"}],"wp:term":[{"taxonomy":"product_brand","embeddable":true,"href":"https:\/\/chilimag.hu\/webshop\/wp-json\/wp\/v2\/product_brand?post=35432"},{"taxonomy":"product_cat","embeddable":true,"href":"https:\/\/chilimag.hu\/webshop\/wp-json\/wp\/v2\/product_cat?post=35432"},{"taxonomy":"product_tag","embeddable":true,"href":"https:\/\/chilimag.hu\/webshop\/wp-json\/wp\/v2\/product_tag?post=35432"}],"curies":[{"name":"wp","href":"https:\/\/api.w.org\/{rel}","templated":true}]}}