{"id":35429,"date":"2025-02-08T07:03:23","date_gmt":"2025-02-08T07:03:23","guid":{"rendered":"https:\/\/chilimag.hu\/webshop\/?post_type=product&#038;p=35429"},"modified":"2025-02-14T17:13:35","modified_gmt":"2025-02-14T17:13:35","slug":"35429","status":"publish","type":"product","link":"https:\/\/chilimag.hu\/webshop\/termek\/35429\/","title":{"rendered":"Nelly Jelly Univerz\u00e1lis birka tr\u00e1gya 0,1 KG SL"},"content":{"rendered":"","protected":false},"excerpt":{"rendered":"<p>Le\u00edr\u00e1<\/p>\n<p>A m\u0171tr\u00e1gy\u00e1k olyanok, mint a n\u00f6v\u00e9nyek t\u00e1pl\u00e1l\u00e9ka. Ahogyan kiegyens\u00falyozott t\u00e1pl\u00e1lkoz\u00e1sra van sz\u00fcks\u00e9g\u00fcnk, a n\u00f6v\u00e9nyeknek is megfelel\u0151 m\u0171tr\u00e1gy\u00e1ra van sz\u00fcks\u00e9g\u00fck ahhoz, hogy eg\u00e9szs\u00e9gesek maradjanak, nagyobb term\u00e9st hozzanak, \u00e9s b\u0151s\u00e9ges vir\u00e1gokkal \u00f6rvendeztessenek meg benn\u00fcnket. Teh\u00e1t t\u00e1pl\u00e1ld \u0151ket!<\/p>\n<p>Tr\u00e1gy\u00e1z\u00f3szer &#8211; EGYETEMES SZERVES TR\u00c1GYA TART\u00d3S\u00cdT\u00d3 HAT\u00c1S\u00da, talajjav\u00edt\u00e1sra; k\u00fcl\u00f6nb\u00f6z\u0151 t\u00edpus\u00fa n\u00f6v\u00e9nyek t\u00e1pl\u00e1l\u00e1sa a k\u00fcl\u00f6nb\u00f6z\u0151 termeszt\u00e9si szakaszokban; k\u00fcl\u00f6nb\u00f6z\u0151 t\u00edpus\u00fa talajokhoz \u00e9s k\u00fcl\u00f6nb\u00f6z\u0151 m\u0171vel\u00e9si felt\u00e9telekhez alkalmas. Fiatal n\u00f6v\u00e9nyek, valamint cser\u00e9pben, magas\u00e1gy\u00e1sban, kont\u00e9nerben termesztett n\u00f6v\u00e9nyek tr\u00e1gy\u00e1z\u00e1s\u00e1ra is alkalmas. Az univerz\u00e1lis \u00e9s \u201egazdag\u201d formula biztos\u00edtja a n\u00f6v\u00e9nyek legfontosabb t\u00e1pl\u00e1lkoz\u00e1si sz\u00fcks\u00e9gleteinek kiel\u00e9g\u00edt\u00e9s\u00e9t, a humusztartalom meg\u0151rz\u00e9s\u00e9t vagy ak\u00e1r n\u00f6vel\u00e9s\u00e9t, a talaj mikrobiol\u00f3giai aktivit\u00e1s\u00e1nak serkent\u00e9s\u00e9t. A m\u0171tr\u00e1gyapellet nemcsak vizet tart meg (2\/3-szor abszorbe\u00e1l vizet, mint s\u00falya), hanem n\u00f6veli a talaj porozit\u00e1s\u00e1t, jav\u00edtja a talaj leveg\u0151ztet\u00e9s\u00e9t. A tr\u00e1gy\u00e1z\u00f3szer seg\u00edt a semleges savass\u00e1g vissza\u00e1ll\u00edt\u00e1s\u00e1ban. Savkedvel\u0151 n\u00f6v\u00e9nyek tr\u00e1gy\u00e1z\u00e1s\u00e1ra nem alkalmas. Pozit\u00edv k\u00e1ros hat\u00e1s \u2013 \u201edurvas\u00e1g\u00e1nak\u201d k\u00f6sz\u00f6nhet\u0151en a gyapj\u00fapellet elriasztja a puhatest\u0171eket \u00e9s a talajk\u00e1rtev\u0151ket. Haszn\u00e1latra vonatkoz\u00f3 aj\u00e1nl\u00e1sok. Helyi m\u0171tr\u00e1gy\u00e1z\u00e1s, a pelletet minimum 3-5 cm m\u00e9lyen a talajba kell juttatni, mivel a fels\u0151 talajban l\u00e9v\u0151 bakt\u00e9riumok aktiv\u00e1lj\u00e1k a pelletet. Ez a leboml\u00e1si folyamat ak\u00e1r 6 h\u00f3napig is eltart, \u00edgy a m\u0171tr\u00e1gyahaszn\u00e1lat gyakoris\u00e1ga szezononk\u00e9nt egy alkalomra cs\u00f6kken. A bokrok \u00e9s fiatal f\u00e1k k\u00f6r\u00fcl a korona sz\u00e9less\u00e9g\u00e9ben tr\u00e1gy\u00e1zzunk. Szezononk\u00e9nt 1-2 alkalommal tr\u00e1gy\u00e1zzunk. Els\u0151 alkalommal m\u0171tr\u00e1gy\u00e1zzon a f\u0151 talajm\u0171vel\u00e9si munk\u00e1k el\u0151tt; vet\u00e9s \u00e9s (vagy) \u00fcltet\u00e9s el\u0151tt; vet\u00e9s \u00e9s (vagy) \u00fcltet\u00e9s sor\u00e1n vagy a veget\u00e1ci\u00f3 kezdet\u00e9n. Legk\u00f6zelebb a n\u00f6v\u00e9nyek veget\u00e1ci\u00f3s ig\u00e9nyeinek, a tr\u00e1gy\u00e1z\u00e1si id\u0151nek \u00e9s a talaj t\u00e1panyagtartalm\u00e1nak megfelel\u0151en tr\u00e1gy\u00e1zzunk.<br \/>\n\u00c1tlagos alkalmaz\u00e1si ar\u00e1ny. Talaj \u00e9s (vagy) n\u00f6v\u00e9nyek: 100 g\/m2 vagy 10 g\/1 l talaj.<br \/>\nDeklar\u00e1lt tartalom. A term\u00e9k az 1069\/2009\/EK rendelet szerinti \u00e1llati mell\u00e9kterm\u00e9keket (3. kateg\u00f3ria) tartalmaz \u2013 szil\u00e1rd szerves tr\u00e1gy\u00e1k. A tr\u00e1gy\u00e1z\u00f3szer biogazd\u00e1lkod\u00e1sban haszn\u00e1lhat\u00f3. A term\u00e9sn\u00f6vel\u0151 term\u00e9k t\u00e1panyag-\u00f6sszet\u00e9tele n\u00e9mileg elt\u00e9rhet, mivel term\u00e9szetes term\u00e9k. Nyersanyag. 100% nyers b\u00e1r\u00e1nygyapj\u00fa. T\u00e1panyagok. \u00d6sszes nitrog\u00e9n (N) &#8211; 11,1% (amm\u00f3nia nitrog\u00e9n (N-NH4) &#8211; 0,3%, szerves nitrog\u00e9n (N szerves &#8211; 10,8%); foszfor-pentoxid (P2O5) &#8211; 0,3%; k\u00e1lium-oxid (K2O) &#8211; 5,5% magn\u00e9zium-oxid, kalcium-oxid 0 (MgO) \u2013 0,35% k\u00e9n-trioxid (B, Co, Mn, Zn) Sz\u00e1razanyag tartalom: 89.5%; 6 mm, hossza 10-40 mm.<br \/>\nFigyelem! Nem alkalmas 36 h\u00f3naposn\u00e1l fiatalabb gyermekek sz\u00e1m\u00e1ra. Csak 3 \u00e9vesn\u00e9l id\u0151sebb gyermekek sz\u00e1m\u00e1ra alkalmas. Feln\u0151tt fel\u00fcgyelete mellett haszn\u00e1lhat\u00f3. A m\u0171tr\u00e1gya nem jelent vesz\u00e9lyt az azt haszn\u00e1l\u00f3k vagy harmadik szem\u00e9lyek biztons\u00e1g\u00e1ra \u00e9s eg\u00e9szs\u00e9g\u00e9re, ha rendeltet\u00e9sszer\u0171en vagy rendeltet\u00e9sszer\u0171en, a gyermek norm\u00e1lis viselked\u00e9s\u00e9t figyelembe v\u00e9ve haszn\u00e1lj\u00e1k. A m\u0171tr\u00e1gy\u00e1k haszn\u00e1latakor az \u00e1ltal\u00e1nos higi\u00e9niai k\u00f6vetelm\u00e9nyek betart\u00e1sa javasolt. Haszn\u00e1lat ut\u00e1n alaposan mosson kezet szappannal.<br \/>\nS\u00faly (nett\u00f3): 100 g.<\/p>\n<p>SODOLENDAS X NELLY JELLY m\u00e1rka<br \/>\nM\u0171tr\u00e1gya t\u00edpusa Laza<br \/>\nM\u0171tr\u00e1gya szezonalit\u00e1s Tavaszi tr\u00e1gy\u00e1z\u00e1s, Ny\u00e1ri tr\u00e1gy\u00e1z\u00e1s<br \/>\nKiszerel\u00e9s 100 g<\/p>\n<p>&nbsp;<\/p>\n","protected":false},"featured_media":35430,"comment_status":"closed","ping_status":"closed","template":"","meta":[],"product_brand":[],"product_cat":[421],"product_tag":[],"class_list":{"0":"post-35429","1":"product","2":"type-product","3":"status-publish","4":"has-post-thumbnail","6":"product_cat-gyerek-kerteszet","8":"first","9":"instock","10":"taxable","11":"shipping-taxable","12":"purchasable","13":"product-type-simple"},"_links":{"self":[{"href":"https:\/\/chilimag.hu\/webshop\/wp-json\/wp\/v2\/product\/35429","targetHints":{"allow":["GET"]}}],"collection":[{"href":"https:\/\/chilimag.hu\/webshop\/wp-json\/wp\/v2\/product"}],"about":[{"href":"https:\/\/chilimag.hu\/webshop\/wp-json\/wp\/v2\/types\/product"}],"replies":[{"embeddable":true,"href":"https:\/\/chilimag.hu\/webshop\/wp-json\/wp\/v2\/comments?post=35429"}],"wp:featuredmedia":[{"embeddable":true,"href":"https:\/\/chilimag.hu\/webshop\/wp-json\/wp\/v2\/media\/35430"}],"wp:attachment":[{"href":"https:\/\/chilimag.hu\/webshop\/wp-json\/wp\/v2\/media?parent=35429"}],"wp:term":[{"taxonomy":"product_brand","embeddable":true,"href":"https:\/\/chilimag.hu\/webshop\/wp-json\/wp\/v2\/product_brand?post=35429"},{"taxonomy":"product_cat","embeddable":true,"href":"https:\/\/chilimag.hu\/webshop\/wp-json\/wp\/v2\/product_cat?post=35429"},{"taxonomy":"product_tag","embeddable":true,"href":"https:\/\/chilimag.hu\/webshop\/wp-json\/wp\/v2\/product_tag?post=35429"}],"curies":[{"name":"wp","href":"https:\/\/api.w.org\/{rel}","templated":true}]}}