{"id":35427,"date":"2025-02-08T06:58:50","date_gmt":"2025-02-08T06:58:50","guid":{"rendered":"https:\/\/chilimag.hu\/webshop\/?post_type=product&#038;p=35427"},"modified":"2026-04-22T21:06:00","modified_gmt":"2026-04-22T21:06:00","slug":"szerves-komposzt-perlittel-3-l-sl","status":"publish","type":"product","link":"https:\/\/chilimag.hu\/webshop\/termek\/szerves-komposzt-perlittel-3-l-sl\/","title":{"rendered":"Nelly Jelly Szerves komposzt perlittel 3 L SL"},"content":{"rendered":"","protected":false},"excerpt":{"rendered":"<p>Le\u00edr\u00e1s: Tudja, mi az a szerves komposzt? A magvak \u00e9s n\u00f6v\u00e9nyek sz\u00e1m\u00e1ra olyan, mint egy puha, var\u00e1zslatos takar\u00f3, amely nemcsak megsimogatja gy\u00f6kereiket, hanem t\u00e1pl\u00e1lja is. A biokomposzt a term\u00e9szet igazi aj\u00e1nd\u00e9ka! K\u00fcl\u00f6nf\u00e9le, a k\u00f6rnyezetben tal\u00e1lhat\u00f3 anyagokb\u00f3l k\u00e9sz\u00fcl, a n\u00f6v\u00e9nyi gy\u00f6kerekt\u0151l \u00e9s levelekt\u0151l az \u00e9lelmiszer-maradv\u00e1nyokig. Olyan m\u00e1gikus adal\u00e9kokat is tartalmaz, mint a perlit, h\u00edn\u00e1r \u00e9s m\u00e1s csod\u00e1k, amelyek el\u0151seg\u00edtik a n\u00f6v\u00e9nyek eg\u00e9szs\u00e9ges \u00e9s er\u0151s n\u00f6veked\u00e9s\u00e9t.<br \/>\nFelhaszn\u00e1l\u00e1si javaslatok: Z\u00f6lds\u00e9gek, vir\u00e1gok vagy m\u00e1s n\u00f6v\u00e9nyek vet\u00e9se vagy \u00fcltet\u00e9se el\u0151tt elengedhetetlen az aljzat leveg\u0151ztet\u00e9se \u00e9s nedves\u00edt\u00e9se. Z\u00f6lds\u00e9gek, vir\u00e1gok vagy m\u00e1s n\u00f6v\u00e9nyek magjainak vet\u00e9sekor t\u00f6ltse fel a pal\u00e1ntat\u00e1lc\u00e1t komposzttal, \u00e9s egyengesse be a magokat a vet\u0151mag csomagol\u00e1s\u00e1n javasolt m\u00f3don. Amikor z\u00f6lds\u00e9g- vagy vir\u00e1gpal\u00e1nt\u00e1kat cserepekbe, \u00fcvegh\u00e1zba vagy a szabadba \u00fcltet, t\u00f6ltse meg az ed\u00e9nyt vagy a lyukat komposzttal, \u00fcltess\u00fck el a pal\u00e1nt\u00e1t, \u00e9s b\u0151s\u00e9gesen \u00f6nt\u00f6zz\u00fck. Szoban\u00f6v\u00e9nyek \u00fcltet\u00e9sekor vagy \u00e1t\u00fcltet\u00e9sekor a cser\u00e9p alj\u00e1ra helyezz\u00fcnk 2-3 cm-es v\u00edzelvezet\u0151t, adjunk hozz\u00e1 komposztot, \u00fcltess\u00fck el a pal\u00e1nt\u00e1t, \u00e9s alaposan \u00f6nt\u00f6zz\u00fck meg.<br \/>\nTeny\u00e9szk\u00f6zeg<br \/>\nF.1.1.1.3 T\u0151zegterm\u00e9k szerves tr\u00e1gy\u00e1val<br \/>\nParam\u00e9terek: \u00f6sszes nitrog\u00e9n (N) \u2013 1,26%, P2O5 \u2013 0,43%, K2O \u2013 0,66%, sz\u00e1razanyag \u2013 73,7%, foszfor (P) \u2013 0,19%, k\u00e1lium (K) \u2013 0,54%, kalcium (Ca) \u2013 3,27%, magn\u00e9zium (C.1.org) \u2013 1%, szerves (pHKCl) \u2013 6,5-7, elektromos vezet\u0151k\u00e9pess\u00e9g (EC mS\/cm) \u2013 0,85, fizikai forma \u2013 laza, t\u00f6lt\u00e9si t\u00e9rfogat \u2013 3 liter, frakci\u00f3 \u2013 1-10 mm, szervesanyag-tartalom \u2013 48,1%.<br \/>\nSzennyez\u0151d\u00e9sek: nem tartalmaz szil\u00e1rd term\u00e9szetes szennyez\u0151d\u00e9seket (kavics stb.) 5 mm \u00e1tm\u00e9r\u0151ig, nem tartalmaz szil\u00e1rd term\u00e9szetellenes szennyez\u0151d\u00e9seket (m\u0171anyag, f\u00e9m stb.) 2 mm-es \u00e1tm\u00e9r\u0151t\u0151l, nem tartalmaz gyommagot, kadmium (Cd) \u2013 &lt; 0,6 mg\/kg, hat vegy\u00e9rt\u00e9k\u0171 kr\u00f3m (Cr VI) \u2013 &lt; 0,10 mg\/kg, \u20131 mercury mg\/kg. mg\/kg, nikkel (Ni) \u2013 &lt; 10,2 mg\/kg, \u00f3lom (Pb) \u2013 &lt; 9,58 mg\/kg, arz\u00e9n (As) \u2013 &lt; 1,48 mg\/kg, r\u00e9z (Cu) \u2013 &lt; 11,3 mg\/kg, cink (Zn) \u2013 &lt; 55,4 mg\/kg, Salmonella \u00e9s Eschemonella not colisppal. Enterococcaceae t\u00edpus\u00fa bakt\u00e9riumok &lt; 1000\/1 g<br \/>\n\u00d6sszet\u00e9tel: 60% mocs\u00e1ri t\u0151zeg, 30% z\u00f6ld komposzt, 10% perlit, m\u0171tr\u00e1gya 3 kg\/m\u00b3, h\u00edn\u00e1r 300 g\/m\u00b3, dolomit homok 6 kg\/m\u00b3<\/p>\n<p>SODOLENDAS X NELLY JELLY m\u00e1rka<br \/>\nUniverz\u00e1lis c\u00e9l<br \/>\nKiszerel\u00e9s 3 l<\/p>\n","protected":false},"featured_media":35428,"comment_status":"closed","ping_status":"closed","template":"","meta":[],"product_brand":[],"product_cat":[421,371],"product_tag":[],"class_list":{"0":"post-35427","1":"product","2":"type-product","3":"status-publish","4":"has-post-thumbnail","6":"product_cat-gyerek-kerteszet","7":"product_cat-seklos-lt-tozegek","9":"first","10":"instock","11":"taxable","12":"shipping-taxable","13":"purchasable","14":"product-type-simple"},"_links":{"self":[{"href":"https:\/\/chilimag.hu\/webshop\/wp-json\/wp\/v2\/product\/35427","targetHints":{"allow":["GET"]}}],"collection":[{"href":"https:\/\/chilimag.hu\/webshop\/wp-json\/wp\/v2\/product"}],"about":[{"href":"https:\/\/chilimag.hu\/webshop\/wp-json\/wp\/v2\/types\/product"}],"replies":[{"embeddable":true,"href":"https:\/\/chilimag.hu\/webshop\/wp-json\/wp\/v2\/comments?post=35427"}],"wp:featuredmedia":[{"embeddable":true,"href":"https:\/\/chilimag.hu\/webshop\/wp-json\/wp\/v2\/media\/35428"}],"wp:attachment":[{"href":"https:\/\/chilimag.hu\/webshop\/wp-json\/wp\/v2\/media?parent=35427"}],"wp:term":[{"taxonomy":"product_brand","embeddable":true,"href":"https:\/\/chilimag.hu\/webshop\/wp-json\/wp\/v2\/product_brand?post=35427"},{"taxonomy":"product_cat","embeddable":true,"href":"https:\/\/chilimag.hu\/webshop\/wp-json\/wp\/v2\/product_cat?post=35427"},{"taxonomy":"product_tag","embeddable":true,"href":"https:\/\/chilimag.hu\/webshop\/wp-json\/wp\/v2\/product_tag?post=35427"}],"curies":[{"name":"wp","href":"https:\/\/api.w.org\/{rel}","templated":true}]}}