{"id":35420,"date":"2025-02-07T18:34:17","date_gmt":"2025-02-07T18:34:17","guid":{"rendered":"https:\/\/chilimag.hu\/webshop\/?post_type=product&#038;p=35420"},"modified":"2025-09-07T17:41:24","modified_gmt":"2025-09-07T17:41:24","slug":"nedvessegtarto-pellet-30-gr-sl","status":"publish","type":"product","link":"https:\/\/chilimag.hu\/webshop\/termek\/nedvessegtarto-pellet-30-gr-sl\/","title":{"rendered":"V\u00edztart\u00f3 Krist\u00e1ly 30 gr SL"},"content":{"rendered":"","protected":false},"excerpt":{"rendered":"<p>Le\u00edr\u00e1s<\/p>\n<p>NEDVESS\u00c9GTART\u00d3 PELLET: szemcs\u00e9s nedvsz\u00edv\u00f3, felsz\u00edv\u00f3d\u00f3, felhalmoz\u00f3 \u00e9s a n\u00f6v\u00e9nyeket ig\u00e9ny szerint nedvess\u00e9ggel vagy oldott t\u00e1panyaggal l\u00e1tja el. Haszn\u00e1lata: v\u00edzzel vagy t\u00e1poldattal impregn\u00e1lt pellet (30 g \/ 5 liter v\u00edz, v\u00e1rja meg, am\u00edg teljesen megduzzad) \u00e9s talajjal keverve, \u00fcltetett n\u00f6v\u00e9nyek. Ut\u00e1na \u00f6nts\u00f6n vizet. Felhaszn\u00e1l\u00e1si mennyis\u00e9g: 1-3 g \/ 1 liter talaj (aljzat). \u00d6sszetev\u0151k: k\u00e1lium-poliakril\u00e1t, CAS-sz\u00e1m. 25608-12-2. \u00d3vint\u00e9zked\u00e9sre vonatkoz\u00f3 mondatok: Gyermekek el\u0151l elz\u00e1rva tartand\u00f3. Nedvess\u00e9gt\u0151l \u00e9s napf\u00e9nyt\u0151l v\u00e9deni kell. Haszn\u00e1lat ut\u00e1n alaposan mosson kezet szappannal \u00e9s v\u00edzzel. +5 \u00e9s +25\u00b0C k\u00f6z\u00f6tti h\u0151m\u00e9rs\u00e9kleten t\u00e1roland\u00f3. A helyi el\u0151\u00edr\u00e1soknak megfelel\u0151en dobja ki a tartalmat\/gyors\u00edt\u00f3t\u00e1rat. Fizikai v\u00e1ltoz\u00e1sok eset\u00e9n a term\u00e9k \u00f6sszetev\u0151inek t\u00e1pl\u00e1lkoz\u00e1si tulajdons\u00e1gai nem v\u00e1ltoznak. A term\u00e9ket sz\u00e1razon \u00e9s k\u00f6zvetlen napf\u00e9nyt\u0151l v\u00e9dve kell tartani, felhaszn\u00e1l\u00e1si ideje korl\u00e1tlan.<\/p>\n<p>BIOHUMUS &amp; SOIL m\u00e1rka<br \/>\nHozz\u00e1vet\u0151leges term\u00e9kteljes\u00edtm\u00e9ny 0,030 kg ~ 10 l aljzat (alapoz\u00f3)<br \/>\nC\u00e9l V\u00edzelnyel\u0151<br \/>\nKiszerel\u00e9s 30 g<\/p>\n<p>&nbsp;<\/p>\n","protected":false},"featured_media":35421,"comment_status":"closed","ping_status":"closed","template":"","meta":[],"product_brand":[],"product_cat":[466],"product_tag":[],"class_list":{"0":"post-35420","1":"product","2":"type-product","3":"status-publish","4":"has-post-thumbnail","6":"product_cat-talaj-javitok-es-takarok","8":"first","9":"instock","10":"taxable","11":"shipping-taxable","12":"purchasable","13":"product-type-simple"},"_links":{"self":[{"href":"https:\/\/chilimag.hu\/webshop\/wp-json\/wp\/v2\/product\/35420","targetHints":{"allow":["GET"]}}],"collection":[{"href":"https:\/\/chilimag.hu\/webshop\/wp-json\/wp\/v2\/product"}],"about":[{"href":"https:\/\/chilimag.hu\/webshop\/wp-json\/wp\/v2\/types\/product"}],"replies":[{"embeddable":true,"href":"https:\/\/chilimag.hu\/webshop\/wp-json\/wp\/v2\/comments?post=35420"}],"wp:featuredmedia":[{"embeddable":true,"href":"https:\/\/chilimag.hu\/webshop\/wp-json\/wp\/v2\/media\/35421"}],"wp:attachment":[{"href":"https:\/\/chilimag.hu\/webshop\/wp-json\/wp\/v2\/media?parent=35420"}],"wp:term":[{"taxonomy":"product_brand","embeddable":true,"href":"https:\/\/chilimag.hu\/webshop\/wp-json\/wp\/v2\/product_brand?post=35420"},{"taxonomy":"product_cat","embeddable":true,"href":"https:\/\/chilimag.hu\/webshop\/wp-json\/wp\/v2\/product_cat?post=35420"},{"taxonomy":"product_tag","embeddable":true,"href":"https:\/\/chilimag.hu\/webshop\/wp-json\/wp\/v2\/product_tag?post=35420"}],"curies":[{"name":"wp","href":"https:\/\/api.w.org\/{rel}","templated":true}]}}