{"id":3541,"date":"2017-01-11T11:29:25","date_gmt":"2017-01-11T11:29:25","guid":{"rendered":"https:\/\/chilimag.hu\/webshop\/?post_type=product&#038;p=3541"},"modified":"2025-08-11T12:22:00","modified_gmt":"2025-08-11T12:22:00","slug":"blue-streaks","status":"publish","type":"product","link":"https:\/\/chilimag.hu\/webshop\/termek\/blue-streaks\/","title":{"rendered":"Blue Streaks B Paradicsom"},"content":{"rendered":"","protected":false},"excerpt":{"rendered":"<div><img decoding=\"async\" src=\"https:\/\/chilimag.hu\/webshop\/wp-content\/uploads\/2014\/11\/chilimag-logo-2-150x150.jpg\" \/><\/div>\n<div><\/div>\n<div><\/div>\n<div>Le\u00edr\u00e1s<\/div>\n<div>Ez a fajta v\u00f6r\u00f6s cs\u00edkos gy\u00fcm\u00f6lcs\u00f6ket k\u00edn\u00e1l, amelyek a napon indig\u00f3v\u00e1 v\u00e1ltoznak, k\u00f6sz\u00f6nhet\u0151en az antocianinoknak, er\u0151s antioxid\u00e1nsoknak. \u00cdz\u00fcket nagyra \u00e9rt\u00e9kelik.A leg\u00fajabb fajta, amelyet Tom Wagner (Everett, USA) fejlesztett ki, szerepel a 2013-as Seed Savers Yearbookban.<\/p>\n<p>A 60-150 grammos, intenz\u00edv \u00e9s m\u00e9lyk\u00e9k apr\u00f3 gy\u00fcm\u00f6lcs, piros cs\u00edkokkal, mint az \u00f6sszes indig\u00f3fajta, min\u00e9l jobban ki van t\u00e9ve a napnak, ann\u00e1l jobban l\u00e1that\u00f3k az antoci\u00e1n nyomai.<\/p>\n<p>Gondoz\u00e1sa:Paradicsomot termeszthet, \u00fcvegh\u00e1zban vagy a szabadban. Az optim\u00e1lis cs\u00edr\u00e1z\u00e1si h\u0151m\u00e9rs\u00e9klet 20 \u00e9s 25\u00b0C k\u00f6z\u00f6tt van, a cs\u00edr\u00e1z\u00e1s 8-14 nap ut\u00e1n k\u00f6vetkezik be. Felgyors\u00edthatja a cs\u00edr\u00e1z\u00e1si folyamatot, ha a magokat egy \u00e9jszak\u00e1n \u00e1t nedves ruh\u00e1ban hagyja \u00e1zni. V\u00e1rjon az utols\u00f3 fagy ut\u00e1n a kiv\u00e1lasztott n\u00f6v\u00e9nyek \u00fcltet\u00e9s\u00e9vel.<\/p>\n<p>A paradicsomnak friss, j\u00f3l tr\u00e1gy\u00e1zott, v\u00edz\u00e1tereszt\u0151 talajra van sz\u00fcks\u00e9ge, amelyet nedvesen (de nem nedvesen!) kell tartani. Napos, v\u00e9dett, legal\u00e1bb 6 \u00f3r\u00e1s napf\u00e9nyes helyre \u00fcltess\u00fck \u2013 ink\u00e1bb<\/p>\n<\/div>\n<div><\/div>\n<div>A csomag 10 szem magot tartalmaz<\/div>\n","protected":false},"featured_media":3521,"comment_status":"closed","ping_status":"closed","template":"","meta":[],"product_brand":[],"product_cat":[10],"product_tag":[],"class_list":{"0":"post-3541","1":"product","2":"type-product","3":"status-publish","4":"has-post-thumbnail","6":"product_cat-paradicsom","8":"first","9":"instock","10":"taxable","11":"shipping-taxable","12":"purchasable","13":"product-type-simple"},"_links":{"self":[{"href":"https:\/\/chilimag.hu\/webshop\/wp-json\/wp\/v2\/product\/3541","targetHints":{"allow":["GET"]}}],"collection":[{"href":"https:\/\/chilimag.hu\/webshop\/wp-json\/wp\/v2\/product"}],"about":[{"href":"https:\/\/chilimag.hu\/webshop\/wp-json\/wp\/v2\/types\/product"}],"replies":[{"embeddable":true,"href":"https:\/\/chilimag.hu\/webshop\/wp-json\/wp\/v2\/comments?post=3541"}],"wp:featuredmedia":[{"embeddable":true,"href":"https:\/\/chilimag.hu\/webshop\/wp-json\/wp\/v2\/media\/3521"}],"wp:attachment":[{"href":"https:\/\/chilimag.hu\/webshop\/wp-json\/wp\/v2\/media?parent=3541"}],"wp:term":[{"taxonomy":"product_brand","embeddable":true,"href":"https:\/\/chilimag.hu\/webshop\/wp-json\/wp\/v2\/product_brand?post=3541"},{"taxonomy":"product_cat","embeddable":true,"href":"https:\/\/chilimag.hu\/webshop\/wp-json\/wp\/v2\/product_cat?post=3541"},{"taxonomy":"product_tag","embeddable":true,"href":"https:\/\/chilimag.hu\/webshop\/wp-json\/wp\/v2\/product_tag?post=3541"}],"curies":[{"name":"wp","href":"https:\/\/api.w.org\/{rel}","templated":true}]}}