{"id":35367,"date":"2025-02-05T18:05:17","date_gmt":"2025-02-05T18:05:17","guid":{"rendered":"https:\/\/chilimag.hu\/webshop\/?post_type=product&#038;p=35367"},"modified":"2025-02-05T18:05:17","modified_gmt":"2025-02-05T18:05:17","slug":"teaskanna-melegito-cb11","status":"publish","type":"product","link":"https:\/\/chilimag.hu\/webshop\/termek\/teaskanna-melegito-cb11\/","title":{"rendered":"Te\u00e1skanna meleg\u00edt\u0151 CB11"},"content":{"rendered":"","protected":false},"excerpt":{"rendered":"<p>R\u00e1csos \u00f6nt\u00f6ttvas te\u00e1s kancs\u00f3 meleg\u00edt\u0151, alul k\u00e9t team\u00e9cses tart\u00f3val \u00e9s k\u00e9t fog\u00f3val. Kiv\u00e1l\u00f3an alkalmas k\u00e1v\u00e9 \u00e9s tea melegen tart\u00e1s\u00e1ra.<br \/>\nM\u00e9retei magass\u00e1ga 9 cm, sz\u00e9less\u00e9ge 31 cm, m\u00e9lys\u00e9ge 13 cm,<\/p>\n","protected":false},"featured_media":35368,"comment_status":"closed","ping_status":"closed","template":"","meta":[],"product_brand":[],"product_cat":[342],"product_tag":[],"class_list":{"0":"post-35367","1":"product","2":"type-product","3":"status-publish","4":"has-post-thumbnail","6":"product_cat-egyeb-kerti-termekek","8":"first","9":"instock","10":"taxable","11":"shipping-taxable","12":"purchasable","13":"product-type-simple"},"_links":{"self":[{"href":"https:\/\/chilimag.hu\/webshop\/wp-json\/wp\/v2\/product\/35367","targetHints":{"allow":["GET"]}}],"collection":[{"href":"https:\/\/chilimag.hu\/webshop\/wp-json\/wp\/v2\/product"}],"about":[{"href":"https:\/\/chilimag.hu\/webshop\/wp-json\/wp\/v2\/types\/product"}],"replies":[{"embeddable":true,"href":"https:\/\/chilimag.hu\/webshop\/wp-json\/wp\/v2\/comments?post=35367"}],"wp:featuredmedia":[{"embeddable":true,"href":"https:\/\/chilimag.hu\/webshop\/wp-json\/wp\/v2\/media\/35368"}],"wp:attachment":[{"href":"https:\/\/chilimag.hu\/webshop\/wp-json\/wp\/v2\/media?parent=35367"}],"wp:term":[{"taxonomy":"product_brand","embeddable":true,"href":"https:\/\/chilimag.hu\/webshop\/wp-json\/wp\/v2\/product_brand?post=35367"},{"taxonomy":"product_cat","embeddable":true,"href":"https:\/\/chilimag.hu\/webshop\/wp-json\/wp\/v2\/product_cat?post=35367"},{"taxonomy":"product_tag","embeddable":true,"href":"https:\/\/chilimag.hu\/webshop\/wp-json\/wp\/v2\/product_tag?post=35367"}],"curies":[{"name":"wp","href":"https:\/\/api.w.org\/{rel}","templated":true}]}}