{"id":353,"date":"2014-11-10T09:26:20","date_gmt":"2014-11-10T09:26:20","guid":{"rendered":"https:\/\/chilimag.hu\/webshop\/?post_type=product&#038;p=353"},"modified":"2026-02-05T07:20:12","modified_gmt":"2026-02-05T07:20:12","slug":"trinidad-scorpion-moruga-red","status":"publish","type":"product","link":"https:\/\/chilimag.hu\/webshop\/termek\/trinidad-scorpion-moruga-red\/","title":{"rendered":"Trinidad Scorpion Moruga Red"},"content":{"rendered":"","protected":false},"excerpt":{"rendered":"<div id=\"productDescription\" class=\"content\">\n<p><img decoding=\"async\" src=\"https:\/\/chilimag.hu\/webshop\/wp-content\/uploads\/2014\/11\/chilimag-logo-2-150x150.jpg\" \/><\/p>\n<p>&nbsp;<\/p>\n<p>Le\u00edr\u00e1s<\/p>\n<p>2012-ben a Trinidad Scorpion Moruga elnyerte a vil\u00e1g legcs\u00edp\u0151sebb chilije c\u00edmet. Trinidad \u00e9s Tobagon termesztett\u00e9k, egy szigetorsz\u00e1gban Venezuela partjain\u00e1l. Az \u00daj-Mexik\u00f3i \u00c1llami Egyetem Chile Pepper Institute m\u00e9r\u00e9sei \u00e1tlagosan 1 207 764 Scoville h\u0151egys\u00e9get adtak, 2 milli\u00f3 SHU feletti cs\u00facs\u00e9rt\u00e9kkel, ami az els\u0151 alkalom, hogy egy chili n\u00f6v\u00e9ny el\u00e9rte a 2 milli\u00f3 SHU-t meghalad\u00f3 \u00e9rt\u00e9ket.<\/p>\n<p>A Trinidad Scorpion Moruga chili paprika z\u00f6ldb\u0151l narancss\u00e1rg\u00e1ra, majd pirosra \u00e9rik, cs\u00edp\u0151s, de nagyon gy\u00fcm\u00f6lcs\u00f6s \u00edz\u0171. A k\u00e9pen egy \u00e9retlen moruga chili l\u00e1that\u00f3 narancss\u00e1rga \u00e1llapot\u00e1ban. A Trinidad Scorpion Red \u00e9s a Butch T fajt\u00e1kkal ellent\u00e9tben ezek a chilipaprik\u00e1k nem fejlesztenek ilyen kifejezetten hegyes t\u00fcsk\u00e9t, azonban az egyenetlen fel\u00fclet a bhut jolokia chilit id\u00e9zi.<\/p>\n<p>Gondoz\u00e1sa: A cs\u00edr\u00e1z\u00e1si h\u0151m\u00e9rs\u00e9klet 24\u00b0C \u00e9s 30\u00b0C k\u00f6z\u00f6tt van (cs\u00edr\u00e1z\u00e1si id\u0151: 10-20 nap); ez\u00e9rt \u00fcvegh\u00e1z \u00e9s f\u0171t\u0151sz\u0151nyeg haszn\u00e1lata javasolt. A n\u00f6v\u00e9nyeknek friss, j\u00f3l tr\u00e1gy\u00e1zott, v\u00edz\u00e1tereszt\u0151 talajra van sz\u00fcks\u00e9g\u00fck, nem t\u0171rik a bevizesed\u00e9st. Napos, v\u00e9dett helyre kell \u00fcltetni, ahol legal\u00e1bb 6 \u00f3ra napf\u00e9ny \u2013 lehet\u0151leg t\u00f6bb. Mivel a n\u00f6v\u00e9nyeknek k\u00fcl\u00f6n\u00f6sen hossz\u00fa az \u00e9r\u00e9si ideje, \u00e9rdemes cser\u00e9pben termeszteni \u0151ket, \u00edgy a napk\u00f6zbeni h\u0151m\u00e9rs\u00e9klet 12\u00b0C al\u00e1 s\u00fcllyed\u00e9sekor k\u00f6nnyen be lehet vinni a n\u00f6v\u00e9nyt, \u00edgy minden gy\u00fcm\u00f6lcs be\u00e9rik. Ahhoz, hogy a n\u00f6v\u00e9nyt t\u00e9len is meg\u0151rizze, betakar\u00edt\u00e1s ut\u00e1n v\u00e1gja vissza 20 cm-rel, \u00e9s tegye vil\u00e1gos helyre, ahol legal\u00e1bb 15\u00b0C h\u0151m\u00e9rs\u00e9klet\u0171.<\/p>\n<p>T\u00edpus: Capsicum chinense<br \/>\nF\u0171szerszint 10+++<br \/>\nScoville \u00e1tlag 1 207 764 SHU, legfeljebb 2 milli\u00f3 SHU<br \/>\nOptim\u00e1lis cs\u00edr\u00e1z\u00e1si h\u0151m\u00e9rs\u00e9klet 24 &#8211; 30 \u00b0C<br \/>\nVet\u00e9s dec &#8211; \u00e1pr<br \/>\nFeh\u00e9r vir\u00e1gok (j\u00fan.-auguszt.)<br \/>\nN\u00f6veked\u00e9si szok\u00e1sa Bokros, 75-90 cm magas<br \/>\n\u00c9rlel\u00e9s Z\u00f6ldt\u0151l narancson \u00e1t pirosig<br \/>\nGy\u00fcm\u00f6lcs megjelen\u00e9se L\u00e1mp\u00e1s alak\u00fa, egyenetlen fel\u00fclet\u0171, kb. 4 x 4 cm<br \/>\n\u00c9rlel\u00e9si id\u0151 90-110 nap<br \/>\nSz\u00e1rmaz\u00e1sa karib t\u00e9rs\u00e9g<\/p>\n<p>A csomag 10 szem \u00a0magot tartalmaz<\/p>\n<\/div>\n","protected":false},"featured_media":354,"comment_status":"open","ping_status":"closed","template":"","meta":[],"product_brand":[],"product_cat":[8],"product_tag":[],"class_list":{"0":"post-353","1":"product","2":"type-product","3":"status-publish","4":"has-post-thumbnail","6":"product_cat-paprika","8":"first","9":"instock","10":"taxable","11":"shipping-taxable","12":"purchasable","13":"product-type-simple"},"_links":{"self":[{"href":"https:\/\/chilimag.hu\/webshop\/wp-json\/wp\/v2\/product\/353","targetHints":{"allow":["GET"]}}],"collection":[{"href":"https:\/\/chilimag.hu\/webshop\/wp-json\/wp\/v2\/product"}],"about":[{"href":"https:\/\/chilimag.hu\/webshop\/wp-json\/wp\/v2\/types\/product"}],"replies":[{"embeddable":true,"href":"https:\/\/chilimag.hu\/webshop\/wp-json\/wp\/v2\/comments?post=353"}],"wp:featuredmedia":[{"embeddable":true,"href":"https:\/\/chilimag.hu\/webshop\/wp-json\/wp\/v2\/media\/354"}],"wp:attachment":[{"href":"https:\/\/chilimag.hu\/webshop\/wp-json\/wp\/v2\/media?parent=353"}],"wp:term":[{"taxonomy":"product_brand","embeddable":true,"href":"https:\/\/chilimag.hu\/webshop\/wp-json\/wp\/v2\/product_brand?post=353"},{"taxonomy":"product_cat","embeddable":true,"href":"https:\/\/chilimag.hu\/webshop\/wp-json\/wp\/v2\/product_cat?post=353"},{"taxonomy":"product_tag","embeddable":true,"href":"https:\/\/chilimag.hu\/webshop\/wp-json\/wp\/v2\/product_tag?post=353"}],"curies":[{"name":"wp","href":"https:\/\/api.w.org\/{rel}","templated":true}]}}